{"id":4141,"date":"2025-05-27T17:25:36","date_gmt":"2025-05-27T17:25:36","guid":{"rendered":"https:\/\/olita-treks.com\/?page_id=4141"},"modified":"2025-05-27T17:40:09","modified_gmt":"2025-05-27T17:40:09","slug":"cookies","status":"publish","type":"page","link":"https:\/\/olita-treks.com\/fr\/cookies\/","title":{"rendered":"Cookies"},"content":{"rendered":"<h3 data-start=\"3880\" data-end=\"3908\">Politique de Cookies<\/h3>\n<h4 data-start=\"3910\" data-end=\"3934\">Que sont les cookies<\/h4>\n<p data-start=\"3936\" data-end=\"4453\">Comme c\u2019est une pratique courante sur presque tous les sites web professionnels, ce site utilise des cookies, qui sont de petits fichiers t\u00e9l\u00e9charg\u00e9s sur votre ordinateur, pour am\u00e9liorer votre exp\u00e9rience. Cette page d\u00e9crit les informations qu\u2019ils collectent, comment nous les utilisons et pourquoi nous devons parfois stocker ces cookies. Nous vous expliquerons \u00e9galement comment vous pouvez emp\u00eacher ces cookies d\u2019\u00eatre stock\u00e9s, bien que cela puisse d\u00e9grader ou \u00ab\u00a0casser\u00a0\u00bb certains \u00e9l\u00e9ments des fonctionnalit\u00e9s du site.<\/p>\n<p data-start=\"4455\" data-end=\"4613\">Pour plus d&rsquo;informations g\u00e9n\u00e9rales sur les cookies, consultez l\u2019article Wikip\u00e9dia sur les <a class=\"\" href=\"https:\/\/fr.wikipedia.org\/wiki\/Cookie_(informatique)\" target=\"_new\" rel=\"noopener\" data-start=\"4545\" data-end=\"4612\">Cookies HTTP<\/a>.<\/p>\n<h4 data-start=\"4615\" data-end=\"4653\">Comment nous utilisons les cookies<\/h4>\n<p data-start=\"4655\" data-end=\"5120\">Nous utilisons les cookies pour diverses raisons d\u00e9taill\u00e9es ci-dessous. Malheureusement, dans la plupart des cas, il n\u2019existe pas d\u2019options standards permettant de d\u00e9sactiver les cookies sans d\u00e9sactiver compl\u00e8tement les fonctionnalit\u00e9s et caract\u00e9ristiques qu\u2019ils apportent \u00e0 ce site. Il est recommand\u00e9 de laisser tous les cookies activ\u00e9s si vous n\u2019\u00eates pas certain d\u2019en avoir besoin ou non, au cas o\u00f9 ils seraient utilis\u00e9s pour fournir un service que vous utilisez.<\/p>\n<h4 data-start=\"5122\" data-end=\"5151\">D\u00e9sactivation des cookies<\/h4>\n<p data-start=\"5153\" data-end=\"5618\">Vous pouvez emp\u00eacher l\u2019installation de cookies en modifiant les param\u00e8tres de votre navigateur (voir l\u2019aide de votre navigateur pour savoir comment faire). Sachez que la d\u00e9sactivation des cookies affectera la fonctionnalit\u00e9 de ce site ainsi que celle de nombreux autres sites que vous visitez. La d\u00e9sactivation des cookies entra\u00eene g\u00e9n\u00e9ralement aussi la d\u00e9sactivation de certaines fonctionnalit\u00e9s de ce site. Il est donc recommand\u00e9 de ne pas d\u00e9sactiver les cookies.<\/p>\n<h4 data-start=\"5620\" data-end=\"5654\">Les cookies que nous utilisons<\/h4>\n<p data-start=\"5656\" data-end=\"5931\">Ce site propose des services d\u2019abonnement \u00e0 une newsletter ou \u00e0 des courriels, et des cookies peuvent \u00eatre utilis\u00e9s pour se souvenir si vous \u00eates d\u00e9j\u00e0 inscrit et s\u2019il faut afficher certaines notifications, qui pourraient \u00eatre r\u00e9serv\u00e9es aux utilisateurs abonn\u00e9s ou d\u00e9sabonn\u00e9s.<\/p>\n<p data-start=\"5933\" data-end=\"6186\">Lorsque vous soumettez des donn\u00e9es via un formulaire, comme ceux que l\u2019on trouve sur les pages de contact ou les formulaires de commentaires, des cookies peuvent \u00eatre utilis\u00e9s pour m\u00e9moriser vos informations utilisateur pour les correspondances futures.<\/p>\n<h4 data-start=\"6188\" data-end=\"6205\">Cookies tiers<\/h4>\n<p data-start=\"6207\" data-end=\"6398\">Dans certains cas particuliers, nous utilisons \u00e9galement des cookies fournis par des tiers de confiance. La section suivante d\u00e9taille quels cookies tiers vous pourriez rencontrer via ce site.<\/p>\n<p data-start=\"6400\" data-end=\"6794\">Ce site utilise Google Analytics, l\u2019une des solutions d\u2019analyse les plus r\u00e9pandues et fiables du web, qui nous aide \u00e0 comprendre comment vous utilisez le site et comment nous pouvons am\u00e9liorer votre exp\u00e9rience. Ces cookies peuvent suivre des \u00e9l\u00e9ments tels que le temps que vous passez sur le site et les pages que vous visitez, afin que nous puissions continuer \u00e0 produire du contenu pertinent.<\/p>\n<p data-start=\"6796\" data-end=\"6907\">Pour plus d\u2019informations sur les cookies de Google Analytics, consultez la page officielle de Google Analytics.<\/p>\n<p data-start=\"6909\" data-end=\"7401\">Nous utilisons \u00e9galement des boutons de r\u00e9seaux sociaux et\/ou des plugins sur ce site qui vous permettent de vous connecter avec vos r\u00e9seaux sociaux de diff\u00e9rentes mani\u00e8res. Pour que ceux-ci fonctionnent, les r\u00e9seaux sociaux suivants, dont Facebook, Instagram et Twitter, placeront des cookies via notre site, qui peuvent \u00eatre utilis\u00e9s pour enrichir votre profil sur leurs sites ou contribuer aux donn\u00e9es qu\u2019ils d\u00e9tiennent, comme sp\u00e9cifi\u00e9 dans leurs politiques de confidentialit\u00e9 respectives.<\/p>\n<h4 data-start=\"7403\" data-end=\"7426\">Plus d&rsquo;informations<\/h4>\n<p data-start=\"7428\" data-end=\"7819\">Nous esp\u00e9rons que cela vous aura permis d\u2019y voir plus clair. Comme mentionn\u00e9 pr\u00e9c\u00e9demment, si vous avez un doute, il est g\u00e9n\u00e9ralement plus s\u00fbr de laisser les cookies activ\u00e9s au cas o\u00f9 ils interagiraient avec une des fonctionnalit\u00e9s que vous utilisez sur notre site. Si toutefois vous cherchez encore plus d&rsquo;informations, vous pouvez nous contacter via l\u2019un de nos moyens de contact pr\u00e9f\u00e9r\u00e9s.<\/p>\n<p data-start=\"7821\" data-end=\"7854\"><strong data-start=\"7821\" data-end=\"7833\">E-mail :<\/strong> <a class=\"cursor-pointer\" rel=\"noopener\" data-start=\"7834\" data-end=\"7854\">info@olita-treks.com<\/a><\/p>\n","protected":false},"excerpt":{"rendered":"<p>Politique de Cookies Que sont les cookies Comme c\u2019est une pratique courante sur presque tous les sites web professionnels, ce site utilise des cookies, qui sont de petits fichiers t\u00e9l\u00e9charg\u00e9s sur votre ordinateur, pour am\u00e9liorer votre exp\u00e9rience. Cette page d\u00e9crit les informations qu\u2019ils collectent, comment nous les utilisons et pourquoi nous devons parfois stocker ces<\/p>\n","protected":false},"author":2,"featured_media":0,"parent":0,"menu_order":0,"comment_status":"closed","ping_status":"closed","template":"","meta":{"footnotes":""},"class_list":["post-4141","page","type-page","status-publish","hentry"],"yoast_head":"<!-- This site is optimized with the Yoast SEO plugin v27.4 - https:\/\/yoast.com\/product\/yoast-seo-wordpress\/ -->\n<title>Cookies - Olita Trek &amp; Bike - Lanzarote Excursions<\/title>\n<meta name=\"description\" content=\"Politique des Cookies du site web de Olita Trek &amp; Bike, agence de voyage et randonn\u00e9e \u00e0 Lanzarote, \u00celes Canaries.\" \/>\n<meta name=\"robots\" content=\"index, follow, max-snippet:-1, max-image-preview:large, max-video-preview:-1\" \/>\n<link rel=\"canonical\" href=\"https:\/\/olita-treks.com\/fr\/cookies\/\" \/>\n<meta property=\"og:locale\" content=\"fr_FR\" \/>\n<meta property=\"og:type\" content=\"article\" \/>\n<meta property=\"og:title\" content=\"Cookies - Olita Trek &amp; Bike - Lanzarote Excursions\" \/>\n<meta property=\"og:description\" content=\"Politique des Cookies du site web de Olita Trek &amp; Bike, agence de voyage et randonn\u00e9e \u00e0 Lanzarote, \u00celes Canaries.\" \/>\n<meta property=\"og:url\" content=\"https:\/\/olita-treks.com\/fr\/cookies\/\" \/>\n<meta property=\"og:site_name\" content=\"Olita Trek &amp; Bike - Lanzarote Excursions\" \/>\n<meta property=\"article:publisher\" content=\"https:\/\/www.facebook.com\/olitalanzarote\" \/>\n<meta property=\"article:modified_time\" content=\"2025-05-27T17:40:09+00:00\" \/>\n<meta name=\"twitter:card\" content=\"summary_large_image\" \/>\n<meta name=\"twitter:label1\" content=\"Dur\u00e9e de lecture estim\u00e9e\" \/>\n\t<meta name=\"twitter:data1\" content=\"3 minutes\" \/>\n<script type=\"application\/ld+json\" class=\"yoast-schema-graph\">{\"@context\":\"https:\\\/\\\/schema.org\",\"@graph\":[{\"@type\":\"WebPage\",\"@id\":\"https:\\\/\\\/olita-treks.com\\\/fr\\\/cookies\\\/\",\"url\":\"https:\\\/\\\/olita-treks.com\\\/fr\\\/cookies\\\/\",\"name\":\"Cookies - Olita Trek &amp; Bike - Lanzarote Excursions\",\"isPartOf\":{\"@id\":\"http:\\\/\\\/olita-treks.com\\\/#website\"},\"datePublished\":\"2025-05-27T17:25:36+00:00\",\"dateModified\":\"2025-05-27T17:40:09+00:00\",\"description\":\"Politique des Cookies du site web de Olita Trek & Bike, agence de voyage et randonn\u00e9e \u00e0 Lanzarote, \u00celes Canaries.\",\"breadcrumb\":{\"@id\":\"https:\\\/\\\/olita-treks.com\\\/fr\\\/cookies\\\/#breadcrumb\"},\"inLanguage\":\"fr-FR\",\"potentialAction\":[{\"@type\":\"ReadAction\",\"target\":[\"https:\\\/\\\/olita-treks.com\\\/fr\\\/cookies\\\/\"]}]},{\"@type\":\"BreadcrumbList\",\"@id\":\"https:\\\/\\\/olita-treks.com\\\/fr\\\/cookies\\\/#breadcrumb\",\"itemListElement\":[{\"@type\":\"ListItem\",\"position\":1,\"name\":\"Home\",\"item\":\"https:\\\/\\\/olita-treks.com\\\/fr\\\/\"},{\"@type\":\"ListItem\",\"position\":2,\"name\":\"Cookies\"}]},{\"@type\":\"WebSite\",\"@id\":\"http:\\\/\\\/olita-treks.com\\\/#website\",\"url\":\"http:\\\/\\\/olita-treks.com\\\/\",\"name\":\"Olita Trek &amp; Bike - Lanzarote Excursions\",\"description\":\"Olita Trek &amp; Bike offers guided walks and Mountain Bike Tours on Lanzarote, the most surprising of the Canary Islands.\",\"potentialAction\":[{\"@type\":\"SearchAction\",\"target\":{\"@type\":\"EntryPoint\",\"urlTemplate\":\"http:\\\/\\\/olita-treks.com\\\/?s={search_term_string}\"},\"query-input\":{\"@type\":\"PropertyValueSpecification\",\"valueRequired\":true,\"valueName\":\"search_term_string\"}}],\"inLanguage\":\"fr-FR\"}]}<\/script>\n<!-- \/ Yoast SEO plugin. -->","yoast_head_json":{"title":"Cookies - Olita Trek &amp; Bike - Lanzarote Excursions","description":"Politique des Cookies du site web de Olita Trek & Bike, agence de voyage et randonn\u00e9e \u00e0 Lanzarote, \u00celes Canaries.","robots":{"index":"index","follow":"follow","max-snippet":"max-snippet:-1","max-image-preview":"max-image-preview:large","max-video-preview":"max-video-preview:-1"},"canonical":"https:\/\/olita-treks.com\/fr\/cookies\/","og_locale":"fr_FR","og_type":"article","og_title":"Cookies - Olita Trek &amp; Bike - Lanzarote Excursions","og_description":"Politique des Cookies du site web de Olita Trek & Bike, agence de voyage et randonn\u00e9e \u00e0 Lanzarote, \u00celes Canaries.","og_url":"https:\/\/olita-treks.com\/fr\/cookies\/","og_site_name":"Olita Trek &amp; Bike - Lanzarote Excursions","article_publisher":"https:\/\/www.facebook.com\/olitalanzarote","article_modified_time":"2025-05-27T17:40:09+00:00","twitter_card":"summary_large_image","twitter_misc":{"Dur\u00e9e de lecture estim\u00e9e":"3 minutes"},"schema":{"@context":"https:\/\/schema.org","@graph":[{"@type":"WebPage","@id":"https:\/\/olita-treks.com\/fr\/cookies\/","url":"https:\/\/olita-treks.com\/fr\/cookies\/","name":"Cookies - Olita Trek &amp; Bike - Lanzarote Excursions","isPartOf":{"@id":"http:\/\/olita-treks.com\/#website"},"datePublished":"2025-05-27T17:25:36+00:00","dateModified":"2025-05-27T17:40:09+00:00","description":"Politique des Cookies du site web de Olita Trek & Bike, agence de voyage et randonn\u00e9e \u00e0 Lanzarote, \u00celes Canaries.","breadcrumb":{"@id":"https:\/\/olita-treks.com\/fr\/cookies\/#breadcrumb"},"inLanguage":"fr-FR","potentialAction":[{"@type":"ReadAction","target":["https:\/\/olita-treks.com\/fr\/cookies\/"]}]},{"@type":"BreadcrumbList","@id":"https:\/\/olita-treks.com\/fr\/cookies\/#breadcrumb","itemListElement":[{"@type":"ListItem","position":1,"name":"Home","item":"https:\/\/olita-treks.com\/fr\/"},{"@type":"ListItem","position":2,"name":"Cookies"}]},{"@type":"WebSite","@id":"http:\/\/olita-treks.com\/#website","url":"http:\/\/olita-treks.com\/","name":"Olita Trek &amp; Bike - Lanzarote Excursions","description":"Olita Trek &amp; Bike offers guided walks and Mountain Bike Tours on Lanzarote, the most surprising of the Canary Islands.","potentialAction":[{"@type":"SearchAction","target":{"@type":"EntryPoint","urlTemplate":"http:\/\/olita-treks.com\/?s={search_term_string}"},"query-input":{"@type":"PropertyValueSpecification","valueRequired":true,"valueName":"search_term_string"}}],"inLanguage":"fr-FR"}]}},"_links":{"self":[{"href":"https:\/\/olita-treks.com\/fr\/wp-json\/wp\/v2\/pages\/4141","targetHints":{"allow":["GET"]}}],"collection":[{"href":"https:\/\/olita-treks.com\/fr\/wp-json\/wp\/v2\/pages"}],"about":[{"href":"https:\/\/olita-treks.com\/fr\/wp-json\/wp\/v2\/types\/page"}],"author":[{"embeddable":true,"href":"https:\/\/olita-treks.com\/fr\/wp-json\/wp\/v2\/users\/2"}],"replies":[{"embeddable":true,"href":"https:\/\/olita-treks.com\/fr\/wp-json\/wp\/v2\/comments?post=4141"}],"version-history":[{"count":2,"href":"https:\/\/olita-treks.com\/fr\/wp-json\/wp\/v2\/pages\/4141\/revisions"}],"predecessor-version":[{"id":4147,"href":"https:\/\/olita-treks.com\/fr\/wp-json\/wp\/v2\/pages\/4141\/revisions\/4147"}],"wp:attachment":[{"href":"https:\/\/olita-treks.com\/fr\/wp-json\/wp\/v2\/media?parent=4141"}],"curies":[{"name":"wp","href":"https:\/\/api.w.org\/{rel}","templated":true}]}}