{"id":1476,"date":"2016-10-17T19:13:25","date_gmt":"2016-10-17T19:13:25","guid":{"rendered":"http:\/\/olita-treks.com\/newsite\/?page_id=1476&#038;lang=fr"},"modified":"2025-05-07T18:36:52","modified_gmt":"2025-05-07T18:36:52","slug":"temoignages","status":"publish","type":"page","link":"https:\/\/olita-treks.com\/fr\/temoignages\/","title":{"rendered":"Temoignages"},"content":{"rendered":"<div class=\"wpb-content-wrapper\"><p>[vc_row full_width=\u00a0\u00bbstretch_row\u00a0\u00bb bg_type=\u00a0\u00bbimage\u00a0\u00bb parallax_style=\u00a0\u00bbvcpb-default\u00a0\u00bb bg_image_new=\u00a0\u00bbid^2262|url^http:\/\/olita-treks.com\/wp-content\/uploads\/2016\/04\/DSC02603_151205-Edit-ret.jpg|caption^null|alt^null|title^DSC02603_151205-Edit-ret|description^null\u00a0\u00bb bg_image_repeat=\u00a0\u00bbno-repeat\u00a0\u00bb][vc_column]<div class=\"ult-spacer spacer-69e500f3b6654\" data-id=\"69e500f3b6654\" data-height=\"350\" data-height-mobile=\"350\" data-height-tab=\"350\" data-height-tab-portrait=\"\" data-height-mobile-landscape=\"\" style=\"clear:both;display:block;\"><\/div>[\/vc_column][\/vc_row][vc_row full_width=\u00a0\u00bbstretch_row\u00a0\u00bb bg_type=\u00a0\u00bbgrad\u00a0\u00bb bg_grad=\u00a0\u00bbbackground: -webkit-gradient(linear, left top, left bottom, color-stop(0%, #F0F0F0), color-stop(100%, #FFFFFF));background: -moz-linear-gradient(top,#F0F0F0 0%,#FFFFFF 100%);background: -webkit-linear-gradient(top,#F0F0F0 0%,#FFFFFF 100%);background: -o-linear-gradient(top,#F0F0F0 0%,#FFFFFF 100%);background: -ms-linear-gradient(top,#F0F0F0 0%,#FFFFFF 100%);background: linear-gradient(top,#F0F0F0 0%,#FFFFFF 100%);\u00a0\u00bb css=\u00a0\u00bb.vc_custom_1466957584960{margin-top: 0px !important;margin-bottom: 0px !important;border-top-width: 0px !important;border-bottom-width: 0px !important;padding-top: 0px !important;padding-bottom: 0px !important;}\u00a0\u00bb][vc_column][vc_custom_heading text=\u00a0\u00bbTemoignages\u00a0\u00bb font_container=\u00a0\u00bbtag:h1|font_size:32|text_align:left\u00a0\u00bb use_theme_fonts=\u00a0\u00bbyes\u00a0\u00bb]<div class=\"smile-icon-timeline-wrap csstime   tl-animation-shadow\"     style=\"\"><div class=\"timeline-line \" style=\"border-right-color:;\"><span><\/span><\/div><div class=\"timeline-wrapper\"><div class=\"timeline-block \"><div class=\"timeline-dot\"><\/div><div class=\"ult-timeline-arrow\"><s><\/s><l><\/l><\/div><div class=\"timeline-icon-block\"><div class=\"ult-timeline-icon \" style=\"   \"><div class=\"ult-just-icon-wrapper  \"><div class=\"align-icon\" style=\"text-align:center;\"><\/div><\/div><\/div> <!-- icon --><\/div><div class=\"timeline-header-block\" >\n\t\t\t\t\t\t\t<div id=\"timeline-item-1293\" class=\"timeline-header\" style=\"\"><h3 class=\"ult-timeline-title ult-responsive\"  data-ultimate-target='#timeline-item-1293 .ult-timeline-title'  data-responsive-json-new='{\"font-size\":\"\",\"line-height\":\"\"}'  style=\"\">Anja Hoppe - 16\/04\/2025 (Rando demi-journ\u00e9e @ Les Volcans)<\/h3><div class=\"ult-responsive timeline-item-spt\"  data-ultimate-target='#timeline-item-1293 .timeline-item-spt'  data-responsive-json-new='{\"font-size\":\"\",\"line-height\":\"\"}'  style=\"\"><em>\u00ab\u00a0Nous avons fait une formidable balade de trois heures avec Eric dans la zone volcanique. Le paysage est \u00e0 couper le souffle, et l\u2019itin\u00e9raire qu\u2019il a choisi \u00e9tait \u00e0 la fois vari\u00e9 et int\u00e9ressant. Eric poss\u00e8de une connaissance approfondie de l\u2019activit\u00e9 volcanique, de son impact sur la population locale et du contexte historique des \u00eeles. L\u2019\u00e9couter \u00e9tait passionnant \u2014 \u00e0 la fois instructif, captivant et personnel. Je recommande vivement ses visites \u00e0 toute personne \u00e0 la recherche d\u2019une exp\u00e9rience unique et enrichissante.\u00a0\u00bb<\/em><\/p>\n<p>&nbsp;<\/p>\n<p><\/div><\/div> <!-- header --><\/div><\/div><div class=\"timeline-block \"><div class=\"timeline-dot\"><\/div><div class=\"ult-timeline-arrow\"><s><\/s><l><\/l><\/div><div class=\"timeline-icon-block\"><div class=\"ult-timeline-icon \" style=\"   \"><div class=\"ult-just-icon-wrapper  \"><div class=\"align-icon\" style=\"text-align:center;\"><\/div><\/div><\/div> <!-- icon --><\/div><div class=\"timeline-header-block\" >\n\t\t\t\t\t\t\t<div id=\"timeline-item-6531\" class=\"timeline-header\" style=\"\"><h3 class=\"ult-timeline-title ult-responsive\"  data-ultimate-target='#timeline-item-6531 .ult-timeline-title'  data-responsive-json-new='{\"font-size\":\"\",\"line-height\":\"\"}'  style=\"\">C\u00e9line - 29\/03\/2025 (avec Nomade Aventures @ Lanzarote)<\/h3><div class=\"ult-responsive timeline-item-spt\"  data-ultimate-target='#timeline-item-6531 .timeline-item-spt'  data-responsive-json-new='{\"font-size\":\"\",\"line-height\":\"\"}'  style=\"\"><em>\u00ab\u00a0Je suis tr\u00e8s contente d&rsquo;avoir fait ce beau voyage \u00e0 la d\u00e9couverte des volcans de Lanzarote. Les paysages sont magnifiques, aussi bien en montagne que sur la c\u00f4te.\u00a0\u00bb<\/em><\/p>\n<p><\/div><\/div> <!-- header --><\/div><\/div><div class=\"timeline-block \"><div class=\"timeline-dot\"><\/div><div class=\"ult-timeline-arrow\"><s><\/s><l><\/l><\/div><div class=\"timeline-icon-block\"><div class=\"ult-timeline-icon \" style=\"   \"><div class=\"ult-just-icon-wrapper  \"><div class=\"align-icon\" style=\"text-align:center;\"><\/div><\/div><\/div> <!-- icon --><\/div><div class=\"timeline-header-block\" >\n\t\t\t\t\t\t\t<div id=\"timeline-item-3233\" class=\"timeline-header\" style=\"\"><h3 class=\"ult-timeline-title ult-responsive\"  data-ultimate-target='#timeline-item-3233 .ult-timeline-title'  data-responsive-json-new='{\"font-size\":\"\",\"line-height\":\"\"}'  style=\"\">Bernard - 24\/01\/2025 (avec Nomade Aventures @ Lanzarote)<\/h3><div class=\"ult-responsive timeline-item-spt\"  data-ultimate-target='#timeline-item-3233 .timeline-item-spt'  data-responsive-json-new='{\"font-size\":\"\",\"line-height\":\"\"}'  style=\"\"><em>\u00ab\u00a0Un voyage inoubliable \u00e0 Lanzarote ! Gr\u00e2ce \u00e0 nos guides exceptionnels, Erik et Sylvie, qui ont su partager leur passion et leur expertise avec g\u00e9n\u00e9rosit\u00e9, chaque journ\u00e9e a \u00e9t\u00e9 une v\u00e9ritable aventure. Mention sp\u00e9ciale aussi au groupe de participants, dont la bonne humeur et l\u2019esprit de camaraderie ont rendu ce s\u00e9jour encore plus sp\u00e9cial. [\u2026] Lanzarote, avec ses paysages enchanteurs et sa magie unique, restera \u00e0 jamais grav\u00e9e dans mon c\u0153ur. Un grand merci pour cette exp\u00e9rience hors du commun ! \u00ab\u00a0<\/em><\/div><\/div> <!-- header --><\/div><\/div><div class=\"timeline-block \"><div class=\"timeline-dot\"><\/div><div class=\"ult-timeline-arrow\"><s><\/s><l><\/l><\/div><div class=\"timeline-icon-block\"><div class=\"ult-timeline-icon \" style=\"   \"><div class=\"ult-just-icon-wrapper  \"><div class=\"align-icon\" style=\"text-align:center;\"><\/div><\/div><\/div> <!-- icon --><\/div><div class=\"timeline-header-block\" >\n\t\t\t\t\t\t\t<div id=\"timeline-item-4414\" class=\"timeline-header\" style=\"\"><h3 class=\"ult-timeline-title ult-responsive\"  data-ultimate-target='#timeline-item-4414 .ult-timeline-title'  data-responsive-json-new='{\"font-size\":\"\",\"line-height\":\"\"}'  style=\"\">Elisa Soverini - 16\/08\/2016 (Half day walk @ Volcanoes Lanzarote)<\/h3><div class=\"ult-responsive timeline-item-spt\"  data-ultimate-target='#timeline-item-4414 .timeline-item-spt'  data-responsive-json-new='{\"font-size\":\"\",\"line-height\":\"\"}'  style=\"\"><em>\u00ab\u00a0Wonderful trek trought Los Volcanoes!\u00a0 The guide, was very friendly and kind and nice and capable to bring you in the soul of the landscape, explaining everything about volcanoes, rocks and ground in a simple and expert way.<br \/>\nThank you very much! For Damiano and me it was an unforgettable day!\u00a0\u00bb<\/em><\/div><\/div> <!-- header --><\/div><\/div><div class=\"timeline-block \"><div class=\"timeline-dot\"><\/div><div class=\"ult-timeline-arrow\"><s><\/s><l><\/l><\/div><div class=\"timeline-icon-block\"><div class=\"ult-timeline-icon \" style=\"   \"><div class=\"ult-just-icon-wrapper  \"><div class=\"align-icon\" style=\"text-align:center;\">\n<div class=\"aio-icon-img \" style=\"font-size:128px;background:#ffffff;display:inline-block;\" >\n\t<img decoding=\"async\" class=\"img-icon\" alt=\"Client Marco at the cliffs of Famara\" src=\"https:\/\/olita-treks.com\/wp-content\/uploads\/2016\/06\/Olita_Lanzarote_FotoWeb-196.jpg\"\/>\n<\/div><\/div><\/div><\/div> <!-- icon --><\/div><div class=\"timeline-header-block\" >\n\t\t\t\t\t\t\t<div id=\"timeline-item-1818\" class=\"timeline-header\" style=\"\"><h3 class=\"ult-timeline-title ult-responsive\"  data-ultimate-target='#timeline-item-1818 .ult-timeline-title'  data-responsive-json-new='{\"font-size\":\"\",\"line-height\":\"\"}'  style=\"\">Marco - 12\/03\/2016 (with Terre d'Aventure @ Lanzarote)<\/h3><div class=\"ult-responsive timeline-item-spt\"  data-ultimate-target='#timeline-item-1818 .timeline-item-spt'  data-responsive-json-new='{\"font-size\":\"\",\"line-height\":\"\"}'  style=\"\"><em>\u00ab\u00a0Superbe voyage , Organisation de l&rsquo;equipe surplace impecable , Mixit\u00e9 et tol\u00e9rance du Groupe tr\u00e8s int\u00e9ressante et importante . Le seul inconv\u00e9nient c&rsquo;\u00e9tait l&rsquo;heure du vol au d\u00e9part, sinon , une semaine exceptionnel pour les amoureux des photos , de belles lumi\u00e8res et magnifiques paysages de randonn\u00e9es . Je suis tr\u00e8s content et surpris de ce voyage , dont je n&rsquo;attendait pas trop par rapport cette destination .\u00a0\u00bb<\/em><\/div><\/div> <!-- header --><\/div><\/div><\/div><\/div>[\/vc_column][\/vc_row][vc_row full_width=\u00a0\u00bbstretch_row\u00a0\u00bb bg_type=\u00a0\u00bbbg_color\u00a0\u00bb bg_color_value=\u00a0\u00bb#f2f2f2&Prime; css=\u00a0\u00bb.vc_custom_1460991685674{margin-bottom: 0px !important;border-bottom-width: 0px !important;padding-bottom: 0px !important;}\u00a0\u00bb][vc_column width=\u00a0\u00bb1\/6&Prime;][\/vc_column][vc_column width=\u00a0\u00bb2\/3&Prime;][vc_custom_heading text=\u00a0\u00bbBookings &amp; info\u00a0\u00bb font_container=\u00a0\u00bbtag:h3|font_size:32|text_align:center\u00a0\u00bb use_theme_fonts=\u00a0\u00bbyes\u00a0\u00bb]\n<div class=\"wpcf7 no-js\" id=\"wpcf7-f1665-o1\" lang=\"en-US\" dir=\"ltr\" data-wpcf7-id=\"1665\">\n<div class=\"screen-reader-response\"><p role=\"status\" aria-live=\"polite\" aria-atomic=\"true\"><\/p> <ul><\/ul><\/div>\n<form action=\"\/fr\/wp-json\/wp\/v2\/pages\/1476#wpcf7-f1665-o1\" method=\"post\" class=\"wpcf7-form init\" aria-label=\"Contact form\" novalidate=\"novalidate\" data-status=\"init\">\n<fieldset class=\"hidden-fields-container\"><input type=\"hidden\" name=\"_wpcf7\" value=\"1665\" \/><input type=\"hidden\" name=\"_wpcf7_version\" value=\"6.1.5\" \/><input type=\"hidden\" name=\"_wpcf7_locale\" value=\"en_US\" \/><input type=\"hidden\" name=\"_wpcf7_unit_tag\" value=\"wpcf7-f1665-o1\" \/><input type=\"hidden\" name=\"_wpcf7_container_post\" value=\"0\" \/><input type=\"hidden\" name=\"_wpcf7_posted_data_hash\" value=\"\" \/><input type=\"hidden\" name=\"_wpcf7dtx_version\" value=\"5.0.5\" \/><input type=\"hidden\" name=\"_wpcf7_recaptcha_response\" value=\"\" \/>\n<\/fieldset>\n<p>Nom - Pr\u00e9nom\n<\/p>\n<p><span class=\"wpcf7-form-control-wrap\" data-name=\"your-name\"><input size=\"40\" maxlength=\"400\" class=\"wpcf7-form-control wpcf7-text\" aria-invalid=\"false\" value=\"\" type=\"text\" name=\"your-name\" \/><\/span>\n<\/p>\n<p>Votre email (obligatoire)\n<\/p>\n<p><span class=\"wpcf7-form-control-wrap\" data-name=\"your-email\"><input size=\"40\" maxlength=\"400\" class=\"wpcf7-form-control wpcf7-email wpcf7-validates-as-required wpcf7-text wpcf7-validates-as-email\" aria-required=\"true\" aria-invalid=\"false\" value=\"\" type=\"email\" name=\"your-email\" \/><\/span>\n<\/p>\n<p>Message\n<\/p>\n<p><span class=\"wpcf7-form-control-wrap\" data-name=\"your-message\"><textarea cols=\"40\" rows=\"10\" maxlength=\"2000\" class=\"wpcf7-form-control wpcf7-textarea\" aria-invalid=\"false\" name=\"your-message\"><\/textarea><\/span>\n<\/p>\n<span class=\"wpcf7-form-control-wrap current_page\" data-name=\"current_page\"><input type=\"hidden\" name=\"current_page\" class=\"wpcf7-form-control wpcf7-hidden wpcf7dtx wpcf7dtx-hidden\" aria-invalid=\"false\" value=\"https:\/\/olita-treks.com\/fr\/wp-json\/wp\/v2\/pages\/1476\"><\/span>\n<p><span class=\"wpcf7-form-control-wrap\" data-name=\"acceptance-309\"><span class=\"wpcf7-form-control wpcf7-acceptance\"><span class=\"wpcf7-list-item\"><input type=\"checkbox\" name=\"acceptance-309\" value=\"1\" aria-invalid=\"false\" \/><\/span><\/span><\/span> J'accepte la <a href=\"\/privacy-policy\" target=\"_blank\">Politique de confidentialit\u00e9<\/a> (obligatoire)\n<\/p>\n\n<p><input class=\"wpcf7-form-control wpcf7-submit has-spinner\" type=\"submit\" value=\"Envoyer\" \/>\n<\/p><div class=\"fusion-alert alert custom alert-custom fusion-alert-center wpcf7-response-output awb-alert-native-link-color alert-dismissable awb-alert-close-boxed\" style=\"--awb-border-size:1px;--awb-border-top-left-radius:0px;--awb-border-top-right-radius:0px;--awb-border-bottom-left-radius:0px;--awb-border-bottom-right-radius:0px;\" role=\"alert\"><div class=\"fusion-alert-content-wrapper\"><span class=\"fusion-alert-content\"><\/span><\/div><button type=\"button\" class=\"close toggle-alert\" data-dismiss=\"alert\" aria-label=\"Close\">&times;<\/button><\/div>\n<\/form>\n<\/div>\n[\/vc_column][vc_column width=\u00a0\u00bb1\/6&Prime;][\/vc_column][\/vc_row]<\/p>\n<\/div>","protected":false},"excerpt":{"rendered":"<p>[vc_row full_width=\u00a0\u00bbstretch_row\u00a0\u00bb bg_type=\u00a0\u00bbimage\u00a0\u00bb parallax_style=\u00a0\u00bbvcpb-default\u00a0\u00bb bg_image_new=\u00a0\u00bbid^2262|url^http:\/\/olita-treks.com\/wp-content\/uploads\/2016\/04\/DSC02603_151205-Edit-ret.jpg|caption^null|alt^null|title^DSC02603_151205-Edit-ret|description^null\u00a0\u00bb bg_image_repeat=\u00a0\u00bbno-repeat\u00a0\u00bb][vc_column][\/vc_column][\/vc_row][vc_row full_width=\u00a0\u00bbstretch_row\u00a0\u00bb bg_type=\u00a0\u00bbgrad\u00a0\u00bb bg_grad=\u00a0\u00bbbackground: -webkit-gradient(linear, left top, left bottom, color-stop(0%, #F0F0F0), color-stop(100%, #FFFFFF));background: -moz-linear-gradient(top,#F0F0F0 0%,#FFFFFF 100%);background: -webkit-linear-gradient(top,#F0F0F0 0%,#FFFFFF 100%);background: -o-linear-gradient(top,#F0F0F0 0%,#FFFFFF 100%);background: -ms-linear-gradient(top,#F0F0F0 0%,#FFFFFF 100%);background: linear-gradient(top,#F0F0F0 0%,#FFFFFF 100%);\u00a0\u00bb css=\u00a0\u00bb.vc_custom_1466957584960{margin-top: 0px !important;margin-bottom: 0px !important;border-top-width: 0px !important;border-bottom-width: 0px !important;padding-top: 0px !important;padding-bottom: 0px !important;}\u00a0\u00bb][vc_column][vc_custom_heading text=\u00a0\u00bbTemoignages\u00a0\u00bb font_container=\u00a0\u00bbtag:h1|font_size:32|text_align:left\u00a0\u00bb use_theme_fonts=\u00a0\u00bbyes\u00a0\u00bb][\/vc_column][\/vc_row][vc_row full_width=\u00a0\u00bbstretch_row\u00a0\u00bb bg_type=\u00a0\u00bbbg_color\u00a0\u00bb bg_color_value=\u00a0\u00bb#f2f2f2&Prime; css=\u00a0\u00bb.vc_custom_1460991685674{margin-bottom: 0px !important;border-bottom-width:<\/p>\n","protected":false},"author":3,"featured_media":0,"parent":0,"menu_order":0,"comment_status":"closed","ping_status":"closed","template":"","meta":{"footnotes":""},"class_list":["post-1476","page","type-page","status-publish","hentry"],"yoast_head":"<!-- This site is optimized with the Yoast SEO plugin v27.4 - https:\/\/yoast.com\/product\/yoast-seo-wordpress\/ -->\n<title>Temoignages - Olita Trek &amp; Bike - Lanzarote Excursions<\/title>\n<meta name=\"description\" content=\"D\u00e9couvrez les avis et t\u00e9moignages de clients ayant explor\u00e9 Lanzarote \u00e0 pied avec Olita Trek &amp; Bike \u2013 randonn\u00e9es guid\u00e9es et semaines d\u2019excursions inoubliables.\" \/>\n<meta name=\"robots\" content=\"index, follow, max-snippet:-1, max-image-preview:large, max-video-preview:-1\" \/>\n<link rel=\"canonical\" href=\"http:\/\/olita-treks.com\/fr\/temoignages\/\" \/>\n<meta property=\"og:locale\" content=\"fr_FR\" \/>\n<meta property=\"og:type\" content=\"article\" \/>\n<meta property=\"og:title\" content=\"Temoignages - Olita Trek &amp; Bike - Lanzarote Excursions\" \/>\n<meta property=\"og:description\" content=\"D\u00e9couvrez les avis et t\u00e9moignages de clients ayant explor\u00e9 Lanzarote \u00e0 pied avec Olita Trek &amp; Bike \u2013 randonn\u00e9es guid\u00e9es et semaines d\u2019excursions inoubliables.\" \/>\n<meta property=\"og:url\" content=\"http:\/\/olita-treks.com\/fr\/temoignages\/\" \/>\n<meta property=\"og:site_name\" content=\"Olita Trek &amp; Bike - Lanzarote Excursions\" \/>\n<meta property=\"article:publisher\" content=\"https:\/\/www.facebook.com\/olitalanzarote\" \/>\n<meta property=\"article:modified_time\" content=\"2025-05-07T18:36:52+00:00\" \/>\n<meta name=\"twitter:card\" content=\"summary_large_image\" \/>\n<meta name=\"twitter:label1\" content=\"Dur\u00e9e de lecture estim\u00e9e\" \/>\n\t<meta name=\"twitter:data1\" content=\"2 minutes\" \/>\n<script type=\"application\/ld+json\" class=\"yoast-schema-graph\">{\"@context\":\"https:\\\/\\\/schema.org\",\"@graph\":[{\"@type\":\"WebPage\",\"@id\":\"http:\\\/\\\/olita-treks.com\\\/fr\\\/temoignages\\\/\",\"url\":\"http:\\\/\\\/olita-treks.com\\\/fr\\\/temoignages\\\/\",\"name\":\"Temoignages - Olita Trek &amp; Bike - Lanzarote Excursions\",\"isPartOf\":{\"@id\":\"http:\\\/\\\/olita-treks.com\\\/#website\"},\"datePublished\":\"2016-10-17T19:13:25+00:00\",\"dateModified\":\"2025-05-07T18:36:52+00:00\",\"description\":\"D\u00e9couvrez les avis et t\u00e9moignages de clients ayant explor\u00e9 Lanzarote \u00e0 pied avec Olita Trek & Bike \u2013 randonn\u00e9es guid\u00e9es et semaines d\u2019excursions inoubliables.\",\"breadcrumb\":{\"@id\":\"http:\\\/\\\/olita-treks.com\\\/fr\\\/temoignages\\\/#breadcrumb\"},\"inLanguage\":\"fr-FR\",\"potentialAction\":[{\"@type\":\"ReadAction\",\"target\":[\"http:\\\/\\\/olita-treks.com\\\/fr\\\/temoignages\\\/\"]}]},{\"@type\":\"BreadcrumbList\",\"@id\":\"http:\\\/\\\/olita-treks.com\\\/fr\\\/temoignages\\\/#breadcrumb\",\"itemListElement\":[{\"@type\":\"ListItem\",\"position\":1,\"name\":\"Home\",\"item\":\"https:\\\/\\\/olita-treks.com\\\/fr\\\/\"},{\"@type\":\"ListItem\",\"position\":2,\"name\":\"Temoignages\"}]},{\"@type\":\"WebSite\",\"@id\":\"http:\\\/\\\/olita-treks.com\\\/#website\",\"url\":\"http:\\\/\\\/olita-treks.com\\\/\",\"name\":\"Olita Trek &amp; Bike - Lanzarote Excursions\",\"description\":\"Olita Trek &amp; Bike offers guided walks and Mountain Bike Tours on Lanzarote, the most surprising of the Canary Islands.\",\"potentialAction\":[{\"@type\":\"SearchAction\",\"target\":{\"@type\":\"EntryPoint\",\"urlTemplate\":\"http:\\\/\\\/olita-treks.com\\\/?s={search_term_string}\"},\"query-input\":{\"@type\":\"PropertyValueSpecification\",\"valueRequired\":true,\"valueName\":\"search_term_string\"}}],\"inLanguage\":\"fr-FR\"}]}<\/script>\n<!-- \/ Yoast SEO plugin. -->","yoast_head_json":{"title":"Temoignages - Olita Trek &amp; Bike - Lanzarote Excursions","description":"D\u00e9couvrez les avis et t\u00e9moignages de clients ayant explor\u00e9 Lanzarote \u00e0 pied avec Olita Trek & Bike \u2013 randonn\u00e9es guid\u00e9es et semaines d\u2019excursions inoubliables.","robots":{"index":"index","follow":"follow","max-snippet":"max-snippet:-1","max-image-preview":"max-image-preview:large","max-video-preview":"max-video-preview:-1"},"canonical":"http:\/\/olita-treks.com\/fr\/temoignages\/","og_locale":"fr_FR","og_type":"article","og_title":"Temoignages - Olita Trek &amp; Bike - Lanzarote Excursions","og_description":"D\u00e9couvrez les avis et t\u00e9moignages de clients ayant explor\u00e9 Lanzarote \u00e0 pied avec Olita Trek & Bike \u2013 randonn\u00e9es guid\u00e9es et semaines d\u2019excursions inoubliables.","og_url":"http:\/\/olita-treks.com\/fr\/temoignages\/","og_site_name":"Olita Trek &amp; Bike - Lanzarote Excursions","article_publisher":"https:\/\/www.facebook.com\/olitalanzarote","article_modified_time":"2025-05-07T18:36:52+00:00","twitter_card":"summary_large_image","twitter_misc":{"Dur\u00e9e de lecture estim\u00e9e":"2 minutes"},"schema":{"@context":"https:\/\/schema.org","@graph":[{"@type":"WebPage","@id":"http:\/\/olita-treks.com\/fr\/temoignages\/","url":"http:\/\/olita-treks.com\/fr\/temoignages\/","name":"Temoignages - Olita Trek &amp; Bike - Lanzarote Excursions","isPartOf":{"@id":"http:\/\/olita-treks.com\/#website"},"datePublished":"2016-10-17T19:13:25+00:00","dateModified":"2025-05-07T18:36:52+00:00","description":"D\u00e9couvrez les avis et t\u00e9moignages de clients ayant explor\u00e9 Lanzarote \u00e0 pied avec Olita Trek & Bike \u2013 randonn\u00e9es guid\u00e9es et semaines d\u2019excursions inoubliables.","breadcrumb":{"@id":"http:\/\/olita-treks.com\/fr\/temoignages\/#breadcrumb"},"inLanguage":"fr-FR","potentialAction":[{"@type":"ReadAction","target":["http:\/\/olita-treks.com\/fr\/temoignages\/"]}]},{"@type":"BreadcrumbList","@id":"http:\/\/olita-treks.com\/fr\/temoignages\/#breadcrumb","itemListElement":[{"@type":"ListItem","position":1,"name":"Home","item":"https:\/\/olita-treks.com\/fr\/"},{"@type":"ListItem","position":2,"name":"Temoignages"}]},{"@type":"WebSite","@id":"http:\/\/olita-treks.com\/#website","url":"http:\/\/olita-treks.com\/","name":"Olita Trek &amp; Bike - Lanzarote Excursions","description":"Olita Trek &amp; Bike offers guided walks and Mountain Bike Tours on Lanzarote, the most surprising of the Canary Islands.","potentialAction":[{"@type":"SearchAction","target":{"@type":"EntryPoint","urlTemplate":"http:\/\/olita-treks.com\/?s={search_term_string}"},"query-input":{"@type":"PropertyValueSpecification","valueRequired":true,"valueName":"search_term_string"}}],"inLanguage":"fr-FR"}]}},"_links":{"self":[{"href":"https:\/\/olita-treks.com\/fr\/wp-json\/wp\/v2\/pages\/1476","targetHints":{"allow":["GET"]}}],"collection":[{"href":"https:\/\/olita-treks.com\/fr\/wp-json\/wp\/v2\/pages"}],"about":[{"href":"https:\/\/olita-treks.com\/fr\/wp-json\/wp\/v2\/types\/page"}],"author":[{"embeddable":true,"href":"https:\/\/olita-treks.com\/fr\/wp-json\/wp\/v2\/users\/3"}],"replies":[{"embeddable":true,"href":"https:\/\/olita-treks.com\/fr\/wp-json\/wp\/v2\/comments?post=1476"}],"version-history":[{"count":6,"href":"https:\/\/olita-treks.com\/fr\/wp-json\/wp\/v2\/pages\/1476\/revisions"}],"predecessor-version":[{"id":3921,"href":"https:\/\/olita-treks.com\/fr\/wp-json\/wp\/v2\/pages\/1476\/revisions\/3921"}],"wp:attachment":[{"href":"https:\/\/olita-treks.com\/fr\/wp-json\/wp\/v2\/media?parent=1476"}],"curies":[{"name":"wp","href":"https:\/\/api.w.org\/{rel}","templated":true}]}}