{"id":1444,"date":"2016-10-17T17:51:42","date_gmt":"2016-10-17T17:51:42","guid":{"rendered":"http:\/\/olita-treks.com\/newsite\/?page_id=1444&#038;lang=fr"},"modified":"2025-05-16T18:24:47","modified_gmt":"2025-05-16T18:24:47","slug":"hebergement","status":"publish","type":"page","link":"https:\/\/olita-treks.com\/fr\/hebergement\/","title":{"rendered":"H\u00c9BERGEMENT"},"content":{"rendered":"<div class=\"wpb-content-wrapper\"><p>[vc_row full_width=\u00a0\u00bbstretch_row\u00a0\u00bb bg_type=\u00a0\u00bbimage\u00a0\u00bb parallax_style=\u00a0\u00bbvcpb-default\u00a0\u00bb bg_image_new=\u00a0\u00bbid^3012|url^http:\/\/olita-treks.com\/wp-content\/uploads\/2016\/09\/Olita_Veroles2_FotoLR-1.jpg|caption^null|alt^Accommodation in holiday villas in Costa Teguise, Lanzarote.|title^Lanzarote holiday villa with pool|description^null\u00a0\u00bb bg_image_repeat=\u00a0\u00bbno-repeat\u00a0\u00bb bg_image_posiiton=\u00a0\u00bb0px\u00a0\u00bb css=\u00a0\u00bb.vc_custom_1747419866918{padding-top: 0px !important;padding-bottom: 0px !important;}\u00a0\u00bb][vc_column]<div class=\"ult-spacer spacer-69e500fd39358\" data-id=\"69e500fd39358\" data-height=\"350\" data-height-mobile=\"350\" data-height-tab=\"350\" data-height-tab-portrait=\"\" data-height-mobile-landscape=\"\" style=\"clear:both;display:block;\"><\/div>[\/vc_column][\/vc_row][vc_row][vc_column][vc_custom_heading text=\u00a0\u00bbH\u00e9bergement\u00a0\u00bb font_container=\u00a0\u00bbtag:h1|font_size:32|text_align:left\u00a0\u00bb use_theme_fonts=\u00a0\u00bbyes\u00a0\u00bb][\/vc_column][\/vc_row][vc_row][vc_column width=\u00a0\u00bb2\/3&Prime;][vc_basic_grid post_type=\u00a0\u00bbids\u00a0\u00bb element_width=\u00a0\u00bb6&Prime; item=\u00a0\u00bb1418&Prime; grid_id=\u00a0\u00bbvc_gid:1747419794595-307c2a30-0e8f-2&Prime; include=\u00a0\u00bb565, 567, 569, 571&Prime;][\/vc_column][vc_column width=\u00a0\u00bb1\/3&Prime; css=\u00a0\u00bb.vc_custom_1464775559811{padding-top: 20px !important;padding-right: 30px !important;padding-bottom: 40px !important;padding-left: 30px !important;background-color: #ffffff !important;background-position: 0 0 !important;background-repeat: repeat !important;}\u00a0\u00bb]<div class=\"aio-icon-component    style_3\"><div id=\"Info-box-wrap-2890\" class=\"aio-icon-box square_box-icon\" style=\"\"  ><div class=\"aio-icon-square_box\"><div class=\"ult-just-icon-wrapper  \"><div class=\"align-icon\" style=\"text-align:center;\">\n<div class=\"aio-icon-img \" style=\"font-size:128px;display:inline-block;\" data-animation=\"pulse\" data-animation-delay=\"03\">\n\t<img decoding=\"async\" class=\"img-icon\" alt=\"\" src=\"https:\/\/olita-treks.com\/wp-content\/uploads\/2015\/11\/big-o.png\"\/>\n<\/div><\/div><\/div><\/div><div class=\"aio-icon-header\" ><h3 class=\"aio-icon-title ult-responsive\"  data-ultimate-target='#Info-box-wrap-2890 .aio-icon-title'  data-responsive-json-new='{\"font-size\":\"desktop:22px;\",\"line-height\":\"\"}'  style=\"font-weight:bold;\">VOUS NE TROUVEZ PAS CE QUE VOUS CHERCHEZ?<\/h3><\/div> <!-- header --><div class=\"aio-icon-description ult-responsive\"  data-ultimate-target='#Info-box-wrap-2890 .aio-icon-description'  data-responsive-json-new='{\"font-size\":\"\",\"line-height\":\"\"}'  style=\"\"><\/p>\n<h3 class=\"vc_custom_heading\" data-inline-fontsize=\"true\" data-inline-lineheight=\"true\" data-fontsize=\"16\" data-lineheight=\"24\">Envoyez-nous vos id\u00e9es de vacances et recevez votre devis personnalis\u00e9<\/h3>\n<p><\/div> <!-- description --><\/div> <!-- aio-icon-box --><\/div> <!-- aio-icon-component --><div id=\"modal-trg-txt-wrap-9184\" class=\"ult-modal-input-wrapper ult-adjust-bottom-margin    \" data-keypress-control=\"keypress-control-enable\" data-overlay-control=\"overlay-control-enable\"><button  data-ultimate-target='#modal-trg-txt-wrap-9184 .btn-modal'  data-responsive-json-new='{\"font-size\":\"\",\"line-height\":\"\"}'  style=\"background:#e8e047;border-color:#e8e047;color:#383838; \" data-class-id=\"content-69e500fd39cf92-94896801\" class=\"btn-modal ult-responsive btn-primary btn-modal-block overlay-show ult-align-center btn-id-69e500fd39cf92-94896801\" data-overlay-class=\"overlay-fade\">BOOKING ENQUIRIES<\/button><\/div>\n<div class=\"ult-overlay content-69e500fd39cf92-94896801 \" data-class=\"content-69e500fd39cf92-94896801\" id=\"button-click-overlay\" style=\"background:rgba(51,51,51,0.9); display:none;\">\n\t<div class=\"ult_modal ult-fade ult-medium\">\n\t\t<div id=\"ult-modal-wrap-6159\" class=\"ult_modal-content ult-hide\" style=\"border-style:solid;border-width:2px;border-radius:0px;border-color:#333333;\">\n\t\t\t<div class=\"ult_modal-header\" style=\"color:#333333;border-color:#333333;\">\n\t\t\t\t<div class=\"modal-icon\"><i class=\"Defaults-envelope-o\"><\/i><\/div><h3  data-ultimate-target='#ult-modal-wrap-6159 .ult_modal-title'  data-responsive-json-new='{\"font-size\":\"\",\"line-height\":\"\"}'  class=\"ult_modal-title ult-responsive\">H\u00e9bergement<\/h3>\n\t\t\t<\/div>\n\t\t\t<div  data-ultimate-target='#ult-modal-wrap-6159 .ult_modal-body'  data-responsive-json-new='{\"font-size\":\"\",\"line-height\":\"\"}'  class=\"ult_modal-body ult-responsive ult-html\" style=\"\">\n\t\t\t\n<div class=\"wpcf7 no-js\" id=\"wpcf7-f1691-o1\" lang=\"en-US\" dir=\"ltr\" data-wpcf7-id=\"1691\">\n<div class=\"screen-reader-response\"><p role=\"status\" aria-live=\"polite\" aria-atomic=\"true\"><\/p> <ul><\/ul><\/div>\n<form action=\"\/fr\/wp-json\/wp\/v2\/pages\/1444#wpcf7-f1691-o1\" method=\"post\" class=\"wpcf7-form init\" aria-label=\"Contact form\" novalidate=\"novalidate\" data-status=\"init\">\n<fieldset class=\"hidden-fields-container\"><input type=\"hidden\" name=\"_wpcf7\" value=\"1691\" \/><input type=\"hidden\" name=\"_wpcf7_version\" value=\"6.1.5\" \/><input type=\"hidden\" name=\"_wpcf7_locale\" value=\"en_US\" \/><input type=\"hidden\" name=\"_wpcf7_unit_tag\" value=\"wpcf7-f1691-o1\" \/><input type=\"hidden\" name=\"_wpcf7_container_post\" value=\"0\" \/><input type=\"hidden\" name=\"_wpcf7_posted_data_hash\" value=\"\" \/><input type=\"hidden\" name=\"_wpcf7dtx_version\" value=\"5.0.5\" \/><input type=\"hidden\" name=\"_wpcf7_recaptcha_response\" value=\"\" \/>\n<\/fieldset>\n<p>Nom\n<\/p>\n<p><span class=\"wpcf7-form-control-wrap\" data-name=\"your-name\"><input size=\"40\" maxlength=\"400\" class=\"wpcf7-form-control wpcf7-text\" aria-invalid=\"false\" value=\"\" type=\"text\" name=\"your-name\" \/><\/span>\n<\/p>\n<p>Votre email (obligatoire)\n<\/p>\n<p><span class=\"wpcf7-form-control-wrap\" data-name=\"your-email\"><input size=\"40\" maxlength=\"400\" class=\"wpcf7-form-control wpcf7-email wpcf7-validates-as-required wpcf7-text wpcf7-validates-as-email\" aria-required=\"true\" aria-invalid=\"false\" value=\"\" type=\"email\" name=\"your-email\" \/><\/span>\n<\/p>\n<p>Date d'arriv\u00e9e (AAAA-MM-JJ)\n<\/p>\n<p><span class=\"wpcf7-form-control-wrap\" data-name=\"your-arrival\"><input class=\"wpcf7-form-control wpcf7-date wpcf7-validates-as-required wpcf7-validates-as-date\" aria-required=\"true\" aria-invalid=\"false\" value=\"\" type=\"date\" name=\"your-arrival\" \/><\/span>\n<\/p>\n<p>Date de d\u00e9part (AAAA-MM-JJ)\n<\/p>\n<p><span class=\"wpcf7-form-control-wrap\" data-name=\"your-departure\"><input class=\"wpcf7-form-control wpcf7-date wpcf7-validates-as-required wpcf7-validates-as-date\" aria-required=\"true\" aria-invalid=\"false\" value=\"\" type=\"date\" name=\"your-departure\" \/><\/span>\n<\/p>\n<p>H\u00e9bergement (s\u00e9lection)\n<\/p>\n<p><span class=\"wpcf7-form-control-wrap\" data-name=\"menu-interests\"><select class=\"wpcf7-form-control wpcf7-select\" aria-invalid=\"false\" name=\"menu-interests\"><option value=\"Int\u00e9ret g\u00e9n\u00e9rale\">Int\u00e9ret g\u00e9n\u00e9rale<\/option><option value=\"Casa Veroles\">Casa Veroles<\/option><option value=\"Bungalow Veroles\">Bungalow Veroles<\/option><option value=\"Villa Veroles\">Villa Veroles<\/option><\/select><\/span>\n<\/p>\n<p>Remarques\n<\/p>\n<p><span class=\"wpcf7-form-control-wrap\" data-name=\"your-message\"><textarea cols=\"40\" rows=\"10\" maxlength=\"2000\" class=\"wpcf7-form-control wpcf7-textarea\" aria-invalid=\"false\" name=\"your-message\"><\/textarea><\/span>\n<\/p>\n<span class=\"wpcf7-form-control-wrap current_page\" data-name=\"current_page\"><input type=\"hidden\" name=\"current_page\" class=\"wpcf7-form-control wpcf7-hidden wpcf7dtx wpcf7dtx-hidden\" aria-invalid=\"false\" value=\"https:\/\/olita-treks.com\/fr\/wp-json\/wp\/v2\/pages\/1444\"><\/span>\n<p><span class=\"wpcf7-form-control-wrap\" data-name=\"acceptance-309\"><span class=\"wpcf7-form-control wpcf7-acceptance\"><span class=\"wpcf7-list-item\"><input type=\"checkbox\" name=\"acceptance-309\" value=\"1\" aria-invalid=\"false\" \/><\/span><\/span><\/span> J'accepte la <a href=\"\/privacy-policy\" target=\"_blank\">Politique de confidentialit\u00e9<\/a> (obligatoire)\n<\/p>\n\n<p><input class=\"wpcf7-form-control wpcf7-submit has-spinner\" type=\"submit\" value=\"Envoyer\" \/>\n<\/p><div class=\"fusion-alert alert custom alert-custom fusion-alert-center wpcf7-response-output awb-alert-native-link-color alert-dismissable awb-alert-close-boxed\" style=\"--awb-border-size:1px;--awb-border-top-left-radius:0px;--awb-border-top-right-radius:0px;--awb-border-bottom-left-radius:0px;--awb-border-bottom-right-radius:0px;\" role=\"alert\"><div class=\"fusion-alert-content-wrapper\"><span class=\"fusion-alert-content\"><\/span><\/div><button type=\"button\" class=\"close toggle-alert\" data-dismiss=\"alert\" aria-label=\"Close\">&times;<\/button><\/div>\n<\/form>\n<\/div>\n\n\t\t\t<\/div>\n\t<\/div>\n\t<\/div>\n\t<div class=\"ult-overlay-close top-right\" style=\" \"><div class=\"ult-overlay-close-inside\">Close<\/div><\/div>\n<\/div>[\/vc_column][\/vc_row]<\/p>\n<\/div>","protected":false},"excerpt":{"rendered":"<p>[vc_row full_width=\u00a0\u00bbstretch_row\u00a0\u00bb bg_type=\u00a0\u00bbimage\u00a0\u00bb parallax_style=\u00a0\u00bbvcpb-default\u00a0\u00bb bg_image_new=\u00a0\u00bbid^3012|url^http:\/\/olita-treks.com\/wp-content\/uploads\/2016\/09\/Olita_Veroles2_FotoLR-1.jpg|caption^null|alt^Accommodation in holiday villas in Costa Teguise, Lanzarote.|title^Lanzarote holiday villa with pool|description^null\u00a0\u00bb bg_image_repeat=\u00a0\u00bbno-repeat\u00a0\u00bb bg_image_posiiton=\u00a0\u00bb0px\u00a0\u00bb css=\u00a0\u00bb.vc_custom_1747419866918{padding-top: 0px !important;padding-bottom: 0px !important;}\u00a0\u00bb][vc_column][\/vc_column][\/vc_row][vc_row][vc_column][vc_custom_heading text=\u00a0\u00bbH\u00e9bergement\u00a0\u00bb font_container=\u00a0\u00bbtag:h1|font_size:32|text_align:left\u00a0\u00bb use_theme_fonts=\u00a0\u00bbyes\u00a0\u00bb][\/vc_column][\/vc_row][vc_row][vc_column width=\u00a0\u00bb2\/3&Prime;][vc_basic_grid post_type=\u00a0\u00bbids\u00a0\u00bb element_width=\u00a0\u00bb6&Prime; item=\u00a0\u00bb1418&Prime; grid_id=\u00a0\u00bbvc_gid:1747419794595-307c2a30-0e8f-2&Prime; include=\u00a0\u00bb565, 567, 569, 571&Prime;][\/vc_column][vc_column width=\u00a0\u00bb1\/3&Prime; css=\u00a0\u00bb.vc_custom_1464775559811{padding-top: 20px !important;padding-right: 30px !important;padding-bottom: 40px !important;padding-left: 30px !important;background-color: #ffffff !important;background-position: 0 0 !important;background-repeat: repeat !important;}\u00a0\u00bb][\/vc_column][\/vc_row]<\/p>\n","protected":false},"author":3,"featured_media":0,"parent":0,"menu_order":0,"comment_status":"closed","ping_status":"closed","template":"","meta":{"footnotes":""},"class_list":["post-1444","page","type-page","status-publish","hentry"],"yoast_head":"<!-- This site is optimized with the Yoast SEO plugin v27.4 - https:\/\/yoast.com\/product\/yoast-seo-wordpress\/ -->\n<title>H\u00c9BERGEMENT - Olita Trek &amp; Bike - Lanzarote Excursions<\/title>\n<meta name=\"description\" content=\"Olita Treks &amp; Bike offre des randonn\u00e9es guid\u00e9es, excursions en VTT et H\u00e9bergement \u00e0 Lanzarote. Villas, appartements exclusifs \u00e0 Costa Teguise\" \/>\n<meta name=\"robots\" content=\"index, follow, max-snippet:-1, max-image-preview:large, max-video-preview:-1\" \/>\n<link rel=\"canonical\" href=\"https:\/\/olita-treks.com\/fr\/hebergement\/\" \/>\n<meta property=\"og:locale\" content=\"fr_FR\" \/>\n<meta property=\"og:type\" content=\"article\" \/>\n<meta property=\"og:title\" content=\"H\u00c9BERGEMENT - Olita Trek &amp; Bike - Lanzarote Excursions\" \/>\n<meta property=\"og:description\" content=\"Olita Treks &amp; Bike offre des randonn\u00e9es guid\u00e9es, excursions en VTT et H\u00e9bergement \u00e0 Lanzarote. Villas, appartements exclusifs \u00e0 Costa Teguise\" \/>\n<meta property=\"og:url\" content=\"https:\/\/olita-treks.com\/fr\/hebergement\/\" \/>\n<meta property=\"og:site_name\" content=\"Olita Trek &amp; Bike - Lanzarote Excursions\" \/>\n<meta property=\"article:publisher\" content=\"https:\/\/www.facebook.com\/olitalanzarote\" \/>\n<meta property=\"article:modified_time\" content=\"2025-05-16T18:24:47+00:00\" \/>\n<meta name=\"twitter:card\" content=\"summary_large_image\" \/>\n<meta name=\"twitter:label1\" content=\"Dur\u00e9e de lecture estim\u00e9e\" \/>\n\t<meta name=\"twitter:data1\" content=\"1 minute\" \/>\n<script type=\"application\/ld+json\" class=\"yoast-schema-graph\">{\"@context\":\"https:\\\/\\\/schema.org\",\"@graph\":[{\"@type\":\"WebPage\",\"@id\":\"https:\\\/\\\/olita-treks.com\\\/fr\\\/hebergement\\\/\",\"url\":\"https:\\\/\\\/olita-treks.com\\\/fr\\\/hebergement\\\/\",\"name\":\"H\u00c9BERGEMENT - Olita Trek &amp; Bike - Lanzarote Excursions\",\"isPartOf\":{\"@id\":\"http:\\\/\\\/olita-treks.com\\\/#website\"},\"datePublished\":\"2016-10-17T17:51:42+00:00\",\"dateModified\":\"2025-05-16T18:24:47+00:00\",\"description\":\"Olita Treks & Bike offre des randonn\u00e9es guid\u00e9es, excursions en VTT et H\u00e9bergement \u00e0 Lanzarote. Villas, appartements exclusifs \u00e0 Costa Teguise\",\"breadcrumb\":{\"@id\":\"https:\\\/\\\/olita-treks.com\\\/fr\\\/hebergement\\\/#breadcrumb\"},\"inLanguage\":\"fr-FR\",\"potentialAction\":[{\"@type\":\"ReadAction\",\"target\":[\"https:\\\/\\\/olita-treks.com\\\/fr\\\/hebergement\\\/\"]}]},{\"@type\":\"BreadcrumbList\",\"@id\":\"https:\\\/\\\/olita-treks.com\\\/fr\\\/hebergement\\\/#breadcrumb\",\"itemListElement\":[{\"@type\":\"ListItem\",\"position\":1,\"name\":\"Home\",\"item\":\"https:\\\/\\\/olita-treks.com\\\/fr\\\/\"},{\"@type\":\"ListItem\",\"position\":2,\"name\":\"H\u00c9BERGEMENT\"}]},{\"@type\":\"WebSite\",\"@id\":\"http:\\\/\\\/olita-treks.com\\\/#website\",\"url\":\"http:\\\/\\\/olita-treks.com\\\/\",\"name\":\"Olita Trek &amp; Bike - Lanzarote Excursions\",\"description\":\"Olita Trek &amp; Bike offers guided walks and Mountain Bike Tours on Lanzarote, the most surprising of the Canary Islands.\",\"potentialAction\":[{\"@type\":\"SearchAction\",\"target\":{\"@type\":\"EntryPoint\",\"urlTemplate\":\"http:\\\/\\\/olita-treks.com\\\/?s={search_term_string}\"},\"query-input\":{\"@type\":\"PropertyValueSpecification\",\"valueRequired\":true,\"valueName\":\"search_term_string\"}}],\"inLanguage\":\"fr-FR\"}]}<\/script>\n<!-- \/ Yoast SEO plugin. -->","yoast_head_json":{"title":"H\u00c9BERGEMENT - Olita Trek &amp; Bike - Lanzarote Excursions","description":"Olita Treks & Bike offre des randonn\u00e9es guid\u00e9es, excursions en VTT et H\u00e9bergement \u00e0 Lanzarote. Villas, appartements exclusifs \u00e0 Costa Teguise","robots":{"index":"index","follow":"follow","max-snippet":"max-snippet:-1","max-image-preview":"max-image-preview:large","max-video-preview":"max-video-preview:-1"},"canonical":"https:\/\/olita-treks.com\/fr\/hebergement\/","og_locale":"fr_FR","og_type":"article","og_title":"H\u00c9BERGEMENT - Olita Trek &amp; Bike - Lanzarote Excursions","og_description":"Olita Treks & Bike offre des randonn\u00e9es guid\u00e9es, excursions en VTT et H\u00e9bergement \u00e0 Lanzarote. Villas, appartements exclusifs \u00e0 Costa Teguise","og_url":"https:\/\/olita-treks.com\/fr\/hebergement\/","og_site_name":"Olita Trek &amp; Bike - Lanzarote Excursions","article_publisher":"https:\/\/www.facebook.com\/olitalanzarote","article_modified_time":"2025-05-16T18:24:47+00:00","twitter_card":"summary_large_image","twitter_misc":{"Dur\u00e9e de lecture estim\u00e9e":"1 minute"},"schema":{"@context":"https:\/\/schema.org","@graph":[{"@type":"WebPage","@id":"https:\/\/olita-treks.com\/fr\/hebergement\/","url":"https:\/\/olita-treks.com\/fr\/hebergement\/","name":"H\u00c9BERGEMENT - Olita Trek &amp; Bike - Lanzarote Excursions","isPartOf":{"@id":"http:\/\/olita-treks.com\/#website"},"datePublished":"2016-10-17T17:51:42+00:00","dateModified":"2025-05-16T18:24:47+00:00","description":"Olita Treks & Bike offre des randonn\u00e9es guid\u00e9es, excursions en VTT et H\u00e9bergement \u00e0 Lanzarote. Villas, appartements exclusifs \u00e0 Costa Teguise","breadcrumb":{"@id":"https:\/\/olita-treks.com\/fr\/hebergement\/#breadcrumb"},"inLanguage":"fr-FR","potentialAction":[{"@type":"ReadAction","target":["https:\/\/olita-treks.com\/fr\/hebergement\/"]}]},{"@type":"BreadcrumbList","@id":"https:\/\/olita-treks.com\/fr\/hebergement\/#breadcrumb","itemListElement":[{"@type":"ListItem","position":1,"name":"Home","item":"https:\/\/olita-treks.com\/fr\/"},{"@type":"ListItem","position":2,"name":"H\u00c9BERGEMENT"}]},{"@type":"WebSite","@id":"http:\/\/olita-treks.com\/#website","url":"http:\/\/olita-treks.com\/","name":"Olita Trek &amp; Bike - Lanzarote Excursions","description":"Olita Trek &amp; Bike offers guided walks and Mountain Bike Tours on Lanzarote, the most surprising of the Canary Islands.","potentialAction":[{"@type":"SearchAction","target":{"@type":"EntryPoint","urlTemplate":"http:\/\/olita-treks.com\/?s={search_term_string}"},"query-input":{"@type":"PropertyValueSpecification","valueRequired":true,"valueName":"search_term_string"}}],"inLanguage":"fr-FR"}]}},"_links":{"self":[{"href":"https:\/\/olita-treks.com\/fr\/wp-json\/wp\/v2\/pages\/1444","targetHints":{"allow":["GET"]}}],"collection":[{"href":"https:\/\/olita-treks.com\/fr\/wp-json\/wp\/v2\/pages"}],"about":[{"href":"https:\/\/olita-treks.com\/fr\/wp-json\/wp\/v2\/types\/page"}],"author":[{"embeddable":true,"href":"https:\/\/olita-treks.com\/fr\/wp-json\/wp\/v2\/users\/3"}],"replies":[{"embeddable":true,"href":"https:\/\/olita-treks.com\/fr\/wp-json\/wp\/v2\/comments?post=1444"}],"version-history":[{"count":5,"href":"https:\/\/olita-treks.com\/fr\/wp-json\/wp\/v2\/pages\/1444\/revisions"}],"predecessor-version":[{"id":4112,"href":"https:\/\/olita-treks.com\/fr\/wp-json\/wp\/v2\/pages\/1444\/revisions\/4112"}],"wp:attachment":[{"href":"https:\/\/olita-treks.com\/fr\/wp-json\/wp\/v2\/media?parent=1444"}],"curies":[{"name":"wp","href":"https:\/\/api.w.org\/{rel}","templated":true}]}}