{"id":1436,"date":"2016-10-17T17:38:59","date_gmt":"2016-10-17T17:38:59","guid":{"rendered":"http:\/\/olita-treks.com\/newsite\/?page_id=1436&#038;lang=fr"},"modified":"2025-04-24T17:32:57","modified_gmt":"2025-04-24T17:32:57","slug":"grande-canarie-fuerteventura","status":"publish","type":"page","link":"https:\/\/olita-treks.com\/fr\/autres-destinations\/grande-canarie-fuerteventura\/","title":{"rendered":"Grande Canarie &#038; Fuerteventura"},"content":{"rendered":"<div class=\"wpb-content-wrapper\"><p>[vc_row full_width=\u00a0\u00bbstretch_row\u00a0\u00bb bg_type=\u00a0\u00bbimage\u00a0\u00bb parallax_style=\u00a0\u00bbvcpb-default\u00a0\u00bb bg_image_new=\u00a0\u00bb777|http:\/\/olita-treks.com\/newsite\/wp-content\/uploads\/2016\/04\/OlitaTreks_Canarias_GranCanaria-7-ret.jpg\u00a0\u00bb bg_image_repeat=\u00a0\u00bbno-repeat\u00a0\u00bb][vc_column]<div class=\"ult-spacer spacer-69f60f9a7fb32\" data-id=\"69f60f9a7fb32\" data-height=\"350\" data-height-mobile=\"350\" data-height-tab=\"350\" data-height-tab-portrait=\"\" data-height-mobile-landscape=\"\" style=\"clear:both;display:block;\"><\/div>[\/vc_column][\/vc_row][vc_row][vc_column][vc_custom_heading text=\u00a0\u00bbExcursions Grande Canarie &amp; Fuerteventura\u00a0\u00bb font_container=\u00a0\u00bbtag:h1|font_size:32|text_align:left\u00a0\u00bb use_theme_fonts=\u00a0\u00bbyes\u00a0\u00bb][vc_column_text]6 randonn\u00e9es guid\u00e9es (3 sur chaque \u00eele) Programme sur 8 jours. Deux grandes \u00eeles si proches mais si diff\u00e9rentes. Trois heures s\u00e9parent ses deux \u00eeles, mais la for\u00eat de pins de Caldera de Tejeda culminant a 2000 m\u00e8tres contraste avec les grandes plaines et plages de Fuerteventura.[\/vc_column_text][vc_masonry_media_grid grid_id=\u00a0\u00bbvc_gid:1739708506835-47d856dd-5ab9-2&Prime; include=\u00a0\u00bb341,342,343,344,345,346&Prime;][\/vc_column][\/vc_row][vc_row full_width=\u00a0\u00bbstretch_row\u00a0\u00bb bg_type=\u00a0\u00bbbg_color\u00a0\u00bb bg_color_value=\u00a0\u00bb#f2f2f2&Prime; css=\u00a0\u00bb.vc_custom_1460991685674{margin-bottom: 0px !important;border-bottom-width: 0px !important;padding-bottom: 0px !important;}\u00a0\u00bb][vc_column width=\u00a0\u00bb1\/6&Prime;][\/vc_column][vc_column width=\u00a0\u00bb2\/3&Prime;][vc_custom_heading text=\u00a0\u00bbImpossible de trouver ce que vous cherchez?\u00a0\u00bb font_container=\u00a0\u00bbtag:h3|font_size:32|text_align:center\u00a0\u00bb use_theme_fonts=\u00a0\u00bbyes\u00a0\u00bb][vc_column_text]<\/p>\n<p style=\"text-align: center;\">Envoyez-nous vos id\u00e9es de vacances et recevez votre devis personnalis\u00e9<\/p>\n<p>[\/vc_column_text]<p class=\"wpcf7-contact-form-not-found\"><strong>Erreur\u00a0:<\/strong> Formulaire de contact non trouv\u00e9\u00a0!<\/p>[\/vc_column][vc_column width=\u00a0\u00bb1\/6&Prime;][\/vc_column][\/vc_row]<\/p>\n<\/div>","protected":false},"excerpt":{"rendered":"<p>[vc_row full_width=\u00a0\u00bbstretch_row\u00a0\u00bb bg_type=\u00a0\u00bbimage\u00a0\u00bb parallax_style=\u00a0\u00bbvcpb-default\u00a0\u00bb bg_image_new=\u00a0\u00bb777|http:\/\/olita-treks.com\/newsite\/wp-content\/uploads\/2016\/04\/OlitaTreks_Canarias_GranCanaria-7-ret.jpg\u00a0\u00bb bg_image_repeat=\u00a0\u00bbno-repeat\u00a0\u00bb][vc_column][\/vc_column][\/vc_row][vc_row][vc_column][vc_custom_heading text=\u00a0\u00bbExcursions Grande Canarie &amp; Fuerteventura\u00a0\u00bb font_container=\u00a0\u00bbtag:h1|font_size:32|text_align:left\u00a0\u00bb use_theme_fonts=\u00a0\u00bbyes\u00a0\u00bb][vc_column_text]6 randonn\u00e9es guid\u00e9es (3 sur chaque \u00eele) Programme sur 8 jours. Deux grandes \u00eeles si proches mais si diff\u00e9rentes. Trois heures s\u00e9parent ses deux \u00eeles, mais la for\u00eat de pins de Caldera de Tejeda culminant a 2000 m\u00e8tres contraste avec les grandes plaines<\/p>\n","protected":false},"author":3,"featured_media":2022,"parent":1428,"menu_order":0,"comment_status":"closed","ping_status":"closed","template":"","meta":{"footnotes":""},"class_list":["post-1436","page","type-page","status-publish","has-post-thumbnail","hentry"],"yoast_head":"<!-- This site is optimized with the Yoast SEO plugin v27.4 - https:\/\/yoast.com\/product\/yoast-seo-wordpress\/ -->\n<title>Grande Canarie &amp; Fuerteventura - Olita Trek &amp; Bike - Lanzarote Excursions<\/title>\n<meta name=\"description\" content=\"Fantastiques balades sur les \u00eeles Canaries Fuerteventura et Grande Canarie. Excursions guid\u00e9es vari\u00e9es, programme de randonn\u00e9e de 8 jours.\" \/>\n<meta name=\"robots\" content=\"index, follow, max-snippet:-1, max-image-preview:large, max-video-preview:-1\" \/>\n<link rel=\"canonical\" href=\"https:\/\/olita-treks.com\/fr\/autres-destinations\/grande-canarie-fuerteventura\/\" \/>\n<meta property=\"og:locale\" content=\"fr_FR\" \/>\n<meta property=\"og:type\" content=\"article\" \/>\n<meta property=\"og:title\" content=\"Grande Canarie &amp; Fuerteventura - Olita Trek &amp; Bike - Lanzarote Excursions\" \/>\n<meta property=\"og:description\" content=\"Fantastiques balades sur les \u00eeles Canaries Fuerteventura et Grande Canarie. Excursions guid\u00e9es vari\u00e9es, programme de randonn\u00e9e de 8 jours.\" \/>\n<meta property=\"og:url\" content=\"https:\/\/olita-treks.com\/fr\/autres-destinations\/grande-canarie-fuerteventura\/\" \/>\n<meta property=\"og:site_name\" content=\"Olita Trek &amp; Bike - Lanzarote Excursions\" \/>\n<meta property=\"article:publisher\" content=\"https:\/\/www.facebook.com\/olitalanzarote\" \/>\n<meta property=\"article:modified_time\" content=\"2025-04-24T17:32:57+00:00\" \/>\n<meta property=\"og:image\" content=\"https:\/\/olita-treks.com\/wp-content\/uploads\/2016\/04\/Olita_GranCanaria-5.jpg\" \/>\n\t<meta property=\"og:image:width\" content=\"550\" \/>\n\t<meta property=\"og:image:height\" content=\"383\" \/>\n\t<meta property=\"og:image:type\" content=\"image\/jpeg\" \/>\n<meta name=\"twitter:card\" content=\"summary_large_image\" \/>\n<meta name=\"twitter:label1\" content=\"Dur\u00e9e de lecture estim\u00e9e\" \/>\n\t<meta name=\"twitter:data1\" content=\"1 minute\" \/>\n<script type=\"application\/ld+json\" class=\"yoast-schema-graph\">{\"@context\":\"https:\\\/\\\/schema.org\",\"@graph\":[{\"@type\":\"WebPage\",\"@id\":\"https:\\\/\\\/olita-treks.com\\\/fr\\\/autres-destinations\\\/grande-canarie-fuerteventura\\\/\",\"url\":\"https:\\\/\\\/olita-treks.com\\\/fr\\\/autres-destinations\\\/grande-canarie-fuerteventura\\\/\",\"name\":\"Grande Canarie & Fuerteventura - Olita Trek &amp; Bike - Lanzarote Excursions\",\"isPartOf\":{\"@id\":\"http:\\\/\\\/olita-treks.com\\\/#website\"},\"primaryImageOfPage\":{\"@id\":\"https:\\\/\\\/olita-treks.com\\\/fr\\\/autres-destinations\\\/grande-canarie-fuerteventura\\\/#primaryimage\"},\"image\":{\"@id\":\"https:\\\/\\\/olita-treks.com\\\/fr\\\/autres-destinations\\\/grande-canarie-fuerteventura\\\/#primaryimage\"},\"thumbnailUrl\":\"https:\\\/\\\/olita-treks.com\\\/wp-content\\\/uploads\\\/2016\\\/04\\\/Olita_GranCanaria-5.jpg\",\"datePublished\":\"2016-10-17T17:38:59+00:00\",\"dateModified\":\"2025-04-24T17:32:57+00:00\",\"description\":\"Fantastiques balades sur les \u00eeles Canaries Fuerteventura et Grande Canarie. Excursions guid\u00e9es vari\u00e9es, programme de randonn\u00e9e de 8 jours.\",\"breadcrumb\":{\"@id\":\"https:\\\/\\\/olita-treks.com\\\/fr\\\/autres-destinations\\\/grande-canarie-fuerteventura\\\/#breadcrumb\"},\"inLanguage\":\"fr-FR\",\"potentialAction\":[{\"@type\":\"ReadAction\",\"target\":[\"https:\\\/\\\/olita-treks.com\\\/fr\\\/autres-destinations\\\/grande-canarie-fuerteventura\\\/\"]}]},{\"@type\":\"ImageObject\",\"inLanguage\":\"fr-FR\",\"@id\":\"https:\\\/\\\/olita-treks.com\\\/fr\\\/autres-destinations\\\/grande-canarie-fuerteventura\\\/#primaryimage\",\"url\":\"https:\\\/\\\/olita-treks.com\\\/wp-content\\\/uploads\\\/2016\\\/04\\\/Olita_GranCanaria-5.jpg\",\"contentUrl\":\"https:\\\/\\\/olita-treks.com\\\/wp-content\\\/uploads\\\/2016\\\/04\\\/Olita_GranCanaria-5.jpg\",\"width\":550,\"height\":383},{\"@type\":\"BreadcrumbList\",\"@id\":\"https:\\\/\\\/olita-treks.com\\\/fr\\\/autres-destinations\\\/grande-canarie-fuerteventura\\\/#breadcrumb\",\"itemListElement\":[{\"@type\":\"ListItem\",\"position\":1,\"name\":\"Home\",\"item\":\"https:\\\/\\\/olita-treks.com\\\/fr\\\/\"},{\"@type\":\"ListItem\",\"position\":2,\"name\":\"AUTRES DESTINATIONS\",\"item\":\"https:\\\/\\\/olita-treks.com\\\/fr\\\/autres-destinations\\\/\"},{\"@type\":\"ListItem\",\"position\":3,\"name\":\"Grande Canarie &#038; Fuerteventura\"}]},{\"@type\":\"WebSite\",\"@id\":\"http:\\\/\\\/olita-treks.com\\\/#website\",\"url\":\"http:\\\/\\\/olita-treks.com\\\/\",\"name\":\"Olita Trek &amp; Bike - Lanzarote Excursions\",\"description\":\"Olita Trek &amp; Bike offers guided walks and Mountain Bike Tours on Lanzarote, the most surprising of the Canary Islands.\",\"potentialAction\":[{\"@type\":\"SearchAction\",\"target\":{\"@type\":\"EntryPoint\",\"urlTemplate\":\"http:\\\/\\\/olita-treks.com\\\/?s={search_term_string}\"},\"query-input\":{\"@type\":\"PropertyValueSpecification\",\"valueRequired\":true,\"valueName\":\"search_term_string\"}}],\"inLanguage\":\"fr-FR\"}]}<\/script>\n<!-- \/ Yoast SEO plugin. -->","yoast_head_json":{"title":"Grande Canarie & Fuerteventura - Olita Trek &amp; Bike - Lanzarote Excursions","description":"Fantastiques balades sur les \u00eeles Canaries Fuerteventura et Grande Canarie. Excursions guid\u00e9es vari\u00e9es, programme de randonn\u00e9e de 8 jours.","robots":{"index":"index","follow":"follow","max-snippet":"max-snippet:-1","max-image-preview":"max-image-preview:large","max-video-preview":"max-video-preview:-1"},"canonical":"https:\/\/olita-treks.com\/fr\/autres-destinations\/grande-canarie-fuerteventura\/","og_locale":"fr_FR","og_type":"article","og_title":"Grande Canarie & Fuerteventura - Olita Trek &amp; Bike - Lanzarote Excursions","og_description":"Fantastiques balades sur les \u00eeles Canaries Fuerteventura et Grande Canarie. Excursions guid\u00e9es vari\u00e9es, programme de randonn\u00e9e de 8 jours.","og_url":"https:\/\/olita-treks.com\/fr\/autres-destinations\/grande-canarie-fuerteventura\/","og_site_name":"Olita Trek &amp; Bike - Lanzarote Excursions","article_publisher":"https:\/\/www.facebook.com\/olitalanzarote","article_modified_time":"2025-04-24T17:32:57+00:00","og_image":[{"width":550,"height":383,"url":"https:\/\/olita-treks.com\/wp-content\/uploads\/2016\/04\/Olita_GranCanaria-5.jpg","type":"image\/jpeg"}],"twitter_card":"summary_large_image","twitter_misc":{"Dur\u00e9e de lecture estim\u00e9e":"1 minute"},"schema":{"@context":"https:\/\/schema.org","@graph":[{"@type":"WebPage","@id":"https:\/\/olita-treks.com\/fr\/autres-destinations\/grande-canarie-fuerteventura\/","url":"https:\/\/olita-treks.com\/fr\/autres-destinations\/grande-canarie-fuerteventura\/","name":"Grande Canarie & Fuerteventura - Olita Trek &amp; Bike - Lanzarote Excursions","isPartOf":{"@id":"http:\/\/olita-treks.com\/#website"},"primaryImageOfPage":{"@id":"https:\/\/olita-treks.com\/fr\/autres-destinations\/grande-canarie-fuerteventura\/#primaryimage"},"image":{"@id":"https:\/\/olita-treks.com\/fr\/autres-destinations\/grande-canarie-fuerteventura\/#primaryimage"},"thumbnailUrl":"https:\/\/olita-treks.com\/wp-content\/uploads\/2016\/04\/Olita_GranCanaria-5.jpg","datePublished":"2016-10-17T17:38:59+00:00","dateModified":"2025-04-24T17:32:57+00:00","description":"Fantastiques balades sur les \u00eeles Canaries Fuerteventura et Grande Canarie. Excursions guid\u00e9es vari\u00e9es, programme de randonn\u00e9e de 8 jours.","breadcrumb":{"@id":"https:\/\/olita-treks.com\/fr\/autres-destinations\/grande-canarie-fuerteventura\/#breadcrumb"},"inLanguage":"fr-FR","potentialAction":[{"@type":"ReadAction","target":["https:\/\/olita-treks.com\/fr\/autres-destinations\/grande-canarie-fuerteventura\/"]}]},{"@type":"ImageObject","inLanguage":"fr-FR","@id":"https:\/\/olita-treks.com\/fr\/autres-destinations\/grande-canarie-fuerteventura\/#primaryimage","url":"https:\/\/olita-treks.com\/wp-content\/uploads\/2016\/04\/Olita_GranCanaria-5.jpg","contentUrl":"https:\/\/olita-treks.com\/wp-content\/uploads\/2016\/04\/Olita_GranCanaria-5.jpg","width":550,"height":383},{"@type":"BreadcrumbList","@id":"https:\/\/olita-treks.com\/fr\/autres-destinations\/grande-canarie-fuerteventura\/#breadcrumb","itemListElement":[{"@type":"ListItem","position":1,"name":"Home","item":"https:\/\/olita-treks.com\/fr\/"},{"@type":"ListItem","position":2,"name":"AUTRES DESTINATIONS","item":"https:\/\/olita-treks.com\/fr\/autres-destinations\/"},{"@type":"ListItem","position":3,"name":"Grande Canarie &#038; Fuerteventura"}]},{"@type":"WebSite","@id":"http:\/\/olita-treks.com\/#website","url":"http:\/\/olita-treks.com\/","name":"Olita Trek &amp; Bike - Lanzarote Excursions","description":"Olita Trek &amp; Bike offers guided walks and Mountain Bike Tours on Lanzarote, the most surprising of the Canary Islands.","potentialAction":[{"@type":"SearchAction","target":{"@type":"EntryPoint","urlTemplate":"http:\/\/olita-treks.com\/?s={search_term_string}"},"query-input":{"@type":"PropertyValueSpecification","valueRequired":true,"valueName":"search_term_string"}}],"inLanguage":"fr-FR"}]}},"_links":{"self":[{"href":"https:\/\/olita-treks.com\/fr\/wp-json\/wp\/v2\/pages\/1436","targetHints":{"allow":["GET"]}}],"collection":[{"href":"https:\/\/olita-treks.com\/fr\/wp-json\/wp\/v2\/pages"}],"about":[{"href":"https:\/\/olita-treks.com\/fr\/wp-json\/wp\/v2\/types\/page"}],"author":[{"embeddable":true,"href":"https:\/\/olita-treks.com\/fr\/wp-json\/wp\/v2\/users\/3"}],"replies":[{"embeddable":true,"href":"https:\/\/olita-treks.com\/fr\/wp-json\/wp\/v2\/comments?post=1436"}],"version-history":[{"count":4,"href":"https:\/\/olita-treks.com\/fr\/wp-json\/wp\/v2\/pages\/1436\/revisions"}],"predecessor-version":[{"id":3423,"href":"https:\/\/olita-treks.com\/fr\/wp-json\/wp\/v2\/pages\/1436\/revisions\/3423"}],"up":[{"embeddable":true,"href":"https:\/\/olita-treks.com\/fr\/wp-json\/wp\/v2\/pages\/1428"}],"wp:featuredmedia":[{"embeddable":true,"href":"https:\/\/olita-treks.com\/fr\/wp-json\/wp\/v2\/media\/2022"}],"wp:attachment":[{"href":"https:\/\/olita-treks.com\/fr\/wp-json\/wp\/v2\/media?parent=1436"}],"curies":[{"name":"wp","href":"https:\/\/api.w.org\/{rel}","templated":true}]}}