{"id":1399,"date":"2016-10-17T09:49:55","date_gmt":"2016-10-17T09:49:55","guid":{"rendered":"http:\/\/olita-treks.com\/newsite\/?page_id=1399&#038;lang=fr"},"modified":"2025-05-06T09:12:53","modified_gmt":"2025-05-06T09:12:53","slug":"vacances-sur-mesure","status":"publish","type":"page","link":"https:\/\/olita-treks.com\/fr\/vacances-sur-mesure\/","title":{"rendered":"VACANCES SUR MESURE"},"content":{"rendered":"<div class=\"wpb-content-wrapper\"><p>[vc_row full_width=\u00a0\u00bbstretch_row\u00a0\u00bb bg_type=\u00a0\u00bbimage\u00a0\u00bb parallax_style=\u00a0\u00bbvcpb-default\u00a0\u00bb bg_image_new=\u00a0\u00bb719|http:\/\/olita-treks.com\/newsite\/wp-content\/uploads\/2016\/04\/DSC02603_151205-Edit-ret.jpg\u00a0\u00bb bg_image_repeat=\u00a0\u00bbno-repeat\u00a0\u00bb bg_image_posiiton=\u00a0\u00bb0px\u00a0\u00bb css=\u00a0\u00bb.vc_custom_1739708019859{padding-top: 0px !important;padding-bottom: 0px !important;}\u00a0\u00bb][vc_column]<div class=\"ult-spacer spacer-69e9f954ce8e7\" data-id=\"69e9f954ce8e7\" data-height=\"350\" data-height-mobile=\"350\" data-height-tab=\"350\" data-height-tab-portrait=\"\" data-height-mobile-landscape=\"\" style=\"clear:both;display:block;\"><\/div>[\/vc_column][\/vc_row][vc_row][vc_column][vc_custom_heading text=\u00a0\u00bbVacances sur mesure\u00a0\u00bb font_container=\u00a0\u00bbtag:h1|font_size:32|text_align:left\u00a0\u00bb use_theme_fonts=\u00a0\u00bbyes\u00a0\u00bb][vc_column_text css=\u00a0\u00bb\u00a0\u00bb]<\/p>\n<p class=\"\" data-start=\"50\" data-end=\"452\"><strong data-start=\"50\" data-end=\"85\">Des vacances selon vos envies !<\/strong><br data-start=\"85\" data-end=\"88\" \/>Olita Trek &amp; Bike vous propose une \u00e9xperience sur mesure pour des vacances parfaites. R\u00e9sumez bri\u00e8vement vos id\u00e9es et souhaits, et recevez une proposition pour organiser votre s\u00e9jour : des activit\u00e9s sportives avec les meilleurs prestataires, des visites qui en valent la peine, jusqu&rsquo;\u00e0 l\u2019h\u00e9bergement et des conseils pour des restaurants \u00e0 l\u2019\u00e9cart des foules touristiques.<\/p>\n<p class=\"\" data-start=\"454\" data-end=\"529\">Voici quelques id\u00e9es pour des vacances inoubliables \u00e0 Lanzarote :<\/p>\n<p>[\/vc_column_text][\/vc_column][\/vc_row][vc_row][vc_column width=\u00a0\u00bb2\/3&Prime;][vc_basic_grid post_type=\u00a0\u00bbids\u00a0\u00bb element_width=\u00a0\u00bb6&Prime; item=\u00a0\u00bb1418&Prime; grid_id=\u00a0\u00bbvc_gid:1746522520925-d449f0cd-567c-7&Prime; include=\u00a0\u00bb218, 220, 222, 224, 226, 228&Prime;][\/vc_column][vc_column width=\u00a0\u00bb1\/3&Prime; css=\u00a0\u00bb.vc_custom_1464775559811 {padding-top: 20px !important;padding-right: 30px !important;padding-bottom: 40px !important;padding-left: 30px !important;background-color: #ffffff !important;}\u00a0\u00bb]<div class=\"aio-icon-component    style_3\"><div id=\"Info-box-wrap-8125\" class=\"aio-icon-box square_box-icon\" style=\"\"  ><div class=\"aio-icon-square_box\"><div class=\"ult-just-icon-wrapper  \"><div class=\"align-icon\" style=\"text-align:center;\">\n<div class=\"aio-icon-img \" style=\"font-size:128px;display:inline-block;\" data-animation=\"pulse\" data-animation-delay=\"03\">\n\t<img decoding=\"async\" class=\"img-icon\" alt=\"\" src=\"https:\/\/olita-treks.com\/wp-content\/uploads\/2015\/11\/big-o.png\"\/>\n<\/div><\/div><\/div><\/div><div class=\"aio-icon-header\" ><h3 class=\"aio-icon-title ult-responsive\"  data-ultimate-target='#Info-box-wrap-8125 .aio-icon-title'  data-responsive-json-new='{\"font-size\":\"desktop:22px;\",\"line-height\":\"\"}'  style=\"font-weight:bold;\">IMPOSSIBLE DE TROUVER CE QUE VOUS CHERCHEZ?<\/h3><\/div> <!-- header --><div class=\"aio-icon-description ult-responsive\"  data-ultimate-target='#Info-box-wrap-8125 .aio-icon-description'  data-responsive-json-new='{\"font-size\":\"\",\"line-height\":\"\"}'  style=\"\"><\/p>\n<h3>Envoyez-nous vos id\u00e9es de vacances et recevez votre devis.<\/h3>\n<p><\/div> <!-- description --><\/div> <!-- aio-icon-box --><\/div> <!-- aio-icon-component --><div id=\"modal-trg-txt-wrap-3360\" class=\"ult-modal-input-wrapper ult-adjust-bottom-margin    \" data-keypress-control=\"keypress-control-enable\" data-overlay-control=\"overlay-control-enable\"><button  data-ultimate-target='#modal-trg-txt-wrap-3360 .btn-modal'  data-responsive-json-new='{\"font-size\":\"\",\"line-height\":\"\"}'  style=\"background:#e8e047;border-color:#e8e047;color:#383838; \" data-class-id=\"content-69e9f954cf2d73-62941343\" class=\"btn-modal ult-responsive btn-primary btn-modal-block overlay-show ult-align-center btn-id-69e9f954cf2d73-62941343\" data-overlay-class=\"overlay-fade\">OBTENEZ VOTRE DEVIS<\/button><\/div>\n<div class=\"ult-overlay content-69e9f954cf2d73-62941343 \" data-class=\"content-69e9f954cf2d73-62941343\" id=\"button-click-overlay\" style=\"background:rgba(51,51,51,0.9); display:none;\">\n\t<div class=\"ult_modal ult-fade ult-medium\">\n\t\t<div id=\"ult-modal-wrap-8091\" class=\"ult_modal-content ult-hide\" style=\"border-style:solid;border-width:2px;border-radius:0px;border-color:#333333;\">\n\t\t\t<div class=\"ult_modal-header\" style=\"color:#333333;border-color:#333333;\">\n\t\t\t\t<div class=\"modal-icon\"><i class=\"Defaults-envelope-o\"><\/i><\/div><h3  data-ultimate-target='#ult-modal-wrap-8091 .ult_modal-title'  data-responsive-json-new='{\"font-size\":\"\",\"line-height\":\"\"}'  class=\"ult_modal-title ult-responsive\">Vacances sur mesure<\/h3>\n\t\t\t<\/div>\n\t\t\t<div  data-ultimate-target='#ult-modal-wrap-8091 .ult_modal-body'  data-responsive-json-new='{\"font-size\":\"\",\"line-height\":\"\"}'  class=\"ult_modal-body ult-responsive ult-html\" style=\"\">\n\t\t\t\n<div class=\"wpcf7 no-js\" id=\"wpcf7-f1675-o1\" lang=\"en-US\" dir=\"ltr\" data-wpcf7-id=\"1675\">\n<div class=\"screen-reader-response\"><p role=\"status\" aria-live=\"polite\" aria-atomic=\"true\"><\/p> <ul><\/ul><\/div>\n<form action=\"\/fr\/wp-json\/wp\/v2\/pages\/1399#wpcf7-f1675-o1\" method=\"post\" class=\"wpcf7-form init\" aria-label=\"Contact form\" novalidate=\"novalidate\" data-status=\"init\">\n<fieldset class=\"hidden-fields-container\"><input type=\"hidden\" name=\"_wpcf7\" value=\"1675\" \/><input type=\"hidden\" name=\"_wpcf7_version\" value=\"6.1.5\" \/><input type=\"hidden\" name=\"_wpcf7_locale\" value=\"en_US\" \/><input type=\"hidden\" name=\"_wpcf7_unit_tag\" value=\"wpcf7-f1675-o1\" \/><input type=\"hidden\" name=\"_wpcf7_container_post\" value=\"0\" \/><input type=\"hidden\" name=\"_wpcf7_posted_data_hash\" value=\"\" \/><input type=\"hidden\" name=\"_wpcf7dtx_version\" value=\"5.0.5\" \/><input type=\"hidden\" name=\"_wpcf7_recaptcha_response\" value=\"\" \/>\n<\/fieldset>\n<p>Excursion:\n<\/p>\n<p><span class=\"wpcf7-form-control-wrap\" data-name=\"menu-tour\"><select class=\"wpcf7-form-control wpcf7-select\" aria-invalid=\"false\" name=\"menu-tour\"><option value=\"Lanzarote a pied\">Lanzarote a pied<\/option><option value=\"Multi-activites\">Multi-activites<\/option><option value=\"Vacances sur mesure\">Vacances sur mesure<\/option><option value=\"D\u00e9couvrez C\u00e9sar Manrique\">D\u00e9couvrez C\u00e9sar Manrique<\/option><option value=\"Lanzarote en VTT\">Lanzarote en VTT<\/option><option value=\"Randonn\u00e9es photo\">Randonn\u00e9es photo<\/option><\/select><\/span>\n<\/p>\n<p>Date du voyage (AAAA-MM-JJ)\n<\/p>\n<p><span class=\"wpcf7-form-control-wrap\" data-name=\"your-date\"><input class=\"wpcf7-form-control wpcf7-date wpcf7-validates-as-required wpcf7-validates-as-date\" aria-required=\"true\" aria-invalid=\"false\" value=\"\" type=\"date\" name=\"your-date\" \/><\/span>\n<\/p>\n<p>Nombre de jours:\n<\/p>\n<p><span class=\"wpcf7-form-control-wrap\" data-name=\"text-days\"><input size=\"40\" maxlength=\"400\" class=\"wpcf7-form-control wpcf7-text\" aria-invalid=\"false\" value=\"\" type=\"text\" name=\"text-days\" \/><\/span>\n<\/p>\n<p>Nombre d'adultes:\n<\/p>\n<p><span class=\"wpcf7-form-control-wrap\" data-name=\"number-adults\"><input class=\"wpcf7-form-control wpcf7-number wpcf7-validates-as-number\" min=\"1\" max=\"15\" aria-invalid=\"false\" value=\"\" type=\"number\" name=\"number-adults\" \/><\/span>\n<\/p>\n<p>Enfants (\u00e2ge)\n<\/p>\n<p><span class=\"wpcf7-form-control-wrap\" data-name=\"ages-children\"><input size=\"40\" maxlength=\"400\" class=\"wpcf7-form-control wpcf7-text\" aria-invalid=\"false\" value=\"\" type=\"text\" name=\"ages-children\" \/><\/span>\n<\/p>\n<p>Votre nom et pr\u00e9nom\n<\/p>\n<p><span class=\"wpcf7-form-control-wrap\" data-name=\"your-name\"><input size=\"40\" maxlength=\"400\" class=\"wpcf7-form-control wpcf7-text\" aria-invalid=\"false\" value=\"\" type=\"text\" name=\"your-name\" \/><\/span>\n<\/p>\n<p>Votre email (obligatoire)\n<\/p>\n<p><span class=\"wpcf7-form-control-wrap\" data-name=\"your-email\"><input size=\"40\" maxlength=\"400\" class=\"wpcf7-form-control wpcf7-email wpcf7-validates-as-required wpcf7-text wpcf7-validates-as-email\" aria-required=\"true\" aria-invalid=\"false\" value=\"\" type=\"email\" name=\"your-email\" \/><\/span>\n<\/p>\n<p>Votre t\u00e9l\u00e9phone\n<\/p>\n<p><span class=\"wpcf7-form-control-wrap\" data-name=\"your-phone\"><input size=\"40\" maxlength=\"400\" class=\"wpcf7-form-control wpcf7-tel wpcf7-text wpcf7-validates-as-tel\" aria-invalid=\"false\" value=\"\" type=\"tel\" name=\"your-phone\" \/><\/span>\n<\/p>\n<p>Budget par personne: (select)\n<\/p>\n<p><span class=\"wpcf7-form-control-wrap\" data-name=\"menu-budget\"><select class=\"wpcf7-form-control wpcf7-select\" aria-invalid=\"false\" name=\"menu-budget\"><option value=\"500\u20ac - 800\u20ac\">500\u20ac - 800\u20ac<\/option><option value=\"800\u20ac - 1200\u20ac\">800\u20ac - 1200\u20ac<\/option><option value=\"over 1200\u20ac\">over 1200\u20ac<\/option><option value=\"Don&#039;t know yet\">Don&#039;t know yet<\/option><\/select><\/span>\n<\/p>\n<p>Vos id\u00e9es et pr\u00e9f\u00e9rences\n<\/p>\n<p><span class=\"wpcf7-form-control-wrap\" data-name=\"your-message\"><textarea cols=\"40\" rows=\"10\" maxlength=\"2000\" class=\"wpcf7-form-control wpcf7-textarea\" aria-invalid=\"false\" name=\"your-message\">Isle(s), activit\u00e9s, type d&#039;h\u00e9bergement, etc<\/textarea><\/span>\n<\/p>\n<span class=\"wpcf7-form-control-wrap current_page\" data-name=\"current_page\"><input type=\"hidden\" name=\"current_page\" class=\"wpcf7-form-control wpcf7-hidden wpcf7dtx wpcf7dtx-hidden\" aria-invalid=\"false\" value=\"https:\/\/olita-treks.com\/fr\/wp-json\/wp\/v2\/pages\/1399\"><\/span>\n<p><span class=\"wpcf7-form-control-wrap\" data-name=\"acceptance-309\"><span class=\"wpcf7-form-control wpcf7-acceptance\"><span class=\"wpcf7-list-item\"><input type=\"checkbox\" name=\"acceptance-309\" value=\"1\" aria-invalid=\"false\" \/><\/span><\/span><\/span> J'accepte la <a href=\"\/privacy-policy\" target=\"_blank\">Politique de confidentialit\u00e9<\/a> (obligatoire)\n<\/p>\n\n<p><input class=\"wpcf7-form-control wpcf7-submit has-spinner\" type=\"submit\" value=\"Obtenez votre devis\" \/>\n<\/p><div class=\"fusion-alert alert custom alert-custom fusion-alert-center wpcf7-response-output awb-alert-native-link-color alert-dismissable awb-alert-close-boxed\" style=\"--awb-border-size:1px;--awb-border-top-left-radius:0px;--awb-border-top-right-radius:0px;--awb-border-bottom-left-radius:0px;--awb-border-bottom-right-radius:0px;\" role=\"alert\"><div class=\"fusion-alert-content-wrapper\"><span class=\"fusion-alert-content\"><\/span><\/div><button type=\"button\" class=\"close toggle-alert\" data-dismiss=\"alert\" aria-label=\"Close\">&times;<\/button><\/div>\n<\/form>\n<\/div>\n\n\t\t\t<\/div>\n\t<\/div>\n\t<\/div>\n\t<div class=\"ult-overlay-close top-right\" style=\" \"><div class=\"ult-overlay-close-inside\">Close<\/div><\/div>\n<\/div>[\/vc_column][\/vc_row]<\/p>\n<\/div>","protected":false},"excerpt":{"rendered":"<p>[vc_row full_width=\u00a0\u00bbstretch_row\u00a0\u00bb bg_type=\u00a0\u00bbimage\u00a0\u00bb parallax_style=\u00a0\u00bbvcpb-default\u00a0\u00bb bg_image_new=\u00a0\u00bb719|http:\/\/olita-treks.com\/newsite\/wp-content\/uploads\/2016\/04\/DSC02603_151205-Edit-ret.jpg\u00a0\u00bb bg_image_repeat=\u00a0\u00bbno-repeat\u00a0\u00bb bg_image_posiiton=\u00a0\u00bb0px\u00a0\u00bb css=\u00a0\u00bb.vc_custom_1739708019859{padding-top: 0px !important;padding-bottom: 0px !important;}\u00a0\u00bb][vc_column][\/vc_column][\/vc_row][vc_row][vc_column][vc_custom_heading text=\u00a0\u00bbVacances sur mesure\u00a0\u00bb font_container=\u00a0\u00bbtag:h1|font_size:32|text_align:left\u00a0\u00bb use_theme_fonts=\u00a0\u00bbyes\u00a0\u00bb][vc_column_text css=\u00a0\u00bb\u00a0\u00bb] Des vacances selon vos envies !Olita Trek &amp; Bike vous propose une \u00e9xperience sur mesure pour des vacances parfaites. R\u00e9sumez bri\u00e8vement vos id\u00e9es et souhaits, et recevez une proposition pour organiser votre s\u00e9jour : des activit\u00e9s sportives<\/p>\n","protected":false},"author":3,"featured_media":0,"parent":0,"menu_order":0,"comment_status":"closed","ping_status":"closed","template":"","meta":{"footnotes":""},"class_list":["post-1399","page","type-page","status-publish","hentry"],"yoast_head":"<!-- This site is optimized with the Yoast SEO plugin v27.4 - https:\/\/yoast.com\/product\/yoast-seo-wordpress\/ -->\n<title>VACANCES SUR MESURE - Olita Trek &amp; Bike - Lanzarote Excursions<\/title>\n<meta name=\"description\" content=\"Olita Treks &amp; Bike offre des vacances sur m\u00e9sure avec des randonn\u00e9es guid\u00e9es et des excursions en VTT \u00e0 Lanzarote.\" \/>\n<meta name=\"robots\" content=\"index, follow, max-snippet:-1, max-image-preview:large, max-video-preview:-1\" \/>\n<link rel=\"canonical\" href=\"https:\/\/olita-treks.com\/fr\/vacances-sur-mesure\/\" \/>\n<meta property=\"og:locale\" content=\"fr_FR\" \/>\n<meta property=\"og:type\" content=\"article\" \/>\n<meta property=\"og:title\" content=\"VACANCES SUR MESURE - Olita Trek &amp; Bike - Lanzarote Excursions\" \/>\n<meta property=\"og:description\" content=\"Olita Treks &amp; Bike offre des vacances sur m\u00e9sure avec des randonn\u00e9es guid\u00e9es et des excursions en VTT \u00e0 Lanzarote.\" \/>\n<meta property=\"og:url\" content=\"https:\/\/olita-treks.com\/fr\/vacances-sur-mesure\/\" \/>\n<meta property=\"og:site_name\" content=\"Olita Trek &amp; Bike - Lanzarote Excursions\" \/>\n<meta property=\"article:publisher\" content=\"https:\/\/www.facebook.com\/olitalanzarote\" \/>\n<meta property=\"article:modified_time\" content=\"2025-05-06T09:12:53+00:00\" \/>\n<meta name=\"twitter:card\" content=\"summary_large_image\" \/>\n<meta name=\"twitter:label1\" content=\"Dur\u00e9e de lecture estim\u00e9e\" \/>\n\t<meta name=\"twitter:data1\" content=\"1 minute\" \/>\n<script type=\"application\/ld+json\" class=\"yoast-schema-graph\">{\"@context\":\"https:\\\/\\\/schema.org\",\"@graph\":[{\"@type\":\"WebPage\",\"@id\":\"https:\\\/\\\/olita-treks.com\\\/fr\\\/vacances-sur-mesure\\\/\",\"url\":\"https:\\\/\\\/olita-treks.com\\\/fr\\\/vacances-sur-mesure\\\/\",\"name\":\"VACANCES SUR MESURE - Olita Trek &amp; Bike - Lanzarote Excursions\",\"isPartOf\":{\"@id\":\"http:\\\/\\\/olita-treks.com\\\/#website\"},\"datePublished\":\"2016-10-17T09:49:55+00:00\",\"dateModified\":\"2025-05-06T09:12:53+00:00\",\"description\":\"Olita Treks & Bike offre des vacances sur m\u00e9sure avec des randonn\u00e9es guid\u00e9es et des excursions en VTT \u00e0 Lanzarote.\",\"breadcrumb\":{\"@id\":\"https:\\\/\\\/olita-treks.com\\\/fr\\\/vacances-sur-mesure\\\/#breadcrumb\"},\"inLanguage\":\"fr-FR\",\"potentialAction\":[{\"@type\":\"ReadAction\",\"target\":[\"https:\\\/\\\/olita-treks.com\\\/fr\\\/vacances-sur-mesure\\\/\"]}]},{\"@type\":\"BreadcrumbList\",\"@id\":\"https:\\\/\\\/olita-treks.com\\\/fr\\\/vacances-sur-mesure\\\/#breadcrumb\",\"itemListElement\":[{\"@type\":\"ListItem\",\"position\":1,\"name\":\"Home\",\"item\":\"https:\\\/\\\/olita-treks.com\\\/fr\\\/\"},{\"@type\":\"ListItem\",\"position\":2,\"name\":\"VACANCES SUR MESURE\"}]},{\"@type\":\"WebSite\",\"@id\":\"http:\\\/\\\/olita-treks.com\\\/#website\",\"url\":\"http:\\\/\\\/olita-treks.com\\\/\",\"name\":\"Olita Trek &amp; Bike - Lanzarote Excursions\",\"description\":\"Olita Trek &amp; Bike offers guided walks and Mountain Bike Tours on Lanzarote, the most surprising of the Canary Islands.\",\"potentialAction\":[{\"@type\":\"SearchAction\",\"target\":{\"@type\":\"EntryPoint\",\"urlTemplate\":\"http:\\\/\\\/olita-treks.com\\\/?s={search_term_string}\"},\"query-input\":{\"@type\":\"PropertyValueSpecification\",\"valueRequired\":true,\"valueName\":\"search_term_string\"}}],\"inLanguage\":\"fr-FR\"}]}<\/script>\n<!-- \/ Yoast SEO plugin. -->","yoast_head_json":{"title":"VACANCES SUR MESURE - Olita Trek &amp; Bike - Lanzarote Excursions","description":"Olita Treks & Bike offre des vacances sur m\u00e9sure avec des randonn\u00e9es guid\u00e9es et des excursions en VTT \u00e0 Lanzarote.","robots":{"index":"index","follow":"follow","max-snippet":"max-snippet:-1","max-image-preview":"max-image-preview:large","max-video-preview":"max-video-preview:-1"},"canonical":"https:\/\/olita-treks.com\/fr\/vacances-sur-mesure\/","og_locale":"fr_FR","og_type":"article","og_title":"VACANCES SUR MESURE - Olita Trek &amp; Bike - Lanzarote Excursions","og_description":"Olita Treks & Bike offre des vacances sur m\u00e9sure avec des randonn\u00e9es guid\u00e9es et des excursions en VTT \u00e0 Lanzarote.","og_url":"https:\/\/olita-treks.com\/fr\/vacances-sur-mesure\/","og_site_name":"Olita Trek &amp; Bike - Lanzarote Excursions","article_publisher":"https:\/\/www.facebook.com\/olitalanzarote","article_modified_time":"2025-05-06T09:12:53+00:00","twitter_card":"summary_large_image","twitter_misc":{"Dur\u00e9e de lecture estim\u00e9e":"1 minute"},"schema":{"@context":"https:\/\/schema.org","@graph":[{"@type":"WebPage","@id":"https:\/\/olita-treks.com\/fr\/vacances-sur-mesure\/","url":"https:\/\/olita-treks.com\/fr\/vacances-sur-mesure\/","name":"VACANCES SUR MESURE - Olita Trek &amp; Bike - Lanzarote Excursions","isPartOf":{"@id":"http:\/\/olita-treks.com\/#website"},"datePublished":"2016-10-17T09:49:55+00:00","dateModified":"2025-05-06T09:12:53+00:00","description":"Olita Treks & Bike offre des vacances sur m\u00e9sure avec des randonn\u00e9es guid\u00e9es et des excursions en VTT \u00e0 Lanzarote.","breadcrumb":{"@id":"https:\/\/olita-treks.com\/fr\/vacances-sur-mesure\/#breadcrumb"},"inLanguage":"fr-FR","potentialAction":[{"@type":"ReadAction","target":["https:\/\/olita-treks.com\/fr\/vacances-sur-mesure\/"]}]},{"@type":"BreadcrumbList","@id":"https:\/\/olita-treks.com\/fr\/vacances-sur-mesure\/#breadcrumb","itemListElement":[{"@type":"ListItem","position":1,"name":"Home","item":"https:\/\/olita-treks.com\/fr\/"},{"@type":"ListItem","position":2,"name":"VACANCES SUR MESURE"}]},{"@type":"WebSite","@id":"http:\/\/olita-treks.com\/#website","url":"http:\/\/olita-treks.com\/","name":"Olita Trek &amp; Bike - Lanzarote Excursions","description":"Olita Trek &amp; Bike offers guided walks and Mountain Bike Tours on Lanzarote, the most surprising of the Canary Islands.","potentialAction":[{"@type":"SearchAction","target":{"@type":"EntryPoint","urlTemplate":"http:\/\/olita-treks.com\/?s={search_term_string}"},"query-input":{"@type":"PropertyValueSpecification","valueRequired":true,"valueName":"search_term_string"}}],"inLanguage":"fr-FR"}]}},"_links":{"self":[{"href":"https:\/\/olita-treks.com\/fr\/wp-json\/wp\/v2\/pages\/1399","targetHints":{"allow":["GET"]}}],"collection":[{"href":"https:\/\/olita-treks.com\/fr\/wp-json\/wp\/v2\/pages"}],"about":[{"href":"https:\/\/olita-treks.com\/fr\/wp-json\/wp\/v2\/types\/page"}],"author":[{"embeddable":true,"href":"https:\/\/olita-treks.com\/fr\/wp-json\/wp\/v2\/users\/3"}],"replies":[{"embeddable":true,"href":"https:\/\/olita-treks.com\/fr\/wp-json\/wp\/v2\/comments?post=1399"}],"version-history":[{"count":8,"href":"https:\/\/olita-treks.com\/fr\/wp-json\/wp\/v2\/pages\/1399\/revisions"}],"predecessor-version":[{"id":3908,"href":"https:\/\/olita-treks.com\/fr\/wp-json\/wp\/v2\/pages\/1399\/revisions\/3908"}],"wp:attachment":[{"href":"https:\/\/olita-treks.com\/fr\/wp-json\/wp\/v2\/media?parent=1399"}],"curies":[{"name":"wp","href":"https:\/\/api.w.org\/{rel}","templated":true}]}}