{"id":1389,"date":"2016-10-17T09:35:04","date_gmt":"2016-10-17T09:35:04","guid":{"rendered":"http:\/\/olita-treks.com\/newsite\/?page_id=1389&#038;lang=fr"},"modified":"2025-08-09T16:14:42","modified_gmt":"2025-08-09T16:14:42","slug":"les-volcans","status":"publish","type":"page","link":"https:\/\/olita-treks.com\/fr\/randonnees-quotidiennes\/les-volcans\/","title":{"rendered":"Les Volcans"},"content":{"rendered":"<div class=\"wpb-content-wrapper\"><p>[vc_row full_width=\u00a0\u00bbstretch_row\u00a0\u00bb bg_type=\u00a0\u00bbimage\u00a0\u00bb parallax_style=\u00a0\u00bbvcpb-default\u00a0\u00bb bg_image_new=\u00a0\u00bbid^4168|url^http:\/\/olita-treks.com\/wp-content\/uploads\/2025\/05\/DSC02220_151125-Edit.jpg|caption^null|alt^Les volcans du Parque Nacional de Timanfaya|title^Timanfaya, tierra de volcanes &#8211; Yaiza, Lanzarote.|description^null\u00a0\u00bb bg_image_repeat=\u00a0\u00bbno-repeat\u00a0\u00bb bg_image_posiiton=\u00a0\u00bb0px 0px\u00a0\u00bb][vc_column]<div class=\"ult-spacer spacer-69e519d17e4b5\" data-id=\"69e519d17e4b5\" data-height=\"350\" data-height-mobile=\"350\" data-height-tab=\"350\" data-height-tab-portrait=\"\" data-height-mobile-landscape=\"\" style=\"clear:both;display:block;\"><\/div>[\/vc_column][\/vc_row][vc_row][vc_column][vc_custom_heading text=\u00a0\u00bbLes Volcans\u00a0\u00bb font_container=\u00a0\u00bbtag:h1|font_size:32|text_align:left\u00a0\u00bb use_theme_fonts=\u00a0\u00bbyes\u00a0\u00bb][vc_column_text css=\u00a0\u00bb\u00a0\u00bb]<strong><em>Tous les Mar, Mer, Sam &#8211; Prix \u20ac 48<\/em><\/strong><br \/>\nD\u00e9couverte du parc naturel des volcans de Timanfaya et ses paysages volcaniques spectaculaires. Vous pourrez admirez tout au long de votre balade de nombreux crat\u00e8res, tubes volcaniques et coul\u00e9es de lave. Les lichens sont les principaux habitants de ce d\u00e9cor lunaire.[\/vc_column_text][vc_masonry_media_grid css=\u00a0\u00bb\u00a0\u00bb grid_id=\u00a0\u00bbvc_gid:1754756029378-2e4ead8f-adba-10&Prime; include=\u00a0\u00bb4097,4467,4447,1005,4455,4495,4172,4471,4507&Prime;][\/vc_column][\/vc_row][vc_row full_width=\u00a0\u00bbstretch_row\u00a0\u00bb bg_type=\u00a0\u00bbbg_color\u00a0\u00bb bg_color_value=\u00a0\u00bb#f2f2f2&Prime; css=\u00a0\u00bb.vc_custom_1460991685674{margin-bottom: 0px !important;border-bottom-width: 0px !important;padding-bottom: 0px !important;}\u00a0\u00bb][vc_column width=\u00a0\u00bb1\/6&Prime;][\/vc_column][vc_column width=\u00a0\u00bb2\/3&Prime;][vc_custom_heading text=\u00a0\u00bbR\u00e9servations et informations\u00a0\u00bb font_container=\u00a0\u00bbtag:h3|font_size:32|text_align:center\u00a0\u00bb use_theme_fonts=\u00a0\u00bbyes\u00a0\u00bb]\n<div class=\"wpcf7 no-js\" id=\"wpcf7-f1665-o1\" lang=\"en-US\" dir=\"ltr\" data-wpcf7-id=\"1665\">\n<div class=\"screen-reader-response\"><p role=\"status\" aria-live=\"polite\" aria-atomic=\"true\"><\/p> <ul><\/ul><\/div>\n<form action=\"\/fr\/wp-json\/wp\/v2\/pages\/1389#wpcf7-f1665-o1\" method=\"post\" class=\"wpcf7-form init\" aria-label=\"Contact form\" novalidate=\"novalidate\" data-status=\"init\">\n<fieldset class=\"hidden-fields-container\"><input type=\"hidden\" name=\"_wpcf7\" value=\"1665\" \/><input type=\"hidden\" name=\"_wpcf7_version\" value=\"6.1.5\" \/><input type=\"hidden\" name=\"_wpcf7_locale\" value=\"en_US\" \/><input type=\"hidden\" name=\"_wpcf7_unit_tag\" value=\"wpcf7-f1665-o1\" \/><input type=\"hidden\" name=\"_wpcf7_container_post\" value=\"0\" \/><input type=\"hidden\" name=\"_wpcf7_posted_data_hash\" value=\"\" \/><input type=\"hidden\" name=\"_wpcf7dtx_version\" value=\"5.0.5\" \/><input type=\"hidden\" name=\"_wpcf7_recaptcha_response\" value=\"\" \/>\n<\/fieldset>\n<p>Nom - Pr\u00e9nom\n<\/p>\n<p><span class=\"wpcf7-form-control-wrap\" data-name=\"your-name\"><input size=\"40\" maxlength=\"400\" class=\"wpcf7-form-control wpcf7-text\" aria-invalid=\"false\" value=\"\" type=\"text\" name=\"your-name\" \/><\/span>\n<\/p>\n<p>Votre email (obligatoire)\n<\/p>\n<p><span class=\"wpcf7-form-control-wrap\" data-name=\"your-email\"><input size=\"40\" maxlength=\"400\" class=\"wpcf7-form-control wpcf7-email wpcf7-validates-as-required wpcf7-text wpcf7-validates-as-email\" aria-required=\"true\" aria-invalid=\"false\" value=\"\" type=\"email\" name=\"your-email\" \/><\/span>\n<\/p>\n<p>Message\n<\/p>\n<p><span class=\"wpcf7-form-control-wrap\" data-name=\"your-message\"><textarea cols=\"40\" rows=\"10\" maxlength=\"2000\" class=\"wpcf7-form-control wpcf7-textarea\" aria-invalid=\"false\" name=\"your-message\"><\/textarea><\/span>\n<\/p>\n<span class=\"wpcf7-form-control-wrap current_page\" data-name=\"current_page\"><input type=\"hidden\" name=\"current_page\" class=\"wpcf7-form-control wpcf7-hidden wpcf7dtx wpcf7dtx-hidden\" aria-invalid=\"false\" value=\"https:\/\/olita-treks.com\/fr\/wp-json\/wp\/v2\/pages\/1389\"><\/span>\n<p><span class=\"wpcf7-form-control-wrap\" data-name=\"acceptance-309\"><span class=\"wpcf7-form-control wpcf7-acceptance\"><span class=\"wpcf7-list-item\"><input type=\"checkbox\" name=\"acceptance-309\" value=\"1\" aria-invalid=\"false\" \/><\/span><\/span><\/span> J'accepte la <a href=\"\/privacy-policy\" target=\"_blank\">Politique de confidentialit\u00e9<\/a> (obligatoire)\n<\/p>\n\n<p><input class=\"wpcf7-form-control wpcf7-submit has-spinner\" type=\"submit\" value=\"Envoyer\" \/>\n<\/p><div class=\"fusion-alert alert custom alert-custom fusion-alert-center wpcf7-response-output awb-alert-native-link-color alert-dismissable awb-alert-close-boxed\" style=\"--awb-border-size:1px;--awb-border-top-left-radius:0px;--awb-border-top-right-radius:0px;--awb-border-bottom-left-radius:0px;--awb-border-bottom-right-radius:0px;\" role=\"alert\"><div class=\"fusion-alert-content-wrapper\"><span class=\"fusion-alert-content\"><\/span><\/div><button type=\"button\" class=\"close toggle-alert\" data-dismiss=\"alert\" aria-label=\"Close\">&times;<\/button><\/div>\n<\/form>\n<\/div>\n[\/vc_column][vc_column width=\u00a0\u00bb1\/6&Prime;][\/vc_column][\/vc_row]<\/p>\n<\/div>","protected":false},"excerpt":{"rendered":"<p>[vc_row full_width=\u00a0\u00bbstretch_row\u00a0\u00bb bg_type=\u00a0\u00bbimage\u00a0\u00bb parallax_style=\u00a0\u00bbvcpb-default\u00a0\u00bb bg_image_new=\u00a0\u00bbid^4168|url^http:\/\/olita-treks.com\/wp-content\/uploads\/2025\/05\/DSC02220_151125-Edit.jpg|caption^null|alt^Les volcans du Parque Nacional de Timanfaya|title^Timanfaya, tierra de volcanes &#8211; Yaiza, Lanzarote.|description^null\u00a0\u00bb bg_image_repeat=\u00a0\u00bbno-repeat\u00a0\u00bb bg_image_posiiton=\u00a0\u00bb0px 0px\u00a0\u00bb][vc_column][\/vc_column][\/vc_row][vc_row][vc_column][vc_custom_heading text=\u00a0\u00bbLes Volcans\u00a0\u00bb font_container=\u00a0\u00bbtag:h1|font_size:32|text_align:left\u00a0\u00bb use_theme_fonts=\u00a0\u00bbyes\u00a0\u00bb][vc_column_text css=\u00a0\u00bb\u00a0\u00bb]Tous les Mar, Mer, Sam &#8211; Prix \u20ac 48 D\u00e9couverte du parc naturel des volcans de Timanfaya et ses paysages volcaniques spectaculaires. Vous pourrez admirez tout au long de votre balade<\/p>\n","protected":false},"author":3,"featured_media":4097,"parent":1380,"menu_order":0,"comment_status":"closed","ping_status":"closed","template":"","meta":{"footnotes":""},"class_list":["post-1389","page","type-page","status-publish","has-post-thumbnail","hentry"],"yoast_head":"<!-- This site is optimized with the Yoast SEO plugin v27.4 - https:\/\/yoast.com\/product\/yoast-seo-wordpress\/ -->\n<title>Les Volcans - Olita Trek &amp; Bike - Lanzarote Excursions<\/title>\n<meta name=\"description\" content=\"Randonn\u00e9e dans le Parc Naturel des Volcans. Excursion dans les coul\u00e9es de lave et des crat\u00e8res de l\u2019\u00e9ruption de Timanfaya. Petits groupes.\" \/>\n<meta name=\"robots\" content=\"index, follow, max-snippet:-1, max-image-preview:large, max-video-preview:-1\" \/>\n<link rel=\"canonical\" href=\"https:\/\/olita-treks.com\/fr\/randonnees-quotidiennes\/les-volcans\/\" \/>\n<meta property=\"og:locale\" content=\"fr_FR\" \/>\n<meta property=\"og:type\" content=\"article\" \/>\n<meta property=\"og:title\" content=\"Les Volcans - Olita Trek &amp; Bike - Lanzarote Excursions\" \/>\n<meta property=\"og:description\" content=\"Randonn\u00e9e dans le Parc Naturel des Volcans. Excursion dans les coul\u00e9es de lave et des crat\u00e8res de l\u2019\u00e9ruption de Timanfaya. Petits groupes.\" \/>\n<meta property=\"og:url\" content=\"https:\/\/olita-treks.com\/fr\/randonnees-quotidiennes\/les-volcans\/\" \/>\n<meta property=\"og:site_name\" content=\"Olita Trek &amp; Bike - Lanzarote Excursions\" \/>\n<meta property=\"article:publisher\" content=\"https:\/\/www.facebook.com\/olitalanzarote\" \/>\n<meta property=\"article:modified_time\" content=\"2025-08-09T16:14:42+00:00\" \/>\n<meta property=\"og:image\" content=\"http:\/\/olita-treks.com\/wp-content\/uploads\/2025\/05\/Olita-treks-Volcanos-FotoLR-7.jpg\" \/>\n\t<meta property=\"og:image:width\" content=\"2499\" \/>\n\t<meta property=\"og:image:height\" content=\"1667\" \/>\n\t<meta property=\"og:image:type\" content=\"image\/jpeg\" \/>\n<meta name=\"twitter:card\" content=\"summary_large_image\" \/>\n<meta name=\"twitter:label1\" content=\"Dur\u00e9e de lecture estim\u00e9e\" \/>\n\t<meta name=\"twitter:data1\" content=\"1 minute\" \/>\n<script type=\"application\/ld+json\" class=\"yoast-schema-graph\">{\"@context\":\"https:\\\/\\\/schema.org\",\"@graph\":[{\"@type\":\"WebPage\",\"@id\":\"https:\\\/\\\/olita-treks.com\\\/fr\\\/randonnees-quotidiennes\\\/les-volcans\\\/\",\"url\":\"https:\\\/\\\/olita-treks.com\\\/fr\\\/randonnees-quotidiennes\\\/les-volcans\\\/\",\"name\":\"Les Volcans - Olita Trek &amp; Bike - Lanzarote Excursions\",\"isPartOf\":{\"@id\":\"http:\\\/\\\/olita-treks.com\\\/#website\"},\"primaryImageOfPage\":{\"@id\":\"https:\\\/\\\/olita-treks.com\\\/fr\\\/randonnees-quotidiennes\\\/les-volcans\\\/#primaryimage\"},\"image\":{\"@id\":\"https:\\\/\\\/olita-treks.com\\\/fr\\\/randonnees-quotidiennes\\\/les-volcans\\\/#primaryimage\"},\"thumbnailUrl\":\"https:\\\/\\\/olita-treks.com\\\/wp-content\\\/uploads\\\/2025\\\/05\\\/Olita-treks-Volcanos-FotoLR-7.jpg\",\"datePublished\":\"2016-10-17T09:35:04+00:00\",\"dateModified\":\"2025-08-09T16:14:42+00:00\",\"description\":\"Randonn\u00e9e dans le Parc Naturel des Volcans. Excursion dans les coul\u00e9es de lave et des crat\u00e8res de l\u2019\u00e9ruption de Timanfaya. Petits groupes.\",\"breadcrumb\":{\"@id\":\"https:\\\/\\\/olita-treks.com\\\/fr\\\/randonnees-quotidiennes\\\/les-volcans\\\/#breadcrumb\"},\"inLanguage\":\"fr-FR\",\"potentialAction\":[{\"@type\":\"ReadAction\",\"target\":[\"https:\\\/\\\/olita-treks.com\\\/fr\\\/randonnees-quotidiennes\\\/les-volcans\\\/\"]}]},{\"@type\":\"ImageObject\",\"inLanguage\":\"fr-FR\",\"@id\":\"https:\\\/\\\/olita-treks.com\\\/fr\\\/randonnees-quotidiennes\\\/les-volcans\\\/#primaryimage\",\"url\":\"https:\\\/\\\/olita-treks.com\\\/wp-content\\\/uploads\\\/2025\\\/05\\\/Olita-treks-Volcanos-FotoLR-7.jpg\",\"contentUrl\":\"https:\\\/\\\/olita-treks.com\\\/wp-content\\\/uploads\\\/2025\\\/05\\\/Olita-treks-Volcanos-FotoLR-7.jpg\",\"width\":2499,\"height\":1667,\"caption\":\"Volcano walk at sunset at Lanzarote\"},{\"@type\":\"BreadcrumbList\",\"@id\":\"https:\\\/\\\/olita-treks.com\\\/fr\\\/randonnees-quotidiennes\\\/les-volcans\\\/#breadcrumb\",\"itemListElement\":[{\"@type\":\"ListItem\",\"position\":1,\"name\":\"Home\",\"item\":\"https:\\\/\\\/olita-treks.com\\\/fr\\\/\"},{\"@type\":\"ListItem\",\"position\":2,\"name\":\"RANDONNEES QUOTIDIENNES\",\"item\":\"https:\\\/\\\/olita-treks.com\\\/fr\\\/randonnees-quotidiennes\\\/\"},{\"@type\":\"ListItem\",\"position\":3,\"name\":\"Les Volcans\"}]},{\"@type\":\"WebSite\",\"@id\":\"http:\\\/\\\/olita-treks.com\\\/#website\",\"url\":\"http:\\\/\\\/olita-treks.com\\\/\",\"name\":\"Olita Trek &amp; Bike - Lanzarote Excursions\",\"description\":\"Olita Trek &amp; Bike offers guided walks and Mountain Bike Tours on Lanzarote, the most surprising of the Canary Islands.\",\"potentialAction\":[{\"@type\":\"SearchAction\",\"target\":{\"@type\":\"EntryPoint\",\"urlTemplate\":\"http:\\\/\\\/olita-treks.com\\\/?s={search_term_string}\"},\"query-input\":{\"@type\":\"PropertyValueSpecification\",\"valueRequired\":true,\"valueName\":\"search_term_string\"}}],\"inLanguage\":\"fr-FR\"}]}<\/script>\n<!-- \/ Yoast SEO plugin. -->","yoast_head_json":{"title":"Les Volcans - Olita Trek &amp; Bike - Lanzarote Excursions","description":"Randonn\u00e9e dans le Parc Naturel des Volcans. Excursion dans les coul\u00e9es de lave et des crat\u00e8res de l\u2019\u00e9ruption de Timanfaya. Petits groupes.","robots":{"index":"index","follow":"follow","max-snippet":"max-snippet:-1","max-image-preview":"max-image-preview:large","max-video-preview":"max-video-preview:-1"},"canonical":"https:\/\/olita-treks.com\/fr\/randonnees-quotidiennes\/les-volcans\/","og_locale":"fr_FR","og_type":"article","og_title":"Les Volcans - Olita Trek &amp; Bike - Lanzarote Excursions","og_description":"Randonn\u00e9e dans le Parc Naturel des Volcans. Excursion dans les coul\u00e9es de lave et des crat\u00e8res de l\u2019\u00e9ruption de Timanfaya. Petits groupes.","og_url":"https:\/\/olita-treks.com\/fr\/randonnees-quotidiennes\/les-volcans\/","og_site_name":"Olita Trek &amp; Bike - Lanzarote Excursions","article_publisher":"https:\/\/www.facebook.com\/olitalanzarote","article_modified_time":"2025-08-09T16:14:42+00:00","og_image":[{"width":2499,"height":1667,"url":"http:\/\/olita-treks.com\/wp-content\/uploads\/2025\/05\/Olita-treks-Volcanos-FotoLR-7.jpg","type":"image\/jpeg"}],"twitter_card":"summary_large_image","twitter_misc":{"Dur\u00e9e de lecture estim\u00e9e":"1 minute"},"schema":{"@context":"https:\/\/schema.org","@graph":[{"@type":"WebPage","@id":"https:\/\/olita-treks.com\/fr\/randonnees-quotidiennes\/les-volcans\/","url":"https:\/\/olita-treks.com\/fr\/randonnees-quotidiennes\/les-volcans\/","name":"Les Volcans - Olita Trek &amp; Bike - Lanzarote Excursions","isPartOf":{"@id":"http:\/\/olita-treks.com\/#website"},"primaryImageOfPage":{"@id":"https:\/\/olita-treks.com\/fr\/randonnees-quotidiennes\/les-volcans\/#primaryimage"},"image":{"@id":"https:\/\/olita-treks.com\/fr\/randonnees-quotidiennes\/les-volcans\/#primaryimage"},"thumbnailUrl":"https:\/\/olita-treks.com\/wp-content\/uploads\/2025\/05\/Olita-treks-Volcanos-FotoLR-7.jpg","datePublished":"2016-10-17T09:35:04+00:00","dateModified":"2025-08-09T16:14:42+00:00","description":"Randonn\u00e9e dans le Parc Naturel des Volcans. Excursion dans les coul\u00e9es de lave et des crat\u00e8res de l\u2019\u00e9ruption de Timanfaya. Petits groupes.","breadcrumb":{"@id":"https:\/\/olita-treks.com\/fr\/randonnees-quotidiennes\/les-volcans\/#breadcrumb"},"inLanguage":"fr-FR","potentialAction":[{"@type":"ReadAction","target":["https:\/\/olita-treks.com\/fr\/randonnees-quotidiennes\/les-volcans\/"]}]},{"@type":"ImageObject","inLanguage":"fr-FR","@id":"https:\/\/olita-treks.com\/fr\/randonnees-quotidiennes\/les-volcans\/#primaryimage","url":"https:\/\/olita-treks.com\/wp-content\/uploads\/2025\/05\/Olita-treks-Volcanos-FotoLR-7.jpg","contentUrl":"https:\/\/olita-treks.com\/wp-content\/uploads\/2025\/05\/Olita-treks-Volcanos-FotoLR-7.jpg","width":2499,"height":1667,"caption":"Volcano walk at sunset at Lanzarote"},{"@type":"BreadcrumbList","@id":"https:\/\/olita-treks.com\/fr\/randonnees-quotidiennes\/les-volcans\/#breadcrumb","itemListElement":[{"@type":"ListItem","position":1,"name":"Home","item":"https:\/\/olita-treks.com\/fr\/"},{"@type":"ListItem","position":2,"name":"RANDONNEES QUOTIDIENNES","item":"https:\/\/olita-treks.com\/fr\/randonnees-quotidiennes\/"},{"@type":"ListItem","position":3,"name":"Les Volcans"}]},{"@type":"WebSite","@id":"http:\/\/olita-treks.com\/#website","url":"http:\/\/olita-treks.com\/","name":"Olita Trek &amp; Bike - Lanzarote Excursions","description":"Olita Trek &amp; Bike offers guided walks and Mountain Bike Tours on Lanzarote, the most surprising of the Canary Islands.","potentialAction":[{"@type":"SearchAction","target":{"@type":"EntryPoint","urlTemplate":"http:\/\/olita-treks.com\/?s={search_term_string}"},"query-input":{"@type":"PropertyValueSpecification","valueRequired":true,"valueName":"search_term_string"}}],"inLanguage":"fr-FR"}]}},"_links":{"self":[{"href":"https:\/\/olita-treks.com\/fr\/wp-json\/wp\/v2\/pages\/1389","targetHints":{"allow":["GET"]}}],"collection":[{"href":"https:\/\/olita-treks.com\/fr\/wp-json\/wp\/v2\/pages"}],"about":[{"href":"https:\/\/olita-treks.com\/fr\/wp-json\/wp\/v2\/types\/page"}],"author":[{"embeddable":true,"href":"https:\/\/olita-treks.com\/fr\/wp-json\/wp\/v2\/users\/3"}],"replies":[{"embeddable":true,"href":"https:\/\/olita-treks.com\/fr\/wp-json\/wp\/v2\/comments?post=1389"}],"version-history":[{"count":10,"href":"https:\/\/olita-treks.com\/fr\/wp-json\/wp\/v2\/pages\/1389\/revisions"}],"predecessor-version":[{"id":4610,"href":"https:\/\/olita-treks.com\/fr\/wp-json\/wp\/v2\/pages\/1389\/revisions\/4610"}],"up":[{"embeddable":true,"href":"https:\/\/olita-treks.com\/fr\/wp-json\/wp\/v2\/pages\/1380"}],"wp:featuredmedia":[{"embeddable":true,"href":"https:\/\/olita-treks.com\/fr\/wp-json\/wp\/v2\/media\/4097"}],"wp:attachment":[{"href":"https:\/\/olita-treks.com\/fr\/wp-json\/wp\/v2\/media?parent=1389"}],"curies":[{"name":"wp","href":"https:\/\/api.w.org\/{rel}","templated":true}]}}