{"id":1585,"date":"2016-10-24T16:01:56","date_gmt":"2016-10-24T16:01:56","guid":{"rendered":"http:\/\/olita-treks.com\/newsite\/?page_id=1585&#038;lang=es"},"modified":"2025-05-07T18:53:58","modified_gmt":"2025-05-07T18:53:58","slug":"testimonios","status":"publish","type":"page","link":"https:\/\/olita-treks.com\/es\/testimonios\/","title":{"rendered":"Testimonios"},"content":{"rendered":"<div class=\"wpb-content-wrapper\"><p>[vc_row full_width=\u00bbstretch_row\u00bb bg_type=\u00bbimage\u00bb parallax_style=\u00bbvcpb-default\u00bb bg_image_new=\u00bbid^2264|url^http:\/\/olita-treks.com\/wp-content\/uploads\/2016\/04\/DSC02603_151205-Edit-ret.jpg|caption^null|alt^null|title^DSC02603_151205-Edit-ret|description^null\u00bb bg_image_repeat=\u00bbno-repeat\u00bb][vc_column]<div class=\"ult-spacer spacer-69e9e2d92da52\" data-id=\"69e9e2d92da52\" data-height=\"350\" data-height-mobile=\"350\" data-height-tab=\"350\" data-height-tab-portrait=\"\" data-height-mobile-landscape=\"\" style=\"clear:both;display:block;\"><\/div>[\/vc_column][\/vc_row][vc_row full_width=\u00bbstretch_row\u00bb bg_type=\u00bbgrad\u00bb bg_grad=\u00bbbackground: -webkit-gradient(linear, left top, left bottom, color-stop(0%, #F0F0F0), color-stop(100%, #FFFFFF));background: -moz-linear-gradient(top,#F0F0F0 0%,#FFFFFF 100%);background: -webkit-linear-gradient(top,#F0F0F0 0%,#FFFFFF 100%);background: -o-linear-gradient(top,#F0F0F0 0%,#FFFFFF 100%);background: -ms-linear-gradient(top,#F0F0F0 0%,#FFFFFF 100%);background: linear-gradient(top,#F0F0F0 0%,#FFFFFF 100%);\u00bb css=\u00bb.vc_custom_1466957584960{margin-top: 0px !important;margin-bottom: 0px !important;border-top-width: 0px !important;border-bottom-width: 0px !important;padding-top: 0px !important;padding-bottom: 0px !important;}\u00bb][vc_column][vc_custom_heading text=\u00bbTestimonios\u00bb font_container=\u00bbtag:h1|font_size:32|text_align:left\u00bb use_theme_fonts=\u00bbyes\u00bb]<div class=\"smile-icon-timeline-wrap csstime   tl-animation-shadow\"     style=\"\"><div class=\"timeline-line \" style=\"border-right-color:;\"><span><\/span><\/div><div class=\"timeline-wrapper\"><div class=\"timeline-block \"><div class=\"timeline-dot\"><\/div><div class=\"ult-timeline-arrow\"><s><\/s><l><\/l><\/div><div class=\"timeline-icon-block\"><div class=\"ult-timeline-icon \" style=\"   \"><div class=\"ult-just-icon-wrapper  \"><div class=\"align-icon\" style=\"text-align:center;\"><\/div><\/div><\/div> <!-- icon --><\/div><div class=\"timeline-header-block\" >\n\t\t\t\t\t\t\t<div id=\"timeline-item-7062\" class=\"timeline-header\" style=\"\"><h3 class=\"ult-timeline-title ult-responsive\"  data-ultimate-target='#timeline-item-7062 .ult-timeline-title'  data-responsive-json-new='{\"font-size\":\"\",\"line-height\":\"\"}'  style=\"\">Anja Hoppe - 16\/04\/2025 (Excursi\u00f3n de medio d\u00eda @ Los Volcanes)<\/h3><div class=\"ult-responsive timeline-item-spt\"  data-ultimate-target='#timeline-item-7062 .timeline-item-spt'  data-responsive-json-new='{\"font-size\":\"\",\"line-height\":\"\"}'  style=\"\"><em>\u00abHicimos una fant\u00e1stica excursi\u00f3n de tres horas con Eric por la zona volc\u00e1nica. El paisaje es impresionante, y la ruta que eligi\u00f3 fue tanto variada como interesante. Eric tiene un profundo conocimiento sobre la actividad volc\u00e1nica, su impacto en la poblaci\u00f3n local y el contexto hist\u00f3rico de las islas. Fue emocionante escucharlo: informativo, ameno y personal. Recomiendo encarecidamente sus excursiones a cualquiera que busque una experiencia \u00fanica y enriquecedora.\u00bb<\/em><\/p>\n<p>&nbsp;<\/p>\n<p><\/div><\/div> <!-- header --><\/div><\/div><div class=\"timeline-block \"><div class=\"timeline-dot\"><\/div><div class=\"ult-timeline-arrow\"><s><\/s><l><\/l><\/div><div class=\"timeline-icon-block\"><div class=\"ult-timeline-icon \" style=\"   \"><div class=\"ult-just-icon-wrapper  \"><div class=\"align-icon\" style=\"text-align:center;\"><\/div><\/div><\/div> <!-- icon --><\/div><div class=\"timeline-header-block\" >\n\t\t\t\t\t\t\t<div id=\"timeline-item-9974\" class=\"timeline-header\" style=\"\"><h3 class=\"ult-timeline-title ult-responsive\"  data-ultimate-target='#timeline-item-9974 .ult-timeline-title'  data-responsive-json-new='{\"font-size\":\"\",\"line-height\":\"\"}'  style=\"\">C\u00e9line - 29\/03\/2025 (con Nomade Aventures @ Lanzarote)<\/h3><div class=\"ult-responsive timeline-item-spt\"  data-ultimate-target='#timeline-item-9974 .timeline-item-spt'  data-responsive-json-new='{\"font-size\":\"\",\"line-height\":\"\"}'  style=\"\"><em>\u00abEstoy muy contenta de haber hecho este maravilloso viaje para descubrir los volcanes de Lanzarote. Los paisajes son impresionantes, tanto en la monta\u00f1a como en la costa.\u00bb<\/em><\/p>\n<p><\/div><\/div> <!-- header --><\/div><\/div><div class=\"timeline-block \"><div class=\"timeline-dot\"><\/div><div class=\"ult-timeline-arrow\"><s><\/s><l><\/l><\/div><div class=\"timeline-icon-block\"><div class=\"ult-timeline-icon \" style=\"   \"><div class=\"ult-just-icon-wrapper  \"><div class=\"align-icon\" style=\"text-align:center;\"><\/div><\/div><\/div> <!-- icon --><\/div><div class=\"timeline-header-block\" >\n\t\t\t\t\t\t\t<div id=\"timeline-item-3629\" class=\"timeline-header\" style=\"\"><h3 class=\"ult-timeline-title ult-responsive\"  data-ultimate-target='#timeline-item-3629 .ult-timeline-title'  data-responsive-json-new='{\"font-size\":\"\",\"line-height\":\"\"}'  style=\"\">Bernard - 24\/01\/2025 (con Nomade Aventures @ Lanzarote)<\/h3><div class=\"ult-responsive timeline-item-spt\"  data-ultimate-target='#timeline-item-3629 .timeline-item-spt'  data-responsive-json-new='{\"font-size\":\"\",\"line-height\":\"\"}'  style=\"\"><em>\u00ab\u00a1Un viaje inolvidable a Lanzarote! Gracias a nuestros gu\u00edas excepcionales, Erik y Sylvie, que compartieron con generosidad su pasi\u00f3n y experiencia, cada d\u00eda fue una verdadera aventura. Menci\u00f3n especial tambi\u00e9n para el grupo de participantes, cuya buena actitud y esp\u00edritu de compa\u00f1erismo hicieron que el viaje fuera a\u00fan m\u00e1s especial. [\u2026] Lanzarote, con sus paisajes encantadores y su magia \u00fanica, quedar\u00e1 para siempre en mi coraz\u00f3n. \u00a1Muchas gracias por esta experiencia extraordinaria!\u00bb<\/em><\/div><\/div> <!-- header --><\/div><\/div><div class=\"timeline-block \"><div class=\"timeline-dot\"><\/div><div class=\"ult-timeline-arrow\"><s><\/s><l><\/l><\/div><div class=\"timeline-icon-block\"><div class=\"ult-timeline-icon \" style=\"   \"><div class=\"ult-just-icon-wrapper  \"><div class=\"align-icon\" style=\"text-align:center;\"><\/div><\/div><\/div> <!-- icon --><\/div><div class=\"timeline-header-block\" >\n\t\t\t\t\t\t\t<div id=\"timeline-item-5363\" class=\"timeline-header\" style=\"\"><h3 class=\"ult-timeline-title ult-responsive\"  data-ultimate-target='#timeline-item-5363 .ult-timeline-title'  data-responsive-json-new='{\"font-size\":\"\",\"line-height\":\"\"}'  style=\"\">Elisa Soverini - 16\/08\/2016 (Half day walk @ Volcanoes Lanzarote)<\/h3><div class=\"ult-responsive timeline-item-spt\"  data-ultimate-target='#timeline-item-5363 .timeline-item-spt'  data-responsive-json-new='{\"font-size\":\"\",\"line-height\":\"\"}'  style=\"\"><em>\u00abWonderful trek trought Los Volcanoes!\u00a0 The guide, was very friendly and kind and nice and capable to bring you in the soul of the landscape, explaining everything about volcanoes, rocks and ground in a simple and expert way.<br \/>\nThank you very much! For Damiano and me it was an unforgettable day!\u00bb<\/em><\/div><\/div> <!-- header --><\/div><\/div><div class=\"timeline-block \"><div class=\"timeline-dot\"><\/div><div class=\"ult-timeline-arrow\"><s><\/s><l><\/l><\/div><div class=\"timeline-icon-block\"><div class=\"ult-timeline-icon \" style=\"   \"><div class=\"ult-just-icon-wrapper  \"><div class=\"align-icon\" style=\"text-align:center;\">\n<div class=\"aio-icon-img \" style=\"font-size:128px;background:#ffffff;display:inline-block;\" >\n\t<img decoding=\"async\" class=\"img-icon\" alt=\"Client Marco at the cliffs of Famara\" src=\"https:\/\/olita-treks.com\/wp-content\/uploads\/2016\/06\/Olita_Lanzarote_FotoWeb-196.jpg\"\/>\n<\/div><\/div><\/div><\/div> <!-- icon --><\/div><div class=\"timeline-header-block\" >\n\t\t\t\t\t\t\t<div id=\"timeline-item-6899\" class=\"timeline-header\" style=\"\"><h3 class=\"ult-timeline-title ult-responsive\"  data-ultimate-target='#timeline-item-6899 .ult-timeline-title'  data-responsive-json-new='{\"font-size\":\"\",\"line-height\":\"\"}'  style=\"\">Marco - 12\/03\/2016 (with Terre d'Aventure @ Lanzarote)<\/h3><div class=\"ult-responsive timeline-item-spt\"  data-ultimate-target='#timeline-item-6899 .timeline-item-spt'  data-responsive-json-new='{\"font-size\":\"\",\"line-height\":\"\"}'  style=\"\"><em>\u00abSuperbe voyage , Organisation de l&#8217;equipe surplace impecable , Mixit\u00e9 et tol\u00e9rance du Groupe tr\u00e8s int\u00e9ressante et importante . Le seul inconv\u00e9nient c&#8217;\u00e9tait l&#8217;heure du vol au d\u00e9part, sinon , une semaine exceptionnel pour les amoureux des photos , de belles lumi\u00e8res et magnifiques paysages de randonn\u00e9es . Je suis tr\u00e8s content et surpris de ce voyage , dont je n&#8217;attendait pas trop par rapport cette destination .\u00bb<\/em><\/div><\/div> <!-- header --><\/div><\/div><\/div><\/div>[\/vc_column][\/vc_row][vc_row full_width=\u00bbstretch_row\u00bb bg_type=\u00bbbg_color\u00bb bg_color_value=\u00bb#f2f2f2&#8243; css=\u00bb.vc_custom_1460991685674{margin-bottom: 0px !important;border-bottom-width: 0px !important;padding-bottom: 0px !important;}\u00bb][vc_column width=\u00bb1\/6&#8243;][\/vc_column][vc_column width=\u00bb2\/3&#8243;][vc_custom_heading text=\u00bbReservas e Informaci\u00f3n\u00bb font_container=\u00bbtag:h3|font_size:32|text_align:center\u00bb use_theme_fonts=\u00bbyes\u00bb]\n<div class=\"wpcf7 no-js\" id=\"wpcf7-f641-o1\" lang=\"en-US\" dir=\"ltr\" data-wpcf7-id=\"641\">\n<div class=\"screen-reader-response\"><p role=\"status\" aria-live=\"polite\" aria-atomic=\"true\"><\/p> <ul><\/ul><\/div>\n<form action=\"\/es\/wp-json\/wp\/v2\/pages\/1585#wpcf7-f641-o1\" method=\"post\" class=\"wpcf7-form init\" aria-label=\"Contact form\" novalidate=\"novalidate\" data-status=\"init\">\n<fieldset class=\"hidden-fields-container\"><input type=\"hidden\" name=\"_wpcf7\" value=\"641\" \/><input type=\"hidden\" name=\"_wpcf7_version\" value=\"6.1.5\" \/><input type=\"hidden\" name=\"_wpcf7_locale\" value=\"en_US\" \/><input type=\"hidden\" name=\"_wpcf7_unit_tag\" value=\"wpcf7-f641-o1\" \/><input type=\"hidden\" name=\"_wpcf7_container_post\" value=\"0\" \/><input type=\"hidden\" name=\"_wpcf7_posted_data_hash\" value=\"\" \/><input type=\"hidden\" name=\"_wpcf7dtx_version\" value=\"5.0.5\" \/><input type=\"hidden\" name=\"_wpcf7_recaptcha_response\" value=\"\" \/>\n<\/fieldset>\n<p>Name\n<\/p>\n<p><span class=\"wpcf7-form-control-wrap\" data-name=\"your-name\"><input size=\"40\" maxlength=\"400\" class=\"wpcf7-form-control wpcf7-text\" aria-invalid=\"false\" value=\"\" type=\"text\" name=\"your-name\" \/><\/span>\n<\/p>\n<p>Your email (required)\n<\/p>\n<p><span class=\"wpcf7-form-control-wrap\" data-name=\"your-email\"><input size=\"40\" maxlength=\"400\" class=\"wpcf7-form-control wpcf7-email wpcf7-validates-as-required wpcf7-text wpcf7-validates-as-email\" aria-required=\"true\" aria-invalid=\"false\" value=\"\" type=\"email\" name=\"your-email\" \/><\/span>\n<\/p>\n<p>Message\n<\/p>\n<p><span class=\"wpcf7-form-control-wrap\" data-name=\"your-message\"><textarea cols=\"40\" rows=\"10\" maxlength=\"2000\" class=\"wpcf7-form-control wpcf7-textarea\" aria-invalid=\"false\" name=\"your-message\"><\/textarea><\/span>\n<\/p>\n<span class=\"wpcf7-form-control-wrap current_page\" data-name=\"current_page\"><input type=\"hidden\" name=\"current_page\" class=\"wpcf7-form-control wpcf7-hidden wpcf7dtx wpcf7dtx-hidden\" aria-invalid=\"false\" value=\"https:\/\/olita-treks.com\/es\/wp-json\/wp\/v2\/pages\/1585\"><\/span>\n\n<p><input class=\"wpcf7-form-control wpcf7-submit has-spinner\" type=\"submit\" value=\"Send\" \/>\n<\/p><div class=\"fusion-alert alert custom alert-custom fusion-alert-center wpcf7-response-output awb-alert-native-link-color alert-dismissable awb-alert-close-boxed\" style=\"--awb-border-size:1px;--awb-border-top-left-radius:0px;--awb-border-top-right-radius:0px;--awb-border-bottom-left-radius:0px;--awb-border-bottom-right-radius:0px;\" role=\"alert\"><div class=\"fusion-alert-content-wrapper\"><span class=\"fusion-alert-content\"><\/span><\/div><button type=\"button\" class=\"close toggle-alert\" data-dismiss=\"alert\" aria-label=\"Close\">&times;<\/button><\/div>\n<\/form>\n<\/div>\n[\/vc_column][vc_column width=\u00bb1\/6&#8243;][\/vc_column][\/vc_row]<\/p>\n<\/div>","protected":false},"excerpt":{"rendered":"<p>[vc_row full_width=\u00bbstretch_row\u00bb bg_type=\u00bbimage\u00bb parallax_style=\u00bbvcpb-default\u00bb bg_image_new=\u00bbid^2264|url^http:\/\/olita-treks.com\/wp-content\/uploads\/2016\/04\/DSC02603_151205-Edit-ret.jpg|caption^null|alt^null|title^DSC02603_151205-Edit-ret|description^null\u00bb bg_image_repeat=\u00bbno-repeat\u00bb][vc_column][\/vc_column][\/vc_row][vc_row full_width=\u00bbstretch_row\u00bb bg_type=\u00bbgrad\u00bb bg_grad=\u00bbbackground: -webkit-gradient(linear, left top, left bottom, color-stop(0%, #F0F0F0), color-stop(100%, #FFFFFF));background: -moz-linear-gradient(top,#F0F0F0 0%,#FFFFFF 100%);background: -webkit-linear-gradient(top,#F0F0F0 0%,#FFFFFF 100%);background: -o-linear-gradient(top,#F0F0F0 0%,#FFFFFF 100%);background: -ms-linear-gradient(top,#F0F0F0 0%,#FFFFFF 100%);background: linear-gradient(top,#F0F0F0 0%,#FFFFFF 100%);\u00bb css=\u00bb.vc_custom_1466957584960{margin-top: 0px !important;margin-bottom: 0px !important;border-top-width: 0px !important;border-bottom-width: 0px !important;padding-top: 0px !important;padding-bottom: 0px !important;}\u00bb][vc_column][vc_custom_heading text=\u00bbTestimonios\u00bb font_container=\u00bbtag:h1|font_size:32|text_align:left\u00bb use_theme_fonts=\u00bbyes\u00bb][\/vc_column][\/vc_row][vc_row full_width=\u00bbstretch_row\u00bb bg_type=\u00bbbg_color\u00bb bg_color_value=\u00bb#f2f2f2&#8243; css=\u00bb.vc_custom_1460991685674{margin-bottom: 0px !important;border-bottom-width:<\/p>\n","protected":false},"author":3,"featured_media":0,"parent":0,"menu_order":0,"comment_status":"closed","ping_status":"closed","template":"","meta":{"footnotes":""},"class_list":["post-1585","page","type-page","status-publish","hentry"],"yoast_head":"<!-- This site is optimized with the Yoast SEO plugin v27.4 - https:\/\/yoast.com\/product\/yoast-seo-wordpress\/ -->\n<title>Testimonios - Olita Trek &amp; Bike - Lanzarote Excursions<\/title>\n<meta name=\"description\" content=\"Testimonios reales de senderistas que vivieron la experiencia de Olita Trek &amp; Bike en Lanzarote: paisajes volc\u00e1nicos, gu\u00edas apasionados y recuerdos \u00fanicos.\" \/>\n<meta name=\"robots\" content=\"index, follow, max-snippet:-1, max-image-preview:large, max-video-preview:-1\" \/>\n<link rel=\"canonical\" href=\"https:\/\/olita-treks.com\/testimonials\/\" \/>\n<meta property=\"og:locale\" content=\"es_ES\" \/>\n<meta property=\"og:type\" content=\"article\" \/>\n<meta property=\"og:title\" content=\"Testimonios - Olita Trek &amp; Bike - Lanzarote Excursions\" \/>\n<meta property=\"og:description\" content=\"Testimonios reales de senderistas que vivieron la experiencia de Olita Trek &amp; Bike en Lanzarote: paisajes volc\u00e1nicos, gu\u00edas apasionados y recuerdos \u00fanicos.\" \/>\n<meta property=\"og:url\" content=\"https:\/\/olita-treks.com\/testimonials\/\" \/>\n<meta property=\"og:site_name\" content=\"Olita Trek &amp; Bike - Lanzarote Excursions\" \/>\n<meta property=\"article:publisher\" content=\"https:\/\/www.facebook.com\/olitalanzarote\" \/>\n<meta property=\"article:modified_time\" content=\"2025-05-07T18:53:58+00:00\" \/>\n<meta name=\"twitter:card\" content=\"summary_large_image\" \/>\n<meta name=\"twitter:label1\" content=\"Tiempo de lectura\" \/>\n\t<meta name=\"twitter:data1\" content=\"2 minutos\" \/>\n<script type=\"application\/ld+json\" class=\"yoast-schema-graph\">{\"@context\":\"https:\\\/\\\/schema.org\",\"@graph\":[{\"@type\":\"WebPage\",\"@id\":\"https:\\\/\\\/olita-treks.com\\\/testimonials\\\/\",\"url\":\"https:\\\/\\\/olita-treks.com\\\/testimonials\\\/\",\"name\":\"Testimonios - Olita Trek &amp; Bike - Lanzarote Excursions\",\"isPartOf\":{\"@id\":\"http:\\\/\\\/olita-treks.com\\\/#website\"},\"datePublished\":\"2016-10-24T16:01:56+00:00\",\"dateModified\":\"2025-05-07T18:53:58+00:00\",\"description\":\"Testimonios reales de senderistas que vivieron la experiencia de Olita Trek & Bike en Lanzarote: paisajes volc\u00e1nicos, gu\u00edas apasionados y recuerdos \u00fanicos.\",\"breadcrumb\":{\"@id\":\"https:\\\/\\\/olita-treks.com\\\/testimonials\\\/#breadcrumb\"},\"inLanguage\":\"es\",\"potentialAction\":[{\"@type\":\"ReadAction\",\"target\":[\"https:\\\/\\\/olita-treks.com\\\/testimonials\\\/\"]}]},{\"@type\":\"BreadcrumbList\",\"@id\":\"https:\\\/\\\/olita-treks.com\\\/testimonials\\\/#breadcrumb\",\"itemListElement\":[{\"@type\":\"ListItem\",\"position\":1,\"name\":\"Home\",\"item\":\"https:\\\/\\\/olita-treks.com\\\/es\\\/\"},{\"@type\":\"ListItem\",\"position\":2,\"name\":\"Testimonios\"}]},{\"@type\":\"WebSite\",\"@id\":\"http:\\\/\\\/olita-treks.com\\\/#website\",\"url\":\"http:\\\/\\\/olita-treks.com\\\/\",\"name\":\"Olita Trek &amp; Bike - Lanzarote Excursions\",\"description\":\"Olita Trek &amp; Bike offers guided walks and Mountain Bike Tours on Lanzarote, the most surprising of the Canary Islands.\",\"potentialAction\":[{\"@type\":\"SearchAction\",\"target\":{\"@type\":\"EntryPoint\",\"urlTemplate\":\"http:\\\/\\\/olita-treks.com\\\/?s={search_term_string}\"},\"query-input\":{\"@type\":\"PropertyValueSpecification\",\"valueRequired\":true,\"valueName\":\"search_term_string\"}}],\"inLanguage\":\"es\"}]}<\/script>\n<!-- \/ Yoast SEO plugin. -->","yoast_head_json":{"title":"Testimonios - Olita Trek &amp; Bike - Lanzarote Excursions","description":"Testimonios reales de senderistas que vivieron la experiencia de Olita Trek & Bike en Lanzarote: paisajes volc\u00e1nicos, gu\u00edas apasionados y recuerdos \u00fanicos.","robots":{"index":"index","follow":"follow","max-snippet":"max-snippet:-1","max-image-preview":"max-image-preview:large","max-video-preview":"max-video-preview:-1"},"canonical":"https:\/\/olita-treks.com\/testimonials\/","og_locale":"es_ES","og_type":"article","og_title":"Testimonios - Olita Trek &amp; Bike - Lanzarote Excursions","og_description":"Testimonios reales de senderistas que vivieron la experiencia de Olita Trek & Bike en Lanzarote: paisajes volc\u00e1nicos, gu\u00edas apasionados y recuerdos \u00fanicos.","og_url":"https:\/\/olita-treks.com\/testimonials\/","og_site_name":"Olita Trek &amp; Bike - Lanzarote Excursions","article_publisher":"https:\/\/www.facebook.com\/olitalanzarote","article_modified_time":"2025-05-07T18:53:58+00:00","twitter_card":"summary_large_image","twitter_misc":{"Tiempo de lectura":"2 minutos"},"schema":{"@context":"https:\/\/schema.org","@graph":[{"@type":"WebPage","@id":"https:\/\/olita-treks.com\/testimonials\/","url":"https:\/\/olita-treks.com\/testimonials\/","name":"Testimonios - Olita Trek &amp; Bike - Lanzarote Excursions","isPartOf":{"@id":"http:\/\/olita-treks.com\/#website"},"datePublished":"2016-10-24T16:01:56+00:00","dateModified":"2025-05-07T18:53:58+00:00","description":"Testimonios reales de senderistas que vivieron la experiencia de Olita Trek & Bike en Lanzarote: paisajes volc\u00e1nicos, gu\u00edas apasionados y recuerdos \u00fanicos.","breadcrumb":{"@id":"https:\/\/olita-treks.com\/testimonials\/#breadcrumb"},"inLanguage":"es","potentialAction":[{"@type":"ReadAction","target":["https:\/\/olita-treks.com\/testimonials\/"]}]},{"@type":"BreadcrumbList","@id":"https:\/\/olita-treks.com\/testimonials\/#breadcrumb","itemListElement":[{"@type":"ListItem","position":1,"name":"Home","item":"https:\/\/olita-treks.com\/es\/"},{"@type":"ListItem","position":2,"name":"Testimonios"}]},{"@type":"WebSite","@id":"http:\/\/olita-treks.com\/#website","url":"http:\/\/olita-treks.com\/","name":"Olita Trek &amp; Bike - Lanzarote Excursions","description":"Olita Trek &amp; Bike offers guided walks and Mountain Bike Tours on Lanzarote, the most surprising of the Canary Islands.","potentialAction":[{"@type":"SearchAction","target":{"@type":"EntryPoint","urlTemplate":"http:\/\/olita-treks.com\/?s={search_term_string}"},"query-input":{"@type":"PropertyValueSpecification","valueRequired":true,"valueName":"search_term_string"}}],"inLanguage":"es"}]}},"_links":{"self":[{"href":"https:\/\/olita-treks.com\/es\/wp-json\/wp\/v2\/pages\/1585","targetHints":{"allow":["GET"]}}],"collection":[{"href":"https:\/\/olita-treks.com\/es\/wp-json\/wp\/v2\/pages"}],"about":[{"href":"https:\/\/olita-treks.com\/es\/wp-json\/wp\/v2\/types\/page"}],"author":[{"embeddable":true,"href":"https:\/\/olita-treks.com\/es\/wp-json\/wp\/v2\/users\/3"}],"replies":[{"embeddable":true,"href":"https:\/\/olita-treks.com\/es\/wp-json\/wp\/v2\/comments?post=1585"}],"version-history":[{"count":13,"href":"https:\/\/olita-treks.com\/es\/wp-json\/wp\/v2\/pages\/1585\/revisions"}],"predecessor-version":[{"id":3923,"href":"https:\/\/olita-treks.com\/es\/wp-json\/wp\/v2\/pages\/1585\/revisions\/3923"}],"wp:attachment":[{"href":"https:\/\/olita-treks.com\/es\/wp-json\/wp\/v2\/media?parent=1585"}],"curies":[{"name":"wp","href":"https:\/\/api.w.org\/{rel}","templated":true}]}}