{"id":1554,"date":"2016-10-20T12:35:22","date_gmt":"2016-10-20T12:35:22","guid":{"rendered":"http:\/\/olita-treks.com\/newsite\/?page_id=1554&#038;lang=es"},"modified":"2025-05-02T18:14:17","modified_gmt":"2025-05-02T18:14:17","slug":"la-ruta-de-don-quijote","status":"publish","type":"page","link":"https:\/\/olita-treks.com\/es\/otros-destinos\/la-ruta-de-don-quijote\/","title":{"rendered":"La ruta de Don Quijote"},"content":{"rendered":"<div class=\"wpb-content-wrapper\"><p>[vc_row full_width=\u00bbstretch_row\u00bb bg_type=\u00bbimage\u00bb parallax_style=\u00bbvcpb-default\u00bb bg_image_new=\u00bb784|http:\/\/olita-treks.com\/newsite\/wp-content\/uploads\/2016\/04\/Olita_Quixote-3-ret-cut.jpg\u00bb bg_image_repeat=\u00bbno-repeat\u00bb][vc_column]<div class=\"ult-spacer spacer-69e17ccbe43f3\" data-id=\"69e17ccbe43f3\" data-height=\"350\" data-height-mobile=\"350\" data-height-tab=\"350\" data-height-tab-portrait=\"\" data-height-mobile-landscape=\"\" style=\"clear:both;display:block;\"><\/div>[\/vc_column][\/vc_row][vc_row][vc_column][vc_custom_heading text=\u00bbLa Ruta de Don Quijote\u00bb font_container=\u00bbtag:h1|font_size:32|text_align:left\u00bb use_theme_fonts=\u00bbyes\u00bb][vc_column_text css=\u00bb\u00bb]Duraci\u00f3n: 8 d\u00edas, 7 noches<\/p>\n<p>Desde 850\u20ac por persona<\/p>\n<p>Una semana recorriendo los escenarios naturales donde Cervantes situ\u00f3 las peripecias de Don Quijote. A partir de Toledo, Patrimonio de la Humanidad, descubriremos molinos, castillos, r\u00edos y lagunas de La Mancha que nos har\u00e1n recordar las venturas y desventuras del ingenioso hidalgo. Paisajes excepcionales y pueblos que a lo largo de la historia se han ido conformando con una mezcla asombrosa de las culturas romana, visig\u00f3tica, \u00e1rabe, jud\u00eda y cristiana.<\/p>\n<p><b>Destacado<\/b>:<\/p>\n<ul>\n<li>Combina historia, arquitectura y naturaleza<\/li>\n<li>Caminatas en parajes naturales destacados<\/li>\n<li>Visitas de los lugares emblem\u00e1ticos de Don Quijote<\/li>\n<\/ul>\n<p><b>Programa<\/b><\/p>\n<p><b>D\u00eda 1 \u2013 Llegada<\/b>: Recepci\u00f3n en el aeropuerto de Barajas (Madrid), traslado al alojamiento, reuni\u00f3n informativa. Cena.<\/p>\n<p><b>D\u00eda 2 \u2013 Toledo<\/b>: Traslado a Toledo. Por la ma\u00f1ana rodearemos la ciudad por el Paseo de Ronda y el r\u00edo Tajo caminando m\u00e1s tarde por las estrechas calles de la ciudad y visitando la Catedral, el Museo de Santa Cruz y la Sinagoga del Tr\u00e1nsito entre otras opciones. Hotel. (3 horas de marcha)<\/p>\n<p><b>D\u00eda 3 \u2013 Tembleque, Silos y Campo de Criptana<\/b>: Atravesaremos el campo de La Mancha en los alrededores de Tembleque con su Plaza Mayor y su variada arquitectura popular del siglo XVII. Tambi\u00e9n visitaremos los \u201csilos\u201d o viviendas subterr\u00e1neas de Villaca\u00f1as\u00a0 las lagunas del Salicor y los molinos de Campo de Criptana. Hotel. (3 horas de marcha)<\/p>\n<p><b>D\u00eda 4 \u2013 Toboso y Belmonte<\/b>: El Toboso es el lugar donde viv\u00eda Dulcinea la amada del caballero andante y lugar de parada obligada. El camino nos lleva a Belmonte, ciudad defendida por un impresionante castillo y recinto defensivo y que posee un extraordinario conjunto monumental. Hotel. (4 horas de marcha)<\/p>\n<p><b>D\u00eda 5 &#8211; Las Lagunas de Ruidera<\/b>: es uno de los parajes m\u00e1s bellos de La Mancha. All\u00ed nace el R\u00edo Guadiana entre cortados de tierra calc\u00e1rea y all\u00ed, en la cueva de Montesinos, se supone que Don Quijote descendi\u00f3 a trav\u00e9s del tiempo y deshizo el encanto que hab\u00eda convertido en murci\u00e9lagos a unas doncellas. Despu\u00e9s de realizar un recorrido por las lagunas y visitar la cueva nos trasladaremos a Villanueva de los Infantes cuyo conjunto hist\u00f3rico est\u00e1 salpicado de iglesias, conventos y casas palacio. Regreso a las lagunas. Hotel. (4 horas de marcha)<\/p>\n<p>D\u00eda 6 \u2013 Almagro y Las Tablas de Daimiel: Salimos hacia Almagro cuyo Barrio Noble y Plaza Mayor son emblem\u00e1ticos. All\u00ed el Corral de Comedias conserva la arquitectura original de los teatros del siglo XVII, \u00fanico en Espa\u00f1a. El camino nos lleva despu\u00e9s\u00a0 al Parque Nacional de Las Tablas de Daimiel, ecosistema \u00fanico para aves y otras especies animales ligadas al agua y al clima de La Mancha. La combinaci\u00f3n de las cuencas de los r\u00edos Guadiana y Cig\u00fcela y de acu\u00edferos subterr\u00e1neos ha dotado tambi\u00e9n al lugar de una cubierta vegetal en donde vive una comunidad muy variada de especies vegetales y en donde el hombre desde tiempos remotos ha desarrollado formas de vida ligadas al medio acu\u00e1tico. Terminaremos el recorrido en Calatrava la Vieja, importante enclave musulm\u00e1n primero y castillo templario despu\u00e9s. Hotel. (2 horas de marcha)<\/p>\n<p><b>D\u00eda 7 \u2013 R\u00edo Guadiana<\/b>: Bajamos una parte del r\u00edo Guadiana a trav\u00e9s de un paisaje de monte mediterr\u00e1neo por donde se desplazaban los reba\u00f1os de ovejas que atravesaban la pen\u00ednsula de Norte a Sur buscando los mejores pastos. La ruta termina en Alarcos, ciudad medieval y campo de batalla entre \u00e1rabes y cristianos. Hotel. (5 horas de marcha)<\/p>\n<p><b>D\u00eda 8 \u2013 Salida<\/b>: regreso a Madrid y aeropuerto.<\/p>\n<p><b>Disponibilidad<\/b>: Mayo \u2013 Junio y Septiembre \u2013 Octubre<\/p>\n<p><b>Grupos<\/b>: de 6 a 15 personas[\/vc_column_text][vc_masonry_media_grid grid_id=\u00bbvc_gid:1746209634597-8977d920-6cc2-6&#8243; include=\u00bb355,356,357,358,359,360&#8243;][\/vc_column][\/vc_row][vc_row full_width=\u00bbstretch_row\u00bb bg_type=\u00bbbg_color\u00bb bg_color_value=\u00bb#f2f2f2&#8243; css=\u00bb.vc_custom_1460993449386{margin-bottom: 0px !important;border-bottom-width: 0px !important;padding-bottom: 0px !important;}\u00bb][vc_column width=\u00bb1\/6&#8243;][\/vc_column][vc_column width=\u00bb2\/3&#8243;][vc_custom_heading text=\u00bb\u00bfNo encuentras lo que buscas?\u00bb font_container=\u00bbtag:h3|font_size:32|text_align:center\u00bb use_theme_fonts=\u00bbyes\u00bb][vc_column_text]<\/p>\n<p style=\"text-align: center;\">Env\u00edanos tus ideas y recibe un presupuesto a medida para tu viaje.<\/p>\n<p>[\/vc_column_text]\n<div class=\"wpcf7 no-js\" id=\"wpcf7-f1612-o1\" lang=\"en-US\" dir=\"ltr\" data-wpcf7-id=\"1612\">\n<div class=\"screen-reader-response\"><p role=\"status\" aria-live=\"polite\" aria-atomic=\"true\"><\/p> <ul><\/ul><\/div>\n<form action=\"\/es\/wp-json\/wp\/v2\/pages\/1554#wpcf7-f1612-o1\" method=\"post\" class=\"wpcf7-form init\" aria-label=\"Contact form\" novalidate=\"novalidate\" data-status=\"init\">\n<fieldset class=\"hidden-fields-container\"><input type=\"hidden\" name=\"_wpcf7\" value=\"1612\" \/><input type=\"hidden\" name=\"_wpcf7_version\" value=\"6.1.5\" \/><input type=\"hidden\" name=\"_wpcf7_locale\" value=\"en_US\" \/><input type=\"hidden\" name=\"_wpcf7_unit_tag\" value=\"wpcf7-f1612-o1\" \/><input type=\"hidden\" name=\"_wpcf7_container_post\" value=\"0\" \/><input type=\"hidden\" name=\"_wpcf7_posted_data_hash\" value=\"\" \/><input type=\"hidden\" name=\"_wpcf7dtx_version\" value=\"5.0.5\" \/><input type=\"hidden\" name=\"_wpcf7_recaptcha_response\" value=\"\" \/>\n<\/fieldset>\n<p>Programa: (select)\n<\/p>\n<p><span class=\"wpcf7-form-control-wrap\" data-name=\"menu-program\"><select class=\"wpcf7-form-control wpcf7-select\" aria-invalid=\"false\" name=\"menu-program\"><option value=\"La Palma\">La Palma<\/option><option value=\"La Gomera\">La Gomera<\/option><option value=\"Gran Canaria &amp; Fuerteventura\">Gran Canaria &amp; Fuerteventura<\/option><option value=\"La Ruta Don Quixote\">La Ruta Don Quixote<\/option><\/select><\/span>\n<\/p>\n<p>Fecha del viaje (AAAA-MM-DD)\n<\/p>\n<p><span class=\"wpcf7-form-control-wrap\" data-name=\"your-date\"><input class=\"wpcf7-form-control wpcf7-date wpcf7-validates-as-required wpcf7-validates-as-date\" aria-required=\"true\" aria-invalid=\"false\" value=\"\" type=\"date\" name=\"your-date\" \/><\/span>\n<\/p>\n<p>N\u00ba de d\u00edas:\n<\/p>\n<p><span class=\"wpcf7-form-control-wrap\" data-name=\"text-days\"><input size=\"40\" maxlength=\"400\" class=\"wpcf7-form-control wpcf7-text\" aria-invalid=\"false\" value=\"8 d\u00edas - 7 noches\" type=\"text\" name=\"text-days\" \/><\/span>\n<\/p>\n<p>N\u00ba de adultos:\n<\/p>\n<p><span class=\"wpcf7-form-control-wrap\" data-name=\"number-adults\"><input class=\"wpcf7-form-control wpcf7-number wpcf7-validates-as-number\" min=\"1\" max=\"15\" aria-invalid=\"false\" value=\"\" type=\"number\" name=\"number-adults\" \/><\/span>\n<\/p>\n<p>Ni\u00f1os (edades)\n<\/p>\n<p><span class=\"wpcf7-form-control-wrap\" data-name=\"ages-children\"><input size=\"40\" maxlength=\"400\" class=\"wpcf7-form-control wpcf7-text\" aria-invalid=\"false\" value=\"\" type=\"text\" name=\"ages-children\" \/><\/span>\n<\/p>\n<p>Nombre y Apellidos\n<\/p>\n<p><span class=\"wpcf7-form-control-wrap\" data-name=\"your-name\"><input size=\"40\" maxlength=\"400\" class=\"wpcf7-form-control wpcf7-text\" aria-invalid=\"false\" value=\"\" type=\"text\" name=\"your-name\" \/><\/span>\n<\/p>\n<p>Tu email (requerido)\n<\/p>\n<p><span class=\"wpcf7-form-control-wrap\" data-name=\"your-email\"><input size=\"40\" maxlength=\"400\" class=\"wpcf7-form-control wpcf7-email wpcf7-validates-as-required wpcf7-text wpcf7-validates-as-email\" aria-required=\"true\" aria-invalid=\"false\" value=\"\" type=\"email\" name=\"your-email\" \/><\/span>\n<\/p>\n<p>Tu tel\u00e9fono\n<\/p>\n<p><span class=\"wpcf7-form-control-wrap\" data-name=\"your-phone\"><input size=\"40\" maxlength=\"400\" class=\"wpcf7-form-control wpcf7-tel wpcf7-text wpcf7-validates-as-tel\" aria-invalid=\"false\" value=\"\" type=\"tel\" name=\"your-phone\" \/><\/span>\n<\/p>\n<p>Presupuesto por persona:\n<\/p>\n<p><span class=\"wpcf7-form-control-wrap\" data-name=\"menu-654\"><select class=\"wpcf7-form-control wpcf7-select\" aria-invalid=\"false\" name=\"menu-654\"><option value=\"300\u20ac - 500\u20ac\">300\u20ac - 500\u20ac<\/option><option value=\"500\u20ac - 800\u20ac\">500\u20ac - 800\u20ac<\/option><option value=\"800\u20ac - 1200\u20ac\">800\u20ac - 1200\u20ac<\/option><option value=\"m\u00e1s de 1200\u20ac\">m\u00e1s de 1200\u20ac<\/option><option value=\"Todav\u00eda no lo s\u00e9\">Todav\u00eda no lo s\u00e9<\/option><\/select><\/span>\n<\/p>\n<p>Tus ideas y preferencias\n<\/p>\n<p><span class=\"wpcf7-form-control-wrap\" data-name=\"your-message\"><textarea cols=\"40\" rows=\"10\" maxlength=\"2000\" class=\"wpcf7-form-control wpcf7-textarea\" aria-invalid=\"false\" name=\"your-message\">actividades, tipo de alojamiento, etc.<\/textarea><\/span>\n<\/p>\n<span class=\"wpcf7-form-control-wrap current_page\" data-name=\"current_page\"><input type=\"hidden\" name=\"current_page\" class=\"wpcf7-form-control wpcf7-hidden wpcf7dtx wpcf7dtx-hidden\" aria-invalid=\"false\" value=\"https:\/\/olita-treks.com\/es\/wp-json\/wp\/v2\/pages\/1554\"><\/span>\n<p><span class=\"wpcf7-form-control-wrap\" data-name=\"acceptance-7\"><span class=\"wpcf7-form-control wpcf7-acceptance\"><span class=\"wpcf7-list-item\"><input type=\"checkbox\" name=\"acceptance-7\" value=\"1\" aria-invalid=\"false\" \/><\/span><\/span><\/span> Acepto la pol\u00edtica de privacidad (requerido)\n<\/p>\n\n<p><input class=\"wpcf7-form-control wpcf7-submit has-spinner\" type=\"submit\" value=\"Enviar\" \/>\n<\/p><div class=\"fusion-alert alert custom alert-custom fusion-alert-center wpcf7-response-output awb-alert-native-link-color alert-dismissable awb-alert-close-boxed\" style=\"--awb-border-size:1px;--awb-border-top-left-radius:0px;--awb-border-top-right-radius:0px;--awb-border-bottom-left-radius:0px;--awb-border-bottom-right-radius:0px;\" role=\"alert\"><div class=\"fusion-alert-content-wrapper\"><span class=\"fusion-alert-content\"><\/span><\/div><button type=\"button\" class=\"close toggle-alert\" data-dismiss=\"alert\" aria-label=\"Close\">&times;<\/button><\/div>\n<\/form>\n<\/div>\n[\/vc_column][vc_column width=\u00bb1\/6&#8243;][\/vc_column][\/vc_row]<\/p>\n<\/div>","protected":false},"excerpt":{"rendered":"<p>[vc_row full_width=\u00bbstretch_row\u00bb bg_type=\u00bbimage\u00bb parallax_style=\u00bbvcpb-default\u00bb bg_image_new=\u00bb784|http:\/\/olita-treks.com\/newsite\/wp-content\/uploads\/2016\/04\/Olita_Quixote-3-ret-cut.jpg\u00bb bg_image_repeat=\u00bbno-repeat\u00bb][vc_column][\/vc_column][\/vc_row][vc_row][vc_column][vc_custom_heading text=\u00bbLa Ruta de Don Quijote\u00bb font_container=\u00bbtag:h1|font_size:32|text_align:left\u00bb use_theme_fonts=\u00bbyes\u00bb][vc_column_text css=\u00bb\u00bb]Duraci\u00f3n: 8 d\u00edas, 7 noches Desde 850\u20ac por persona Una semana recorriendo los escenarios naturales donde Cervantes situ\u00f3 las peripecias de Don Quijote. A partir de Toledo, Patrimonio de la Humanidad, descubriremos molinos, castillos, r\u00edos y lagunas de La Mancha que nos<\/p>\n","protected":false},"author":3,"featured_media":2030,"parent":1539,"menu_order":0,"comment_status":"closed","ping_status":"closed","template":"","meta":{"footnotes":""},"class_list":["post-1554","page","type-page","status-publish","has-post-thumbnail","hentry"],"yoast_head":"<!-- This site is optimized with the Yoast SEO plugin v27.3 - https:\/\/yoast.com\/product\/yoast-seo-wordpress\/ -->\n<title>La ruta de Don Quijote - Olita Trek &amp; Bike - Lanzarote Excursions<\/title>\n<meta name=\"robots\" content=\"index, follow, max-snippet:-1, max-image-preview:large, max-video-preview:-1\" \/>\n<link rel=\"canonical\" href=\"http:\/\/olita-treks.com\/es\/otros-destinos\/la-ruta-de-don-quijote\/\" \/>\n<meta property=\"og:locale\" content=\"es_ES\" \/>\n<meta property=\"og:type\" content=\"article\" \/>\n<meta property=\"og:title\" content=\"La ruta de Don Quijote - Olita Trek &amp; Bike - Lanzarote Excursions\" \/>\n<meta property=\"og:description\" content=\"[vc_row full_width=\u00bbstretch_row\u00bb bg_type=\u00bbimage\u00bb parallax_style=\u00bbvcpb-default\u00bb bg_image_new=\u00bb784|http:\/\/olita-treks.com\/newsite\/wp-content\/uploads\/2016\/04\/Olita_Quixote-3-ret-cut.jpg\u00bb bg_image_repeat=\u00bbno-repeat\u00bb][vc_column][\/vc_column][\/vc_row][vc_row][vc_column][vc_custom_heading text=\u00bbLa Ruta de Don Quijote\u00bb font_container=\u00bbtag:h1|font_size:32|text_align:left\u00bb use_theme_fonts=\u00bbyes\u00bb][vc_column_text css=\u00bb\u00bb]Duraci\u00f3n: 8 d\u00edas, 7 noches Desde 850\u20ac por persona Una semana recorriendo los escenarios naturales donde Cervantes situ\u00f3 las peripecias de Don Quijote. A partir de Toledo, Patrimonio de la Humanidad, descubriremos molinos, castillos, r\u00edos y lagunas de La Mancha que nos\" \/>\n<meta property=\"og:url\" content=\"http:\/\/olita-treks.com\/es\/otros-destinos\/la-ruta-de-don-quijote\/\" \/>\n<meta property=\"og:site_name\" content=\"Olita Trek &amp; Bike - Lanzarote Excursions\" \/>\n<meta property=\"article:publisher\" content=\"https:\/\/www.facebook.com\/olitalanzarote\" \/>\n<meta property=\"article:modified_time\" content=\"2025-05-02T18:14:17+00:00\" \/>\n<meta property=\"og:image\" content=\"http:\/\/olita-treks.com\/wp-content\/uploads\/2016\/04\/Olita_Quixote-3.jpg\" \/>\n\t<meta property=\"og:image:width\" content=\"550\" \/>\n\t<meta property=\"og:image:height\" content=\"392\" \/>\n\t<meta property=\"og:image:type\" content=\"image\/jpeg\" \/>\n<meta name=\"twitter:card\" content=\"summary_large_image\" \/>\n<meta name=\"twitter:label1\" content=\"Tiempo de lectura\" \/>\n\t<meta name=\"twitter:data1\" content=\"5 minutos\" \/>\n<script type=\"application\/ld+json\" class=\"yoast-schema-graph\">{\"@context\":\"https:\\\/\\\/schema.org\",\"@graph\":[{\"@type\":\"WebPage\",\"@id\":\"http:\\\/\\\/olita-treks.com\\\/es\\\/otros-destinos\\\/la-ruta-de-don-quijote\\\/\",\"url\":\"http:\\\/\\\/olita-treks.com\\\/es\\\/otros-destinos\\\/la-ruta-de-don-quijote\\\/\",\"name\":\"La ruta de Don Quijote - Olita Trek &amp; Bike - Lanzarote Excursions\",\"isPartOf\":{\"@id\":\"http:\\\/\\\/olita-treks.com\\\/#website\"},\"primaryImageOfPage\":{\"@id\":\"http:\\\/\\\/olita-treks.com\\\/es\\\/otros-destinos\\\/la-ruta-de-don-quijote\\\/#primaryimage\"},\"image\":{\"@id\":\"http:\\\/\\\/olita-treks.com\\\/es\\\/otros-destinos\\\/la-ruta-de-don-quijote\\\/#primaryimage\"},\"thumbnailUrl\":\"https:\\\/\\\/olita-treks.com\\\/wp-content\\\/uploads\\\/2016\\\/04\\\/Olita_Quixote-3.jpg\",\"datePublished\":\"2016-10-20T12:35:22+00:00\",\"dateModified\":\"2025-05-02T18:14:17+00:00\",\"breadcrumb\":{\"@id\":\"http:\\\/\\\/olita-treks.com\\\/es\\\/otros-destinos\\\/la-ruta-de-don-quijote\\\/#breadcrumb\"},\"inLanguage\":\"es\",\"potentialAction\":[{\"@type\":\"ReadAction\",\"target\":[\"http:\\\/\\\/olita-treks.com\\\/es\\\/otros-destinos\\\/la-ruta-de-don-quijote\\\/\"]}]},{\"@type\":\"ImageObject\",\"inLanguage\":\"es\",\"@id\":\"http:\\\/\\\/olita-treks.com\\\/es\\\/otros-destinos\\\/la-ruta-de-don-quijote\\\/#primaryimage\",\"url\":\"https:\\\/\\\/olita-treks.com\\\/wp-content\\\/uploads\\\/2016\\\/04\\\/Olita_Quixote-3.jpg\",\"contentUrl\":\"https:\\\/\\\/olita-treks.com\\\/wp-content\\\/uploads\\\/2016\\\/04\\\/Olita_Quixote-3.jpg\",\"width\":550,\"height\":392},{\"@type\":\"BreadcrumbList\",\"@id\":\"http:\\\/\\\/olita-treks.com\\\/es\\\/otros-destinos\\\/la-ruta-de-don-quijote\\\/#breadcrumb\",\"itemListElement\":[{\"@type\":\"ListItem\",\"position\":1,\"name\":\"Home\",\"item\":\"https:\\\/\\\/olita-treks.com\\\/es\\\/\"},{\"@type\":\"ListItem\",\"position\":2,\"name\":\"OTROS DESTINOS\",\"item\":\"http:\\\/\\\/olita-treks.com\\\/es\\\/otros-destinos\\\/\"},{\"@type\":\"ListItem\",\"position\":3,\"name\":\"La ruta de Don Quijote\"}]},{\"@type\":\"WebSite\",\"@id\":\"http:\\\/\\\/olita-treks.com\\\/#website\",\"url\":\"http:\\\/\\\/olita-treks.com\\\/\",\"name\":\"Olita Trek &amp; Bike - Lanzarote Excursions\",\"description\":\"Olita Trek &amp; Bike offers guided walks and Mountain Bike Tours on Lanzarote, the most surprising of the Canary Islands.\",\"potentialAction\":[{\"@type\":\"SearchAction\",\"target\":{\"@type\":\"EntryPoint\",\"urlTemplate\":\"http:\\\/\\\/olita-treks.com\\\/?s={search_term_string}\"},\"query-input\":{\"@type\":\"PropertyValueSpecification\",\"valueRequired\":true,\"valueName\":\"search_term_string\"}}],\"inLanguage\":\"es\"}]}<\/script>\n<!-- \/ Yoast SEO plugin. -->","yoast_head_json":{"title":"La ruta de Don Quijote - Olita Trek &amp; Bike - Lanzarote Excursions","robots":{"index":"index","follow":"follow","max-snippet":"max-snippet:-1","max-image-preview":"max-image-preview:large","max-video-preview":"max-video-preview:-1"},"canonical":"http:\/\/olita-treks.com\/es\/otros-destinos\/la-ruta-de-don-quijote\/","og_locale":"es_ES","og_type":"article","og_title":"La ruta de Don Quijote - Olita Trek &amp; Bike - Lanzarote Excursions","og_description":"[vc_row full_width=\u00bbstretch_row\u00bb bg_type=\u00bbimage\u00bb parallax_style=\u00bbvcpb-default\u00bb bg_image_new=\u00bb784|http:\/\/olita-treks.com\/newsite\/wp-content\/uploads\/2016\/04\/Olita_Quixote-3-ret-cut.jpg\u00bb bg_image_repeat=\u00bbno-repeat\u00bb][vc_column][\/vc_column][\/vc_row][vc_row][vc_column][vc_custom_heading text=\u00bbLa Ruta de Don Quijote\u00bb font_container=\u00bbtag:h1|font_size:32|text_align:left\u00bb use_theme_fonts=\u00bbyes\u00bb][vc_column_text css=\u00bb\u00bb]Duraci\u00f3n: 8 d\u00edas, 7 noches Desde 850\u20ac por persona Una semana recorriendo los escenarios naturales donde Cervantes situ\u00f3 las peripecias de Don Quijote. A partir de Toledo, Patrimonio de la Humanidad, descubriremos molinos, castillos, r\u00edos y lagunas de La Mancha que nos","og_url":"http:\/\/olita-treks.com\/es\/otros-destinos\/la-ruta-de-don-quijote\/","og_site_name":"Olita Trek &amp; Bike - Lanzarote Excursions","article_publisher":"https:\/\/www.facebook.com\/olitalanzarote","article_modified_time":"2025-05-02T18:14:17+00:00","og_image":[{"width":550,"height":392,"url":"http:\/\/olita-treks.com\/wp-content\/uploads\/2016\/04\/Olita_Quixote-3.jpg","type":"image\/jpeg"}],"twitter_card":"summary_large_image","twitter_misc":{"Tiempo de lectura":"5 minutos"},"schema":{"@context":"https:\/\/schema.org","@graph":[{"@type":"WebPage","@id":"http:\/\/olita-treks.com\/es\/otros-destinos\/la-ruta-de-don-quijote\/","url":"http:\/\/olita-treks.com\/es\/otros-destinos\/la-ruta-de-don-quijote\/","name":"La ruta de Don Quijote - Olita Trek &amp; Bike - Lanzarote Excursions","isPartOf":{"@id":"http:\/\/olita-treks.com\/#website"},"primaryImageOfPage":{"@id":"http:\/\/olita-treks.com\/es\/otros-destinos\/la-ruta-de-don-quijote\/#primaryimage"},"image":{"@id":"http:\/\/olita-treks.com\/es\/otros-destinos\/la-ruta-de-don-quijote\/#primaryimage"},"thumbnailUrl":"https:\/\/olita-treks.com\/wp-content\/uploads\/2016\/04\/Olita_Quixote-3.jpg","datePublished":"2016-10-20T12:35:22+00:00","dateModified":"2025-05-02T18:14:17+00:00","breadcrumb":{"@id":"http:\/\/olita-treks.com\/es\/otros-destinos\/la-ruta-de-don-quijote\/#breadcrumb"},"inLanguage":"es","potentialAction":[{"@type":"ReadAction","target":["http:\/\/olita-treks.com\/es\/otros-destinos\/la-ruta-de-don-quijote\/"]}]},{"@type":"ImageObject","inLanguage":"es","@id":"http:\/\/olita-treks.com\/es\/otros-destinos\/la-ruta-de-don-quijote\/#primaryimage","url":"https:\/\/olita-treks.com\/wp-content\/uploads\/2016\/04\/Olita_Quixote-3.jpg","contentUrl":"https:\/\/olita-treks.com\/wp-content\/uploads\/2016\/04\/Olita_Quixote-3.jpg","width":550,"height":392},{"@type":"BreadcrumbList","@id":"http:\/\/olita-treks.com\/es\/otros-destinos\/la-ruta-de-don-quijote\/#breadcrumb","itemListElement":[{"@type":"ListItem","position":1,"name":"Home","item":"https:\/\/olita-treks.com\/es\/"},{"@type":"ListItem","position":2,"name":"OTROS DESTINOS","item":"http:\/\/olita-treks.com\/es\/otros-destinos\/"},{"@type":"ListItem","position":3,"name":"La ruta de Don Quijote"}]},{"@type":"WebSite","@id":"http:\/\/olita-treks.com\/#website","url":"http:\/\/olita-treks.com\/","name":"Olita Trek &amp; Bike - Lanzarote Excursions","description":"Olita Trek &amp; Bike offers guided walks and Mountain Bike Tours on Lanzarote, the most surprising of the Canary Islands.","potentialAction":[{"@type":"SearchAction","target":{"@type":"EntryPoint","urlTemplate":"http:\/\/olita-treks.com\/?s={search_term_string}"},"query-input":{"@type":"PropertyValueSpecification","valueRequired":true,"valueName":"search_term_string"}}],"inLanguage":"es"}]}},"_links":{"self":[{"href":"https:\/\/olita-treks.com\/es\/wp-json\/wp\/v2\/pages\/1554","targetHints":{"allow":["GET"]}}],"collection":[{"href":"https:\/\/olita-treks.com\/es\/wp-json\/wp\/v2\/pages"}],"about":[{"href":"https:\/\/olita-treks.com\/es\/wp-json\/wp\/v2\/types\/page"}],"author":[{"embeddable":true,"href":"https:\/\/olita-treks.com\/es\/wp-json\/wp\/v2\/users\/3"}],"replies":[{"embeddable":true,"href":"https:\/\/olita-treks.com\/es\/wp-json\/wp\/v2\/comments?post=1554"}],"version-history":[{"count":5,"href":"https:\/\/olita-treks.com\/es\/wp-json\/wp\/v2\/pages\/1554\/revisions"}],"predecessor-version":[{"id":3825,"href":"https:\/\/olita-treks.com\/es\/wp-json\/wp\/v2\/pages\/1554\/revisions\/3825"}],"up":[{"embeddable":true,"href":"https:\/\/olita-treks.com\/es\/wp-json\/wp\/v2\/pages\/1539"}],"wp:featuredmedia":[{"embeddable":true,"href":"https:\/\/olita-treks.com\/es\/wp-json\/wp\/v2\/media\/2030"}],"wp:attachment":[{"href":"https:\/\/olita-treks.com\/es\/wp-json\/wp\/v2\/media?parent=1554"}],"curies":[{"name":"wp","href":"https:\/\/api.w.org\/{rel}","templated":true}]}}