{"id":1517,"date":"2016-10-18T15:44:45","date_gmt":"2016-10-18T15:44:45","guid":{"rendered":"http:\/\/olita-treks.com\/newsite\/?page_id=1517&#038;lang=es"},"modified":"2025-06-08T12:06:13","modified_gmt":"2025-06-08T12:06:13","slug":"la-geria-los-vinedos-y-su-entorno","status":"publish","type":"page","link":"https:\/\/olita-treks.com\/es\/excursiones-diarias\/la-geria-los-vinedos-y-su-entorno\/","title":{"rendered":"La Geria: los vi\u00f1edos y su entorno"},"content":{"rendered":"<div class=\"wpb-content-wrapper\"><p>[vc_row full_width=\u00bbstretch_row\u00bb bg_type=\u00bbimage\u00bb parallax_style=\u00bbvcpb-default\u00bb bg_image_new=\u00bbid^4276|url^http:\/\/olita-treks.com\/wp-content\/uploads\/2025\/06\/Olita-treks-LaGeria-FotoHR-15.jpg|caption^null|alt^Lanzarote Sunset walk in the wine region La Geria|title^Atardecer en el vi\u00f1edo &#8211; La Geria, Lanzarote.|description^null\u00bb bg_image_repeat=\u00bbno-repeat\u00bb][vc_column]<div class=\"ult-spacer spacer-69ec9f394825d\" data-id=\"69ec9f394825d\" data-height=\"350\" data-height-mobile=\"350\" data-height-tab=\"350\" data-height-tab-portrait=\"\" data-height-mobile-landscape=\"\" style=\"clear:both;display:block;\"><\/div>[\/vc_column][\/vc_row][vc_row][vc_column][vc_custom_heading text=\u00bbLa Geria: los vi\u00f1edos y su entorno\u00bb font_container=\u00bbtag:h1|font_size:32|text_align:left\u00bb use_theme_fonts=\u00bbyes\u00bb][vc_column_text css=\u00bb\u00bb]<em><strong>Los Viernes de 09:30 a 13:00 horas &#8211; Precio \u20ac 50<\/strong><\/em><br \/>\nEl sendero comienza por la cresta central y asciende al Volc\u00e1n Guardilama desde donde se divisa la mayor parte de la isla y, fundamentalmente, la mitad Sur y el centro: el macizo de Los Ajaches, los vi\u00f1edos de La Geria, los volcanes del Parque Nacional de Timanfaya y la costa sureste con su multitud de casas blancas diseminadas. Despu\u00e9s de haber disfrutado de las magnificas vistas, descenso hacia los vi\u00f1edos de La Geria en donde la negra y porosa superficie volc\u00e1nica permite cultivar sin apenas agua de lluvia, aprovechando la humedad que proporciona el viento dominante. Un paraje \u00fanico, lleno de contrastes. Despu\u00e9s de la caminata degustamos un par de vinos en una bodega t\u00edpica de La Geria.[\/vc_column_text][vc_masonry_media_grid css=\u00bb\u00bb grid_id=\u00bbvc_gid:1749384216704-87a40ec7-8d0c-4&#8243; include=\u00bb4276,3683,1085,391,4043,927,3687,2894,3691&#8243;][\/vc_column][\/vc_row][vc_row full_width=\u00bbstretch_row\u00bb bg_type=\u00bbbg_color\u00bb bg_color_value=\u00bb#f2f2f2&#8243; css=\u00bb.vc_custom_1460991685674{margin-bottom: 0px !important;border-bottom-width: 0px !important;padding-bottom: 0px !important;}\u00bb][vc_column width=\u00bb1\/6&#8243;][\/vc_column][vc_column width=\u00bb2\/3&#8243;][vc_custom_heading text=\u00bbReservas e Informaci\u00f3n\u00bb font_container=\u00bbtag:h3|font_size:32|text_align:center\u00bb use_theme_fonts=\u00bbyes\u00bb]\n<div class=\"wpcf7 no-js\" id=\"wpcf7-f1624-o1\" lang=\"en-US\" dir=\"ltr\" data-wpcf7-id=\"1624\">\n<div class=\"screen-reader-response\"><p role=\"status\" aria-live=\"polite\" aria-atomic=\"true\"><\/p> <ul><\/ul><\/div>\n<form action=\"\/es\/wp-json\/wp\/v2\/pages\/1517#wpcf7-f1624-o1\" method=\"post\" class=\"wpcf7-form init\" aria-label=\"Contact form\" novalidate=\"novalidate\" data-status=\"init\">\n<fieldset class=\"hidden-fields-container\"><input type=\"hidden\" name=\"_wpcf7\" value=\"1624\" \/><input type=\"hidden\" name=\"_wpcf7_version\" value=\"6.1.5\" \/><input type=\"hidden\" name=\"_wpcf7_locale\" value=\"en_US\" \/><input type=\"hidden\" name=\"_wpcf7_unit_tag\" value=\"wpcf7-f1624-o1\" \/><input type=\"hidden\" name=\"_wpcf7_container_post\" value=\"0\" \/><input type=\"hidden\" name=\"_wpcf7_posted_data_hash\" value=\"\" \/><input type=\"hidden\" name=\"_wpcf7dtx_version\" value=\"5.0.5\" \/><input type=\"hidden\" name=\"_wpcf7_recaptcha_response\" value=\"\" \/>\n<\/fieldset>\n<p>Nombre\n<\/p>\n<p><span class=\"wpcf7-form-control-wrap\" data-name=\"your-name\"><input size=\"40\" maxlength=\"400\" class=\"wpcf7-form-control wpcf7-text\" aria-invalid=\"false\" value=\"\" type=\"text\" name=\"your-name\" \/><\/span>\n<\/p>\n<p>Tu email (requerido)\n<\/p>\n<p><span class=\"wpcf7-form-control-wrap\" data-name=\"your-email\"><input size=\"40\" maxlength=\"400\" class=\"wpcf7-form-control wpcf7-email wpcf7-validates-as-required wpcf7-text wpcf7-validates-as-email\" aria-required=\"true\" aria-invalid=\"false\" value=\"\" type=\"email\" name=\"your-email\" \/><\/span>\n<\/p>\n<p>Mensaje\n<\/p>\n<p><span class=\"wpcf7-form-control-wrap\" data-name=\"your-message\"><textarea cols=\"40\" rows=\"10\" maxlength=\"2000\" class=\"wpcf7-form-control wpcf7-textarea\" aria-invalid=\"false\" name=\"your-message\"><\/textarea><\/span>\n<\/p>\n<span class=\"wpcf7-form-control-wrap current_page\" data-name=\"current_page\"><input type=\"hidden\" name=\"current_page\" class=\"wpcf7-form-control wpcf7-hidden wpcf7dtx wpcf7dtx-hidden\" aria-invalid=\"false\" value=\"https:\/\/olita-treks.com\/es\/wp-json\/wp\/v2\/pages\/1517\"><\/span>\n<p><span class=\"wpcf7-form-control-wrap\" data-name=\"acceptance-309\"><span class=\"wpcf7-form-control wpcf7-acceptance\"><span class=\"wpcf7-list-item\"><input type=\"checkbox\" name=\"acceptance-309\" value=\"1\" aria-invalid=\"false\" \/><\/span><\/span><\/span> Acepto la <a href=\"\/privacy-policy\" target=\"_blank\">Pol\u00edtica de Privacidad<\/a> (requerido)\n<\/p>\n\n<p><input class=\"wpcf7-form-control wpcf7-submit has-spinner\" type=\"submit\" value=\"Enviar\" \/>\n<\/p><div class=\"fusion-alert alert custom alert-custom fusion-alert-center wpcf7-response-output awb-alert-native-link-color alert-dismissable awb-alert-close-boxed\" style=\"--awb-border-size:1px;--awb-border-top-left-radius:0px;--awb-border-top-right-radius:0px;--awb-border-bottom-left-radius:0px;--awb-border-bottom-right-radius:0px;\" role=\"alert\"><div class=\"fusion-alert-content-wrapper\"><span class=\"fusion-alert-content\"><\/span><\/div><button type=\"button\" class=\"close toggle-alert\" data-dismiss=\"alert\" aria-label=\"Close\">&times;<\/button><\/div>\n<\/form>\n<\/div>\n[\/vc_column][vc_column width=\u00bb1\/6&#8243;][\/vc_column][\/vc_row]<\/p>\n<\/div>","protected":false},"excerpt":{"rendered":"<p>[vc_row full_width=\u00bbstretch_row\u00bb bg_type=\u00bbimage\u00bb parallax_style=\u00bbvcpb-default\u00bb bg_image_new=\u00bbid^4276|url^http:\/\/olita-treks.com\/wp-content\/uploads\/2025\/06\/Olita-treks-LaGeria-FotoHR-15.jpg|caption^null|alt^Lanzarote Sunset walk in the wine region La Geria|title^Atardecer en el vi\u00f1edo &#8211; La Geria, Lanzarote.|description^null\u00bb bg_image_repeat=\u00bbno-repeat\u00bb][vc_column][\/vc_column][\/vc_row][vc_row][vc_column][vc_custom_heading text=\u00bbLa Geria: los vi\u00f1edos y su entorno\u00bb font_container=\u00bbtag:h1|font_size:32|text_align:left\u00bb use_theme_fonts=\u00bbyes\u00bb][vc_column_text css=\u00bb\u00bb]Los Viernes de 09:30 a 13:00 horas &#8211; Precio \u20ac 50 El sendero comienza por la cresta central y asciende al Volc\u00e1n Guardilama desde donde<\/p>\n","protected":false},"author":3,"featured_media":4276,"parent":1504,"menu_order":0,"comment_status":"closed","ping_status":"closed","template":"","meta":{"footnotes":""},"class_list":["post-1517","page","type-page","status-publish","has-post-thumbnail","hentry"],"yoast_head":"<!-- This site is optimized with the Yoast SEO plugin v27.4 - https:\/\/yoast.com\/product\/yoast-seo-wordpress\/ -->\n<title>La Geria: los vi\u00f1edos y su entorno - Olita Trek &amp; Bike - Lanzarote Excursions<\/title>\n<meta name=\"description\" content=\"Un recorrido espendido entre los vi\u00f1edos de La Geria donde las vides crecen en ceniza volc\u00e1nica protegidas con muros de piedra.\" \/>\n<meta name=\"robots\" content=\"index, follow, max-snippet:-1, max-image-preview:large, max-video-preview:-1\" \/>\n<link rel=\"canonical\" href=\"http:\/\/olita-treks.com\/es\/excursiones-diarias\/la-geria-los-vinedos-y-su-entorno\/\" \/>\n<meta property=\"og:locale\" content=\"es_ES\" \/>\n<meta property=\"og:type\" content=\"article\" \/>\n<meta property=\"og:title\" content=\"La Geria: los vi\u00f1edos y su entorno - Olita Trek &amp; Bike - Lanzarote Excursions\" \/>\n<meta property=\"og:description\" content=\"Un recorrido espendido entre los vi\u00f1edos de La Geria donde las vides crecen en ceniza volc\u00e1nica protegidas con muros de piedra.\" \/>\n<meta property=\"og:url\" content=\"http:\/\/olita-treks.com\/es\/excursiones-diarias\/la-geria-los-vinedos-y-su-entorno\/\" \/>\n<meta property=\"og:site_name\" content=\"Olita Trek &amp; Bike - Lanzarote Excursions\" \/>\n<meta property=\"article:publisher\" content=\"https:\/\/www.facebook.com\/olitalanzarote\" \/>\n<meta property=\"article:modified_time\" content=\"2025-06-08T12:06:13+00:00\" \/>\n<meta property=\"og:image\" content=\"http:\/\/olita-treks.com\/wp-content\/uploads\/2025\/06\/Olita-treks-LaGeria-FotoHR-15.jpg\" \/>\n\t<meta property=\"og:image:width\" content=\"2532\" \/>\n\t<meta property=\"og:image:height\" content=\"1667\" \/>\n\t<meta property=\"og:image:type\" content=\"image\/jpeg\" \/>\n<meta name=\"twitter:card\" content=\"summary_large_image\" \/>\n<meta name=\"twitter:label1\" content=\"Tiempo de lectura\" \/>\n\t<meta name=\"twitter:data1\" content=\"2 minutos\" \/>\n<script type=\"application\/ld+json\" class=\"yoast-schema-graph\">{\"@context\":\"https:\\\/\\\/schema.org\",\"@graph\":[{\"@type\":\"WebPage\",\"@id\":\"http:\\\/\\\/olita-treks.com\\\/es\\\/excursiones-diarias\\\/la-geria-los-vinedos-y-su-entorno\\\/\",\"url\":\"http:\\\/\\\/olita-treks.com\\\/es\\\/excursiones-diarias\\\/la-geria-los-vinedos-y-su-entorno\\\/\",\"name\":\"La Geria: los vi\u00f1edos y su entorno - Olita Trek &amp; Bike - Lanzarote Excursions\",\"isPartOf\":{\"@id\":\"http:\\\/\\\/olita-treks.com\\\/#website\"},\"primaryImageOfPage\":{\"@id\":\"http:\\\/\\\/olita-treks.com\\\/es\\\/excursiones-diarias\\\/la-geria-los-vinedos-y-su-entorno\\\/#primaryimage\"},\"image\":{\"@id\":\"http:\\\/\\\/olita-treks.com\\\/es\\\/excursiones-diarias\\\/la-geria-los-vinedos-y-su-entorno\\\/#primaryimage\"},\"thumbnailUrl\":\"https:\\\/\\\/olita-treks.com\\\/wp-content\\\/uploads\\\/2025\\\/06\\\/Olita-treks-LaGeria-FotoHR-15.jpg\",\"datePublished\":\"2016-10-18T15:44:45+00:00\",\"dateModified\":\"2025-06-08T12:06:13+00:00\",\"description\":\"Un recorrido espendido entre los vi\u00f1edos de La Geria donde las vides crecen en ceniza volc\u00e1nica protegidas con muros de piedra.\",\"breadcrumb\":{\"@id\":\"http:\\\/\\\/olita-treks.com\\\/es\\\/excursiones-diarias\\\/la-geria-los-vinedos-y-su-entorno\\\/#breadcrumb\"},\"inLanguage\":\"es\",\"potentialAction\":[{\"@type\":\"ReadAction\",\"target\":[\"http:\\\/\\\/olita-treks.com\\\/es\\\/excursiones-diarias\\\/la-geria-los-vinedos-y-su-entorno\\\/\"]}]},{\"@type\":\"ImageObject\",\"inLanguage\":\"es\",\"@id\":\"http:\\\/\\\/olita-treks.com\\\/es\\\/excursiones-diarias\\\/la-geria-los-vinedos-y-su-entorno\\\/#primaryimage\",\"url\":\"https:\\\/\\\/olita-treks.com\\\/wp-content\\\/uploads\\\/2025\\\/06\\\/Olita-treks-LaGeria-FotoHR-15.jpg\",\"contentUrl\":\"https:\\\/\\\/olita-treks.com\\\/wp-content\\\/uploads\\\/2025\\\/06\\\/Olita-treks-LaGeria-FotoHR-15.jpg\",\"width\":2532,\"height\":1667,\"caption\":\"Lanzarote Sunset walk in the wine region La Geria\"},{\"@type\":\"BreadcrumbList\",\"@id\":\"http:\\\/\\\/olita-treks.com\\\/es\\\/excursiones-diarias\\\/la-geria-los-vinedos-y-su-entorno\\\/#breadcrumb\",\"itemListElement\":[{\"@type\":\"ListItem\",\"position\":1,\"name\":\"Home\",\"item\":\"https:\\\/\\\/olita-treks.com\\\/es\\\/\"},{\"@type\":\"ListItem\",\"position\":2,\"name\":\"EXCURSIONES DIARIAS\",\"item\":\"http:\\\/\\\/olita-treks.com\\\/es\\\/excursiones-diarias\\\/\"},{\"@type\":\"ListItem\",\"position\":3,\"name\":\"La Geria: los vi\u00f1edos y su entorno\"}]},{\"@type\":\"WebSite\",\"@id\":\"http:\\\/\\\/olita-treks.com\\\/#website\",\"url\":\"http:\\\/\\\/olita-treks.com\\\/\",\"name\":\"Olita Trek &amp; Bike - Lanzarote Excursions\",\"description\":\"Olita Trek &amp; Bike offers guided walks and Mountain Bike Tours on Lanzarote, the most surprising of the Canary Islands.\",\"potentialAction\":[{\"@type\":\"SearchAction\",\"target\":{\"@type\":\"EntryPoint\",\"urlTemplate\":\"http:\\\/\\\/olita-treks.com\\\/?s={search_term_string}\"},\"query-input\":{\"@type\":\"PropertyValueSpecification\",\"valueRequired\":true,\"valueName\":\"search_term_string\"}}],\"inLanguage\":\"es\"}]}<\/script>\n<!-- \/ Yoast SEO plugin. -->","yoast_head_json":{"title":"La Geria: los vi\u00f1edos y su entorno - Olita Trek &amp; Bike - Lanzarote Excursions","description":"Un recorrido espendido entre los vi\u00f1edos de La Geria donde las vides crecen en ceniza volc\u00e1nica protegidas con muros de piedra.","robots":{"index":"index","follow":"follow","max-snippet":"max-snippet:-1","max-image-preview":"max-image-preview:large","max-video-preview":"max-video-preview:-1"},"canonical":"http:\/\/olita-treks.com\/es\/excursiones-diarias\/la-geria-los-vinedos-y-su-entorno\/","og_locale":"es_ES","og_type":"article","og_title":"La Geria: los vi\u00f1edos y su entorno - Olita Trek &amp; Bike - Lanzarote Excursions","og_description":"Un recorrido espendido entre los vi\u00f1edos de La Geria donde las vides crecen en ceniza volc\u00e1nica protegidas con muros de piedra.","og_url":"http:\/\/olita-treks.com\/es\/excursiones-diarias\/la-geria-los-vinedos-y-su-entorno\/","og_site_name":"Olita Trek &amp; Bike - Lanzarote Excursions","article_publisher":"https:\/\/www.facebook.com\/olitalanzarote","article_modified_time":"2025-06-08T12:06:13+00:00","og_image":[{"width":2532,"height":1667,"url":"http:\/\/olita-treks.com\/wp-content\/uploads\/2025\/06\/Olita-treks-LaGeria-FotoHR-15.jpg","type":"image\/jpeg"}],"twitter_card":"summary_large_image","twitter_misc":{"Tiempo de lectura":"2 minutos"},"schema":{"@context":"https:\/\/schema.org","@graph":[{"@type":"WebPage","@id":"http:\/\/olita-treks.com\/es\/excursiones-diarias\/la-geria-los-vinedos-y-su-entorno\/","url":"http:\/\/olita-treks.com\/es\/excursiones-diarias\/la-geria-los-vinedos-y-su-entorno\/","name":"La Geria: los vi\u00f1edos y su entorno - Olita Trek &amp; Bike - Lanzarote Excursions","isPartOf":{"@id":"http:\/\/olita-treks.com\/#website"},"primaryImageOfPage":{"@id":"http:\/\/olita-treks.com\/es\/excursiones-diarias\/la-geria-los-vinedos-y-su-entorno\/#primaryimage"},"image":{"@id":"http:\/\/olita-treks.com\/es\/excursiones-diarias\/la-geria-los-vinedos-y-su-entorno\/#primaryimage"},"thumbnailUrl":"https:\/\/olita-treks.com\/wp-content\/uploads\/2025\/06\/Olita-treks-LaGeria-FotoHR-15.jpg","datePublished":"2016-10-18T15:44:45+00:00","dateModified":"2025-06-08T12:06:13+00:00","description":"Un recorrido espendido entre los vi\u00f1edos de La Geria donde las vides crecen en ceniza volc\u00e1nica protegidas con muros de piedra.","breadcrumb":{"@id":"http:\/\/olita-treks.com\/es\/excursiones-diarias\/la-geria-los-vinedos-y-su-entorno\/#breadcrumb"},"inLanguage":"es","potentialAction":[{"@type":"ReadAction","target":["http:\/\/olita-treks.com\/es\/excursiones-diarias\/la-geria-los-vinedos-y-su-entorno\/"]}]},{"@type":"ImageObject","inLanguage":"es","@id":"http:\/\/olita-treks.com\/es\/excursiones-diarias\/la-geria-los-vinedos-y-su-entorno\/#primaryimage","url":"https:\/\/olita-treks.com\/wp-content\/uploads\/2025\/06\/Olita-treks-LaGeria-FotoHR-15.jpg","contentUrl":"https:\/\/olita-treks.com\/wp-content\/uploads\/2025\/06\/Olita-treks-LaGeria-FotoHR-15.jpg","width":2532,"height":1667,"caption":"Lanzarote Sunset walk in the wine region La Geria"},{"@type":"BreadcrumbList","@id":"http:\/\/olita-treks.com\/es\/excursiones-diarias\/la-geria-los-vinedos-y-su-entorno\/#breadcrumb","itemListElement":[{"@type":"ListItem","position":1,"name":"Home","item":"https:\/\/olita-treks.com\/es\/"},{"@type":"ListItem","position":2,"name":"EXCURSIONES DIARIAS","item":"http:\/\/olita-treks.com\/es\/excursiones-diarias\/"},{"@type":"ListItem","position":3,"name":"La Geria: los vi\u00f1edos y su entorno"}]},{"@type":"WebSite","@id":"http:\/\/olita-treks.com\/#website","url":"http:\/\/olita-treks.com\/","name":"Olita Trek &amp; Bike - Lanzarote Excursions","description":"Olita Trek &amp; Bike offers guided walks and Mountain Bike Tours on Lanzarote, the most surprising of the Canary Islands.","potentialAction":[{"@type":"SearchAction","target":{"@type":"EntryPoint","urlTemplate":"http:\/\/olita-treks.com\/?s={search_term_string}"},"query-input":{"@type":"PropertyValueSpecification","valueRequired":true,"valueName":"search_term_string"}}],"inLanguage":"es"}]}},"_links":{"self":[{"href":"https:\/\/olita-treks.com\/es\/wp-json\/wp\/v2\/pages\/1517","targetHints":{"allow":["GET"]}}],"collection":[{"href":"https:\/\/olita-treks.com\/es\/wp-json\/wp\/v2\/pages"}],"about":[{"href":"https:\/\/olita-treks.com\/es\/wp-json\/wp\/v2\/types\/page"}],"author":[{"embeddable":true,"href":"https:\/\/olita-treks.com\/es\/wp-json\/wp\/v2\/users\/3"}],"replies":[{"embeddable":true,"href":"https:\/\/olita-treks.com\/es\/wp-json\/wp\/v2\/comments?post=1517"}],"version-history":[{"count":10,"href":"https:\/\/olita-treks.com\/es\/wp-json\/wp\/v2\/pages\/1517\/revisions"}],"predecessor-version":[{"id":4536,"href":"https:\/\/olita-treks.com\/es\/wp-json\/wp\/v2\/pages\/1517\/revisions\/4536"}],"up":[{"embeddable":true,"href":"https:\/\/olita-treks.com\/es\/wp-json\/wp\/v2\/pages\/1504"}],"wp:featuredmedia":[{"embeddable":true,"href":"https:\/\/olita-treks.com\/es\/wp-json\/wp\/v2\/media\/4276"}],"wp:attachment":[{"href":"https:\/\/olita-treks.com\/es\/wp-json\/wp\/v2\/media?parent=1517"}],"curies":[{"name":"wp","href":"https:\/\/api.w.org\/{rel}","templated":true}]}}