{"id":1511,"date":"2016-10-18T15:37:34","date_gmt":"2016-10-18T15:37:34","guid":{"rendered":"http:\/\/olita-treks.com\/newsite\/?page_id=1511&#038;lang=es"},"modified":"2025-04-22T11:12:25","modified_gmt":"2025-04-22T11:12:25","slug":"isla-de-la-graciosa","status":"publish","type":"page","link":"https:\/\/olita-treks.com\/es\/excursiones-diarias\/isla-de-la-graciosa\/","title":{"rendered":"Isla de la Graciosa"},"content":{"rendered":"<div class=\"wpb-content-wrapper\"><p>[vc_row full_width=\u00bbstretch_row\u00bb bg_type=\u00bbimage\u00bb parallax_style=\u00bbvcpb-default\u00bb bg_image_new=\u00bbid^2936|url^http:\/\/olita-treks.com\/wp-content\/uploads\/2016\/09\/Olita_Lanzarote_FotoWeb-157.jpg|caption^null|alt^null|title^Fotografiando las orilleras de la Playa de Las Conchas &#8211; La Grac|description^null\u00bb bg_image_repeat=\u00bbno-repeat\u00bb][vc_column]<div class=\"ult-spacer spacer-69f22ad1a6556\" data-id=\"69f22ad1a6556\" data-height=\"350\" data-height-mobile=\"350\" data-height-tab=\"350\" data-height-tab-portrait=\"\" data-height-mobile-landscape=\"\" style=\"clear:both;display:block;\"><\/div>[\/vc_column][\/vc_row][vc_row][vc_column][vc_custom_heading text=\u00bbIsla de la Graciosa\u00bb font_container=\u00bbtag:h1|font_size:32|text_align:left\u00bb use_theme_fonts=\u00bbyes\u00bb][vc_column_text css=\u00bb\u00bb]<em><strong>Los Martes de 09:30 a 17:00 horas; m\u00ednimo 4 personas &#8211; Precio \u20ac 90 <\/strong>(incl. Pick-nick y barco)<\/em><br \/>\nDespu\u00e9s de una corta traves\u00eda en barco desde el puerto de \u00d3rzola el recorrido se inicia en el precioso pueblo pesquero de Caleta de Sebo en La Graciosa. Se atraviesan sucesivamente dunas, playas solitarias y campos de lava de esta tranquila y peque\u00f1a isla. Durante la excursi\u00f3n tendr\u00e1 tiempo para un ba\u00f1o refrescante en una de las playas m\u00e1s bonitas de las Islas Canarias.[\/vc_column_text][vc_masonry_media_grid grid_id=\u00bbvc_gid:1741343058750-9d25789f-1317-6&#8243; include=\u00bb963,975,965,981,1020,999,1022,1099,1028&#8243;][\/vc_column][\/vc_row][vc_row full_width=\u00bbstretch_row\u00bb bg_type=\u00bbbg_color\u00bb bg_color_value=\u00bb#f2f2f2&#8243; css=\u00bb.vc_custom_1460991685674{margin-bottom: 0px !important;border-bottom-width: 0px !important;padding-bottom: 0px !important;}\u00bb][vc_column width=\u00bb1\/6&#8243;][\/vc_column][vc_column width=\u00bb2\/3&#8243;][vc_custom_heading text=\u00bbReservas e Informaci\u00f3n\u00bb font_container=\u00bbtag:h3|font_size:32|text_align:center\u00bb use_theme_fonts=\u00bbyes\u00bb]\n<div class=\"wpcf7 no-js\" id=\"wpcf7-f1624-o1\" lang=\"en-US\" dir=\"ltr\" data-wpcf7-id=\"1624\">\n<div class=\"screen-reader-response\"><p role=\"status\" aria-live=\"polite\" aria-atomic=\"true\"><\/p> <ul><\/ul><\/div>\n<form action=\"\/es\/wp-json\/wp\/v2\/pages\/1511#wpcf7-f1624-o1\" method=\"post\" class=\"wpcf7-form init\" aria-label=\"Contact form\" novalidate=\"novalidate\" data-status=\"init\">\n<fieldset class=\"hidden-fields-container\"><input type=\"hidden\" name=\"_wpcf7\" value=\"1624\" \/><input type=\"hidden\" name=\"_wpcf7_version\" value=\"6.1.5\" \/><input type=\"hidden\" name=\"_wpcf7_locale\" value=\"en_US\" \/><input type=\"hidden\" name=\"_wpcf7_unit_tag\" value=\"wpcf7-f1624-o1\" \/><input type=\"hidden\" name=\"_wpcf7_container_post\" value=\"0\" \/><input type=\"hidden\" name=\"_wpcf7_posted_data_hash\" value=\"\" \/><input type=\"hidden\" name=\"_wpcf7dtx_version\" value=\"5.0.5\" \/><input type=\"hidden\" name=\"_wpcf7_recaptcha_response\" value=\"\" \/>\n<\/fieldset>\n<p>Nombre\n<\/p>\n<p><span class=\"wpcf7-form-control-wrap\" data-name=\"your-name\"><input size=\"40\" maxlength=\"400\" class=\"wpcf7-form-control wpcf7-text\" aria-invalid=\"false\" value=\"\" type=\"text\" name=\"your-name\" \/><\/span>\n<\/p>\n<p>Tu email (requerido)\n<\/p>\n<p><span class=\"wpcf7-form-control-wrap\" data-name=\"your-email\"><input size=\"40\" maxlength=\"400\" class=\"wpcf7-form-control wpcf7-email wpcf7-validates-as-required wpcf7-text wpcf7-validates-as-email\" aria-required=\"true\" aria-invalid=\"false\" value=\"\" type=\"email\" name=\"your-email\" \/><\/span>\n<\/p>\n<p>Mensaje\n<\/p>\n<p><span class=\"wpcf7-form-control-wrap\" data-name=\"your-message\"><textarea cols=\"40\" rows=\"10\" maxlength=\"2000\" class=\"wpcf7-form-control wpcf7-textarea\" aria-invalid=\"false\" name=\"your-message\"><\/textarea><\/span>\n<\/p>\n<span class=\"wpcf7-form-control-wrap current_page\" data-name=\"current_page\"><input type=\"hidden\" name=\"current_page\" class=\"wpcf7-form-control wpcf7-hidden wpcf7dtx wpcf7dtx-hidden\" aria-invalid=\"false\" value=\"https:\/\/olita-treks.com\/es\/wp-json\/wp\/v2\/pages\/1511\"><\/span>\n<p><span class=\"wpcf7-form-control-wrap\" data-name=\"acceptance-309\"><span class=\"wpcf7-form-control wpcf7-acceptance\"><span class=\"wpcf7-list-item\"><input type=\"checkbox\" name=\"acceptance-309\" value=\"1\" aria-invalid=\"false\" \/><\/span><\/span><\/span> Acepto la <a href=\"\/privacy-policy\" target=\"_blank\">Pol\u00edtica de Privacidad<\/a> (requerido)\n<\/p>\n\n<p><input class=\"wpcf7-form-control wpcf7-submit has-spinner\" type=\"submit\" value=\"Enviar\" \/>\n<\/p><div class=\"fusion-alert alert custom alert-custom fusion-alert-center wpcf7-response-output awb-alert-native-link-color alert-dismissable awb-alert-close-boxed\" style=\"--awb-border-size:1px;--awb-border-top-left-radius:0px;--awb-border-top-right-radius:0px;--awb-border-bottom-left-radius:0px;--awb-border-bottom-right-radius:0px;\" role=\"alert\"><div class=\"fusion-alert-content-wrapper\"><span class=\"fusion-alert-content\"><\/span><\/div><button type=\"button\" class=\"close toggle-alert\" data-dismiss=\"alert\" aria-label=\"Close\">&times;<\/button><\/div>\n<\/form>\n<\/div>\n[\/vc_column][vc_column width=\u00bb1\/6&#8243;][\/vc_column][\/vc_row]<\/p>\n<\/div>","protected":false},"excerpt":{"rendered":"<p>[vc_row full_width=\u00bbstretch_row\u00bb bg_type=\u00bbimage\u00bb parallax_style=\u00bbvcpb-default\u00bb bg_image_new=\u00bbid^2936|url^http:\/\/olita-treks.com\/wp-content\/uploads\/2016\/09\/Olita_Lanzarote_FotoWeb-157.jpg|caption^null|alt^null|title^Fotografiando las orilleras de la Playa de Las Conchas &#8211; La Grac|description^null\u00bb bg_image_repeat=\u00bbno-repeat\u00bb][vc_column][\/vc_column][\/vc_row][vc_row][vc_column][vc_custom_heading text=\u00bbIsla de la Graciosa\u00bb font_container=\u00bbtag:h1|font_size:32|text_align:left\u00bb use_theme_fonts=\u00bbyes\u00bb][vc_column_text css=\u00bb\u00bb]Los Martes de 09:30 a 17:00 horas; m\u00ednimo 4 personas &#8211; Precio \u20ac 90 (incl. Pick-nick y barco) Despu\u00e9s de una corta traves\u00eda en barco desde el puerto de \u00d3rzola el recorrido<\/p>\n","protected":false},"author":3,"featured_media":2267,"parent":1504,"menu_order":0,"comment_status":"closed","ping_status":"closed","template":"","meta":{"footnotes":""},"class_list":["post-1511","page","type-page","status-publish","has-post-thumbnail","hentry"],"yoast_head":"<!-- This site is optimized with the Yoast SEO plugin v27.4 - https:\/\/yoast.com\/product\/yoast-seo-wordpress\/ -->\n<title>Isla de la Graciosa - Olita Trek &amp; Bike - Lanzarote Excursions<\/title>\n<meta name=\"description\" content=\"Un d\u00eda relajante en la isla de La Graciosa. Recorrido por la costa con playas magn\u00edficas y aguas turquesas. Almuerzo y chapuz\u00f3n incluido.\" \/>\n<meta name=\"robots\" content=\"index, follow, max-snippet:-1, max-image-preview:large, max-video-preview:-1\" \/>\n<link rel=\"canonical\" href=\"https:\/\/olita-treks.com\/es\/excursiones-diarias\/isla-de-la-graciosa\/\" \/>\n<meta property=\"og:locale\" content=\"es_ES\" \/>\n<meta property=\"og:type\" content=\"article\" \/>\n<meta property=\"og:title\" content=\"Isla de la Graciosa - Olita Trek &amp; Bike - Lanzarote Excursions\" \/>\n<meta property=\"og:description\" content=\"Un d\u00eda relajante en la isla de La Graciosa. Recorrido por la costa con playas magn\u00edficas y aguas turquesas. Almuerzo y chapuz\u00f3n incluido.\" \/>\n<meta property=\"og:url\" content=\"https:\/\/olita-treks.com\/es\/excursiones-diarias\/isla-de-la-graciosa\/\" \/>\n<meta property=\"og:site_name\" content=\"Olita Trek &amp; Bike - Lanzarote Excursions\" \/>\n<meta property=\"article:publisher\" content=\"https:\/\/www.facebook.com\/olitalanzarote\" \/>\n<meta property=\"article:modified_time\" content=\"2025-04-22T11:12:25+00:00\" \/>\n<meta property=\"og:image\" content=\"https:\/\/olita-treks.com\/wp-content\/uploads\/2016\/04\/DSC02603_151205-Edit-small.jpg\" \/>\n\t<meta property=\"og:image:width\" content=\"550\" \/>\n\t<meta property=\"og:image:height\" content=\"337\" \/>\n\t<meta property=\"og:image:type\" content=\"image\/jpeg\" \/>\n<meta name=\"twitter:card\" content=\"summary_large_image\" \/>\n<meta name=\"twitter:label1\" content=\"Tiempo de lectura\" \/>\n\t<meta name=\"twitter:data1\" content=\"1 minuto\" \/>\n<script type=\"application\/ld+json\" class=\"yoast-schema-graph\">{\"@context\":\"https:\\\/\\\/schema.org\",\"@graph\":[{\"@type\":\"WebPage\",\"@id\":\"https:\\\/\\\/olita-treks.com\\\/es\\\/excursiones-diarias\\\/isla-de-la-graciosa\\\/\",\"url\":\"https:\\\/\\\/olita-treks.com\\\/es\\\/excursiones-diarias\\\/isla-de-la-graciosa\\\/\",\"name\":\"Isla de la Graciosa - Olita Trek &amp; Bike - Lanzarote Excursions\",\"isPartOf\":{\"@id\":\"http:\\\/\\\/olita-treks.com\\\/#website\"},\"primaryImageOfPage\":{\"@id\":\"https:\\\/\\\/olita-treks.com\\\/es\\\/excursiones-diarias\\\/isla-de-la-graciosa\\\/#primaryimage\"},\"image\":{\"@id\":\"https:\\\/\\\/olita-treks.com\\\/es\\\/excursiones-diarias\\\/isla-de-la-graciosa\\\/#primaryimage\"},\"thumbnailUrl\":\"https:\\\/\\\/olita-treks.com\\\/wp-content\\\/uploads\\\/2016\\\/04\\\/DSC02603_151205-Edit-small.jpg\",\"datePublished\":\"2016-10-18T15:37:34+00:00\",\"dateModified\":\"2025-04-22T11:12:25+00:00\",\"description\":\"Un d\u00eda relajante en la isla de La Graciosa. Recorrido por la costa con playas magn\u00edficas y aguas turquesas. Almuerzo y chapuz\u00f3n incluido.\",\"breadcrumb\":{\"@id\":\"https:\\\/\\\/olita-treks.com\\\/es\\\/excursiones-diarias\\\/isla-de-la-graciosa\\\/#breadcrumb\"},\"inLanguage\":\"es\",\"potentialAction\":[{\"@type\":\"ReadAction\",\"target\":[\"https:\\\/\\\/olita-treks.com\\\/es\\\/excursiones-diarias\\\/isla-de-la-graciosa\\\/\"]}]},{\"@type\":\"ImageObject\",\"inLanguage\":\"es\",\"@id\":\"https:\\\/\\\/olita-treks.com\\\/es\\\/excursiones-diarias\\\/isla-de-la-graciosa\\\/#primaryimage\",\"url\":\"https:\\\/\\\/olita-treks.com\\\/wp-content\\\/uploads\\\/2016\\\/04\\\/DSC02603_151205-Edit-small.jpg\",\"contentUrl\":\"https:\\\/\\\/olita-treks.com\\\/wp-content\\\/uploads\\\/2016\\\/04\\\/DSC02603_151205-Edit-small.jpg\",\"width\":550,\"height\":337},{\"@type\":\"BreadcrumbList\",\"@id\":\"https:\\\/\\\/olita-treks.com\\\/es\\\/excursiones-diarias\\\/isla-de-la-graciosa\\\/#breadcrumb\",\"itemListElement\":[{\"@type\":\"ListItem\",\"position\":1,\"name\":\"Home\",\"item\":\"https:\\\/\\\/olita-treks.com\\\/es\\\/\"},{\"@type\":\"ListItem\",\"position\":2,\"name\":\"EXCURSIONES DIARIAS\",\"item\":\"http:\\\/\\\/olita-treks.com\\\/es\\\/excursiones-diarias\\\/\"},{\"@type\":\"ListItem\",\"position\":3,\"name\":\"Isla de la Graciosa\"}]},{\"@type\":\"WebSite\",\"@id\":\"http:\\\/\\\/olita-treks.com\\\/#website\",\"url\":\"http:\\\/\\\/olita-treks.com\\\/\",\"name\":\"Olita Trek &amp; Bike - Lanzarote Excursions\",\"description\":\"Olita Trek &amp; Bike offers guided walks and Mountain Bike Tours on Lanzarote, the most surprising of the Canary Islands.\",\"potentialAction\":[{\"@type\":\"SearchAction\",\"target\":{\"@type\":\"EntryPoint\",\"urlTemplate\":\"http:\\\/\\\/olita-treks.com\\\/?s={search_term_string}\"},\"query-input\":{\"@type\":\"PropertyValueSpecification\",\"valueRequired\":true,\"valueName\":\"search_term_string\"}}],\"inLanguage\":\"es\"}]}<\/script>\n<!-- \/ Yoast SEO plugin. -->","yoast_head_json":{"title":"Isla de la Graciosa - Olita Trek &amp; Bike - Lanzarote Excursions","description":"Un d\u00eda relajante en la isla de La Graciosa. Recorrido por la costa con playas magn\u00edficas y aguas turquesas. Almuerzo y chapuz\u00f3n incluido.","robots":{"index":"index","follow":"follow","max-snippet":"max-snippet:-1","max-image-preview":"max-image-preview:large","max-video-preview":"max-video-preview:-1"},"canonical":"https:\/\/olita-treks.com\/es\/excursiones-diarias\/isla-de-la-graciosa\/","og_locale":"es_ES","og_type":"article","og_title":"Isla de la Graciosa - Olita Trek &amp; Bike - Lanzarote Excursions","og_description":"Un d\u00eda relajante en la isla de La Graciosa. Recorrido por la costa con playas magn\u00edficas y aguas turquesas. Almuerzo y chapuz\u00f3n incluido.","og_url":"https:\/\/olita-treks.com\/es\/excursiones-diarias\/isla-de-la-graciosa\/","og_site_name":"Olita Trek &amp; Bike - Lanzarote Excursions","article_publisher":"https:\/\/www.facebook.com\/olitalanzarote","article_modified_time":"2025-04-22T11:12:25+00:00","og_image":[{"width":550,"height":337,"url":"https:\/\/olita-treks.com\/wp-content\/uploads\/2016\/04\/DSC02603_151205-Edit-small.jpg","type":"image\/jpeg"}],"twitter_card":"summary_large_image","twitter_misc":{"Tiempo de lectura":"1 minuto"},"schema":{"@context":"https:\/\/schema.org","@graph":[{"@type":"WebPage","@id":"https:\/\/olita-treks.com\/es\/excursiones-diarias\/isla-de-la-graciosa\/","url":"https:\/\/olita-treks.com\/es\/excursiones-diarias\/isla-de-la-graciosa\/","name":"Isla de la Graciosa - Olita Trek &amp; Bike - Lanzarote Excursions","isPartOf":{"@id":"http:\/\/olita-treks.com\/#website"},"primaryImageOfPage":{"@id":"https:\/\/olita-treks.com\/es\/excursiones-diarias\/isla-de-la-graciosa\/#primaryimage"},"image":{"@id":"https:\/\/olita-treks.com\/es\/excursiones-diarias\/isla-de-la-graciosa\/#primaryimage"},"thumbnailUrl":"https:\/\/olita-treks.com\/wp-content\/uploads\/2016\/04\/DSC02603_151205-Edit-small.jpg","datePublished":"2016-10-18T15:37:34+00:00","dateModified":"2025-04-22T11:12:25+00:00","description":"Un d\u00eda relajante en la isla de La Graciosa. Recorrido por la costa con playas magn\u00edficas y aguas turquesas. Almuerzo y chapuz\u00f3n incluido.","breadcrumb":{"@id":"https:\/\/olita-treks.com\/es\/excursiones-diarias\/isla-de-la-graciosa\/#breadcrumb"},"inLanguage":"es","potentialAction":[{"@type":"ReadAction","target":["https:\/\/olita-treks.com\/es\/excursiones-diarias\/isla-de-la-graciosa\/"]}]},{"@type":"ImageObject","inLanguage":"es","@id":"https:\/\/olita-treks.com\/es\/excursiones-diarias\/isla-de-la-graciosa\/#primaryimage","url":"https:\/\/olita-treks.com\/wp-content\/uploads\/2016\/04\/DSC02603_151205-Edit-small.jpg","contentUrl":"https:\/\/olita-treks.com\/wp-content\/uploads\/2016\/04\/DSC02603_151205-Edit-small.jpg","width":550,"height":337},{"@type":"BreadcrumbList","@id":"https:\/\/olita-treks.com\/es\/excursiones-diarias\/isla-de-la-graciosa\/#breadcrumb","itemListElement":[{"@type":"ListItem","position":1,"name":"Home","item":"https:\/\/olita-treks.com\/es\/"},{"@type":"ListItem","position":2,"name":"EXCURSIONES DIARIAS","item":"http:\/\/olita-treks.com\/es\/excursiones-diarias\/"},{"@type":"ListItem","position":3,"name":"Isla de la Graciosa"}]},{"@type":"WebSite","@id":"http:\/\/olita-treks.com\/#website","url":"http:\/\/olita-treks.com\/","name":"Olita Trek &amp; Bike - Lanzarote Excursions","description":"Olita Trek &amp; Bike offers guided walks and Mountain Bike Tours on Lanzarote, the most surprising of the Canary Islands.","potentialAction":[{"@type":"SearchAction","target":{"@type":"EntryPoint","urlTemplate":"http:\/\/olita-treks.com\/?s={search_term_string}"},"query-input":{"@type":"PropertyValueSpecification","valueRequired":true,"valueName":"search_term_string"}}],"inLanguage":"es"}]}},"_links":{"self":[{"href":"https:\/\/olita-treks.com\/es\/wp-json\/wp\/v2\/pages\/1511","targetHints":{"allow":["GET"]}}],"collection":[{"href":"https:\/\/olita-treks.com\/es\/wp-json\/wp\/v2\/pages"}],"about":[{"href":"https:\/\/olita-treks.com\/es\/wp-json\/wp\/v2\/types\/page"}],"author":[{"embeddable":true,"href":"https:\/\/olita-treks.com\/es\/wp-json\/wp\/v2\/users\/3"}],"replies":[{"embeddable":true,"href":"https:\/\/olita-treks.com\/es\/wp-json\/wp\/v2\/comments?post=1511"}],"version-history":[{"count":7,"href":"https:\/\/olita-treks.com\/es\/wp-json\/wp\/v2\/pages\/1511\/revisions"}],"predecessor-version":[{"id":3525,"href":"https:\/\/olita-treks.com\/es\/wp-json\/wp\/v2\/pages\/1511\/revisions\/3525"}],"up":[{"embeddable":true,"href":"https:\/\/olita-treks.com\/es\/wp-json\/wp\/v2\/pages\/1504"}],"wp:featuredmedia":[{"embeddable":true,"href":"https:\/\/olita-treks.com\/es\/wp-json\/wp\/v2\/media\/2267"}],"wp:attachment":[{"href":"https:\/\/olita-treks.com\/es\/wp-json\/wp\/v2\/media?parent=1511"}],"curies":[{"name":"wp","href":"https:\/\/api.w.org\/{rel}","templated":true}]}}