{"id":4126,"date":"2025-05-27T16:16:46","date_gmt":"2025-05-27T16:16:46","guid":{"rendered":"https:\/\/olita-treks.com\/?page_id=4126"},"modified":"2025-05-27T17:52:19","modified_gmt":"2025-05-27T17:52:19","slug":"haftungsausschluss","status":"publish","type":"page","link":"https:\/\/olita-treks.com\/de\/haftungsausschluss\/","title":{"rendered":"Haftungsausschluss"},"content":{"rendered":"<h3><strong>Haftungsausschluss<\/strong><\/h3>\n<p>Olita Trek &amp; Bike SLU<br \/>\nLetzte Aktualisierung: 28\/05\/2025<\/p>\n<p>Diese Website wird betrieben von Olita Trek &amp; Bike SLU, einer in Spanien registrierten Gesellschaft mit der Steuer-ID B-76299460, mit Sitz in C.C. Maretas, Local 1, 35508 Costa Teguise, Spanien. Inscripci\u00f3n mercantil con fecha 15\/11\/2017, n\u00famero de inscripci\u00f3n 1, tomo 491, folio 86, secci\u00f3n, hoja 11949.<\/p>\n<p>Mit dem Zugriff auf diese Website (die &#8222;Website&#8220;) erkl\u00e4ren Sie sich mit den folgenden Bedingungen einverstanden:<\/p>\n<h4>1. Zweck der Website<\/h4>\n<p>Die Informationen auf dieser Website dienen ausschlie\u00dflich der allgemeinen Information \u00fcber Wander- und Mountainbike-Touren, die von Olita Trek &amp; Bike SLU angeboten werden. Obwohl wir uns bem\u00fchen, die Informationen aktuell und korrekt zu halten, \u00fcbernehmen wir keine Gew\u00e4hr f\u00fcr die Vollst\u00e4ndigkeit, Genauigkeit oder Eignung der bereitgestellten Inhalte.<\/p>\n<h4>2. Keine professionelle Beratung oder Sicherheitsempfehlung<\/h4>\n<p>Die Inhalte dieser Website stellen keine professionelle medizinische, sicherheitsbezogene oder sportliche Beratung dar. Wander- und Mountainbike-Aktivit\u00e4ten bergen Risiken. Jeder Nutzer ist f\u00fcr seine eigene gesundheitliche Einsch\u00e4tzung verantwortlich und sollte im Zweifel \u00e4rztlichen Rat einholen.<br \/>\nOlita Trek &amp; Bike SLU \u00fcbernimmt keine Haftung f\u00fcr Verletzungen, Unf\u00e4lle oder Sch\u00e4den, die durch die Nutzung der Informationen auf der Website oder die Teilnahme an Aktivit\u00e4ten entstehen.<\/p>\n<h4>3. Risiko\u00fcbernahme<\/h4>\n<p>Mit der Buchung oder Teilnahme an Aktivit\u00e4ten von Olita Trek &amp; Bike SLU erkennen Teilnehmer die mit Outdoor-Aktivit\u00e4ten verbundenen Risiken an, einschlie\u00dflich Unf\u00e4llen, St\u00fcrzen, Wetterumschw\u00fcngen oder schwierigen Gel\u00e4ndeverh\u00e4ltnissen. Die Teilnehmer sind f\u00fcr die Einhaltung der Sicherheitsanweisungen und ihre k\u00f6rperliche Eignung selbst verantwortlich.<\/p>\n<h4>4. Externe Links<\/h4>\n<p>Diese Website enth\u00e4lt m\u00f6glicherweise Links zu externen Websites. F\u00fcr deren Inhalte \u00fcbernimmt Olita Trek &amp; Bike SLU keine Verantwortung und macht sich diese Inhalte nicht zu eigen.<\/p>\n<h4>5. Urheberrecht<\/h4>\n<p>Alle Inhalte dieser Website (Texte, Bilder, Logos etc.) sind Eigentum von Olita Trek &amp; Bike SLU oder werden mit Genehmigung verwendet. Jegliche Vervielf\u00e4ltigung oder Verwendung ist ohne schriftliche Zustimmung untersagt.<\/p>\n<h4>6. \u00c4nderungen des Haftungsausschlusses<\/h4>\n<p>Olita Trek &amp; Bike SLU beh\u00e4lt sich das Recht vor, diesen Haftungsausschluss jederzeit zu \u00e4ndern. Durch die fortgesetzte Nutzung der Website erkl\u00e4ren Sie sich mit den \u00c4nderungen einverstanden.<\/p>\n<h4>7. Gerichtsstand<\/h4>\n<p>Dieser Haftungsausschluss unterliegt spanischem Recht. F\u00fcr Streitigkeiten sind die Gerichte in Las Palmas de Gran Canaria zust\u00e4ndig.<\/p>\n","protected":false},"excerpt":{"rendered":"<p>Haftungsausschluss Olita Trek &amp; Bike SLU Letzte Aktualisierung: 28\/05\/2025 Diese Website wird betrieben von Olita Trek &amp; Bike SLU, einer in Spanien registrierten Gesellschaft mit der Steuer-ID B-76299460, mit Sitz in C.C. Maretas, Local 1, 35508 Costa Teguise, Spanien. Inscripci\u00f3n mercantil con fecha 15\/11\/2017, n\u00famero de inscripci\u00f3n 1, tomo 491, folio 86, secci\u00f3n, hoja 11949.<\/p>\n","protected":false},"author":2,"featured_media":0,"parent":0,"menu_order":0,"comment_status":"closed","ping_status":"closed","template":"","meta":{"footnotes":""},"class_list":["post-4126","page","type-page","status-publish","hentry"],"yoast_head":"<!-- This site is optimized with the Yoast SEO plugin v27.4 - https:\/\/yoast.com\/product\/yoast-seo-wordpress\/ -->\n<title>Haftungsausschluss - Olita Trek &amp; Bike - Lanzarote Excursions<\/title>\n<meta name=\"description\" content=\"Haftungsausschluss der Webseite von Olita Trek &amp; Bike SLU, Agentur f\u00fcr gef\u00fchrte Wanderungen, MB Touren und Excursionen in Lanzarote.\" \/>\n<meta name=\"robots\" content=\"index, follow, max-snippet:-1, max-image-preview:large, max-video-preview:-1\" \/>\n<link rel=\"canonical\" href=\"https:\/\/olita-treks.com\/de\/haftungsausschluss\/\" \/>\n<meta property=\"og:locale\" content=\"de_DE\" \/>\n<meta property=\"og:type\" content=\"article\" \/>\n<meta property=\"og:title\" content=\"Haftungsausschluss - Olita Trek &amp; Bike - Lanzarote Excursions\" \/>\n<meta property=\"og:description\" content=\"Haftungsausschluss der Webseite von Olita Trek &amp; Bike SLU, Agentur f\u00fcr gef\u00fchrte Wanderungen, MB Touren und Excursionen in Lanzarote.\" \/>\n<meta property=\"og:url\" content=\"https:\/\/olita-treks.com\/de\/haftungsausschluss\/\" \/>\n<meta property=\"og:site_name\" content=\"Olita Trek &amp; Bike - Lanzarote Excursions\" \/>\n<meta property=\"article:publisher\" content=\"https:\/\/www.facebook.com\/olitalanzarote\" \/>\n<meta property=\"article:modified_time\" content=\"2025-05-27T17:52:19+00:00\" \/>\n<meta name=\"twitter:card\" content=\"summary_large_image\" \/>\n<meta name=\"twitter:label1\" content=\"Gesch\u00e4tzte Lesezeit\" \/>\n\t<meta name=\"twitter:data1\" content=\"2\u00a0Minuten\" \/>\n<script type=\"application\/ld+json\" class=\"yoast-schema-graph\">{\"@context\":\"https:\\\/\\\/schema.org\",\"@graph\":[{\"@type\":\"WebPage\",\"@id\":\"https:\\\/\\\/olita-treks.com\\\/de\\\/haftungsausschluss\\\/\",\"url\":\"https:\\\/\\\/olita-treks.com\\\/de\\\/haftungsausschluss\\\/\",\"name\":\"Haftungsausschluss - Olita Trek &amp; Bike - Lanzarote Excursions\",\"isPartOf\":{\"@id\":\"http:\\\/\\\/olita-treks.com\\\/#website\"},\"datePublished\":\"2025-05-27T16:16:46+00:00\",\"dateModified\":\"2025-05-27T17:52:19+00:00\",\"description\":\"Haftungsausschluss der Webseite von Olita Trek & Bike SLU, Agentur f\u00fcr gef\u00fchrte Wanderungen, MB Touren und Excursionen in Lanzarote.\",\"breadcrumb\":{\"@id\":\"https:\\\/\\\/olita-treks.com\\\/de\\\/haftungsausschluss\\\/#breadcrumb\"},\"inLanguage\":\"de\",\"potentialAction\":[{\"@type\":\"ReadAction\",\"target\":[\"https:\\\/\\\/olita-treks.com\\\/de\\\/haftungsausschluss\\\/\"]}]},{\"@type\":\"BreadcrumbList\",\"@id\":\"https:\\\/\\\/olita-treks.com\\\/de\\\/haftungsausschluss\\\/#breadcrumb\",\"itemListElement\":[{\"@type\":\"ListItem\",\"position\":1,\"name\":\"Home\",\"item\":\"https:\\\/\\\/olita-treks.com\\\/de\\\/\"},{\"@type\":\"ListItem\",\"position\":2,\"name\":\"Haftungsausschluss\"}]},{\"@type\":\"WebSite\",\"@id\":\"http:\\\/\\\/olita-treks.com\\\/#website\",\"url\":\"http:\\\/\\\/olita-treks.com\\\/\",\"name\":\"Olita Trek &amp; Bike - Lanzarote Excursions\",\"description\":\"Olita Trek &amp; Bike offers guided walks and Mountain Bike Tours on Lanzarote, the most surprising of the Canary Islands.\",\"potentialAction\":[{\"@type\":\"SearchAction\",\"target\":{\"@type\":\"EntryPoint\",\"urlTemplate\":\"http:\\\/\\\/olita-treks.com\\\/?s={search_term_string}\"},\"query-input\":{\"@type\":\"PropertyValueSpecification\",\"valueRequired\":true,\"valueName\":\"search_term_string\"}}],\"inLanguage\":\"de\"}]}<\/script>\n<!-- \/ Yoast SEO plugin. -->","yoast_head_json":{"title":"Haftungsausschluss - Olita Trek &amp; Bike - Lanzarote Excursions","description":"Haftungsausschluss der Webseite von Olita Trek & Bike SLU, Agentur f\u00fcr gef\u00fchrte Wanderungen, MB Touren und Excursionen in Lanzarote.","robots":{"index":"index","follow":"follow","max-snippet":"max-snippet:-1","max-image-preview":"max-image-preview:large","max-video-preview":"max-video-preview:-1"},"canonical":"https:\/\/olita-treks.com\/de\/haftungsausschluss\/","og_locale":"de_DE","og_type":"article","og_title":"Haftungsausschluss - Olita Trek &amp; Bike - Lanzarote Excursions","og_description":"Haftungsausschluss der Webseite von Olita Trek & Bike SLU, Agentur f\u00fcr gef\u00fchrte Wanderungen, MB Touren und Excursionen in Lanzarote.","og_url":"https:\/\/olita-treks.com\/de\/haftungsausschluss\/","og_site_name":"Olita Trek &amp; Bike - Lanzarote Excursions","article_publisher":"https:\/\/www.facebook.com\/olitalanzarote","article_modified_time":"2025-05-27T17:52:19+00:00","twitter_card":"summary_large_image","twitter_misc":{"Gesch\u00e4tzte Lesezeit":"2\u00a0Minuten"},"schema":{"@context":"https:\/\/schema.org","@graph":[{"@type":"WebPage","@id":"https:\/\/olita-treks.com\/de\/haftungsausschluss\/","url":"https:\/\/olita-treks.com\/de\/haftungsausschluss\/","name":"Haftungsausschluss - Olita Trek &amp; Bike - Lanzarote Excursions","isPartOf":{"@id":"http:\/\/olita-treks.com\/#website"},"datePublished":"2025-05-27T16:16:46+00:00","dateModified":"2025-05-27T17:52:19+00:00","description":"Haftungsausschluss der Webseite von Olita Trek & Bike SLU, Agentur f\u00fcr gef\u00fchrte Wanderungen, MB Touren und Excursionen in Lanzarote.","breadcrumb":{"@id":"https:\/\/olita-treks.com\/de\/haftungsausschluss\/#breadcrumb"},"inLanguage":"de","potentialAction":[{"@type":"ReadAction","target":["https:\/\/olita-treks.com\/de\/haftungsausschluss\/"]}]},{"@type":"BreadcrumbList","@id":"https:\/\/olita-treks.com\/de\/haftungsausschluss\/#breadcrumb","itemListElement":[{"@type":"ListItem","position":1,"name":"Home","item":"https:\/\/olita-treks.com\/de\/"},{"@type":"ListItem","position":2,"name":"Haftungsausschluss"}]},{"@type":"WebSite","@id":"http:\/\/olita-treks.com\/#website","url":"http:\/\/olita-treks.com\/","name":"Olita Trek &amp; Bike - Lanzarote Excursions","description":"Olita Trek &amp; Bike offers guided walks and Mountain Bike Tours on Lanzarote, the most surprising of the Canary Islands.","potentialAction":[{"@type":"SearchAction","target":{"@type":"EntryPoint","urlTemplate":"http:\/\/olita-treks.com\/?s={search_term_string}"},"query-input":{"@type":"PropertyValueSpecification","valueRequired":true,"valueName":"search_term_string"}}],"inLanguage":"de"}]}},"_links":{"self":[{"href":"https:\/\/olita-treks.com\/de\/wp-json\/wp\/v2\/pages\/4126","targetHints":{"allow":["GET"]}}],"collection":[{"href":"https:\/\/olita-treks.com\/de\/wp-json\/wp\/v2\/pages"}],"about":[{"href":"https:\/\/olita-treks.com\/de\/wp-json\/wp\/v2\/types\/page"}],"author":[{"embeddable":true,"href":"https:\/\/olita-treks.com\/de\/wp-json\/wp\/v2\/users\/2"}],"replies":[{"embeddable":true,"href":"https:\/\/olita-treks.com\/de\/wp-json\/wp\/v2\/comments?post=4126"}],"version-history":[{"count":4,"href":"https:\/\/olita-treks.com\/de\/wp-json\/wp\/v2\/pages\/4126\/revisions"}],"predecessor-version":[{"id":4152,"href":"https:\/\/olita-treks.com\/de\/wp-json\/wp\/v2\/pages\/4126\/revisions\/4152"}],"wp:attachment":[{"href":"https:\/\/olita-treks.com\/de\/wp-json\/wp\/v2\/media?parent=4126"}],"curies":[{"name":"wp","href":"https:\/\/api.w.org\/{rel}","templated":true}]}}