{"id":3977,"date":"2025-05-12T11:12:22","date_gmt":"2025-05-12T11:12:22","guid":{"rendered":"https:\/\/olita-treks.com\/?page_id=3977"},"modified":"2025-05-27T18:14:09","modified_gmt":"2025-05-27T18:14:09","slug":"datenschutzerklaerung","status":"publish","type":"page","link":"https:\/\/olita-treks.com\/de\/datenschutzerklaerung\/","title":{"rendered":"Datenschutzerkl\u00e4rung"},"content":{"rendered":"<h3 data-start=\"220\" data-end=\"244\"><strong data-start=\"220\" data-end=\"244\">Datenschutzerkl\u00e4rung<\/strong><\/h3>\n<p data-start=\"246\" data-end=\"666\">In \u00dcbereinstimmung mit der Verordnung (EU) 2016\/679 des Europ\u00e4ischen Parlaments und des Rates vom 27. April 2016 (DSGVO) sowie dem spanischen Gesetz 3\/2018 vom 5. Dezember \u00fcber den Schutz personenbezogener Daten und die Gew\u00e4hrleistung digitaler Rechte (LOPDGDD) wird der Nutzer dar\u00fcber informiert, dass die \u00fcber diese Website bereitgestellten personenbezogenen Daten gem\u00e4\u00df dieser Datenschutzerkl\u00e4rung verarbeitet werden.<\/p>\n<h4 data-start=\"668\" data-end=\"717\">1. Verantwortlicher f\u00fcr die Datenverarbeitung<\/h4>\n<p data-start=\"719\" data-end=\"923\"><strong data-start=\"719\" data-end=\"764\">Name des Unternehmens \/ Website-Inhabers:<\/strong> Olita Trek &amp; Bike SLU<br data-start=\"805\" data-end=\"808\" \/><strong data-start=\"808\" data-end=\"835\">Steuernummer (NIF\/CIF):<\/strong> B-76299460<br data-start=\"844\" data-end=\"847\" \/><strong data-start=\"847\" data-end=\"859\">Adresse:<\/strong> Aptos Nautilus 112, Avda. del Jablillo &#8211; 35508 Costa Teguise &#8211; Lanzarote, Espa\u00f1a<br data-start=\"882\" data-end=\"885\" \/><strong data-start=\"885\" data-end=\"904\">Kontakt-E-Mail:<\/strong> info@olita-treks.com<\/p>\n<h4 data-start=\"925\" data-end=\"959\">2. Zweck der Datenverarbeitung<\/h4>\n<p data-start=\"961\" data-end=\"1043\">Die bereitgestellten personenbezogenen Daten werden f\u00fcr folgende Zwecke verwendet:<\/p>\n<ul data-start=\"1045\" data-end=\"1427\">\n<li data-start=\"1045\" data-end=\"1111\">\n<p data-start=\"1047\" data-end=\"1111\">Bearbeitung und Beantwortung von Anfragen \u00fcber Kontaktformulare.<\/p>\n<\/li>\n<li data-start=\"1112\" data-end=\"1232\">\n<p data-start=\"1114\" data-end=\"1232\">Versand von kommerziellen, werblichen oder informativen Mitteilungen, sofern der Nutzer ausdr\u00fccklich eingewilligt hat.<\/p>\n<\/li>\n<li data-start=\"1233\" data-end=\"1336\">\n<p data-start=\"1235\" data-end=\"1336\">Verbesserung der Nutzererfahrung auf der Website durch analytische Cookies (siehe Cookie-Richtlinie).<\/p>\n<\/li>\n<li data-start=\"1337\" data-end=\"1427\">\n<p data-start=\"1339\" data-end=\"1427\">Verwaltung der Registrierung und des Zugriffs auf gesch\u00fctzte Bereiche, falls zutreffend.<\/p>\n<\/li>\n<\/ul>\n<h4 data-start=\"1429\" data-end=\"1468\">3. Rechtsgrundlage der Verarbeitung<\/h4>\n<p data-start=\"1470\" data-end=\"1537\">Die Verarbeitung personenbezogener Daten erfolgt auf Grundlage von:<\/p>\n<ul data-start=\"1539\" data-end=\"1792\">\n<li data-start=\"1539\" data-end=\"1625\">\n<p data-start=\"1541\" data-end=\"1625\">Der ausdr\u00fccklichen Einwilligung der betroffenen Person (Art. 6 Abs. 1 lit. a DSGVO).<\/p>\n<\/li>\n<li data-start=\"1626\" data-end=\"1718\">\n<p data-start=\"1628\" data-end=\"1718\">Der Erf\u00fcllung eines Vertrags oder vorvertraglicher Ma\u00dfnahmen (Art. 6 Abs. 1 lit. b DSGVO).<\/p>\n<\/li>\n<li data-start=\"1719\" data-end=\"1792\">\n<p data-start=\"1721\" data-end=\"1792\">Der Erf\u00fcllung rechtlicher Verpflichtungen (Art. 6 Abs. 1 lit. c DSGVO).<\/p>\n<\/li>\n<\/ul>\n<h4 data-start=\"1794\" data-end=\"1824\">4. Speicherdauer der Daten<\/h4>\n<p data-start=\"1826\" data-end=\"2016\">Die Daten werden so lange aufbewahrt, wie es f\u00fcr den Zweck, zu dem sie erhoben wurden, erforderlich ist oder eine gesetzliche Aufbewahrungspflicht besteht. Danach werden sie sicher gel\u00f6scht.<\/p>\n<h4 data-start=\"2018\" data-end=\"2055\">5. Weitergabe von Daten an Dritte<\/h4>\n<p data-start=\"2057\" data-end=\"2280\">Personenbezogene Daten werden nicht an Dritte weitergegeben, es sei denn, dies ist gesetzlich vorgeschrieben oder zur Erbringung einer Dienstleistung durch einen ordnungsgem\u00e4\u00df autorisierten Auftragsverarbeiter erforderlich.<\/p>\n<h4 data-start=\"2282\" data-end=\"2320\">6. Rechte der betroffenen Personen<\/h4>\n<p data-start=\"2322\" data-end=\"2347\">Der Nutzer hat das Recht:<\/p>\n<ul data-start=\"2349\" data-end=\"2694\">\n<li data-start=\"2349\" data-end=\"2407\">\n<p data-start=\"2351\" data-end=\"2407\">Auskunft \u00fcber seine personenbezogenen Daten zu erhalten.<\/p>\n<\/li>\n<li data-start=\"2408\" data-end=\"2469\">\n<p data-start=\"2410\" data-end=\"2469\">Unrichtige oder unvollst\u00e4ndige Daten berichtigen zu lassen.<\/p>\n<\/li>\n<li data-start=\"2470\" data-end=\"2548\">\n<p data-start=\"2472\" data-end=\"2548\">Die L\u00f6schung seiner Daten zu verlangen, wenn sie nicht mehr ben\u00f6tigt werden.<\/p>\n<\/li>\n<li data-start=\"2549\" data-end=\"2599\">\n<p data-start=\"2551\" data-end=\"2599\">Die Einschr\u00e4nkung der Verarbeitung zu verlangen.<\/p>\n<\/li>\n<li data-start=\"2600\" data-end=\"2649\">\n<p data-start=\"2602\" data-end=\"2649\">Der Verarbeitung seiner Daten zu widersprechen.<\/p>\n<\/li>\n<li data-start=\"2650\" data-end=\"2694\">\n<p data-start=\"2652\" data-end=\"2694\">Die \u00dcbertragung seiner Daten zu verlangen.<\/p>\n<\/li>\n<\/ul>\n<p data-start=\"2696\" data-end=\"2861\">Zur Aus\u00fcbung dieser Rechte kann sich der Nutzer an info@olita-treks.com wenden und eine Kopie seines Ausweises oder eines gleichwertigen Identit\u00e4tsnachweises beif\u00fcgen.<\/p>\n<h4 data-start=\"2863\" data-end=\"2890\">7. Sicherheitsma\u00dfnahmen<\/h4>\n<p data-start=\"2892\" data-end=\"3126\">Der Verantwortliche hat geeignete technische und organisatorische Ma\u00dfnahmen ergriffen, um die Sicherheit und Integrit\u00e4t der personenbezogenen Daten zu gew\u00e4hrleisten und deren Verlust, Ver\u00e4nderung oder unbefugten Zugriff zu verhindern.<\/p>\n<h4 data-start=\"3128\" data-end=\"3170\">8. \u00c4nderungen der Datenschutzerkl\u00e4rung<\/h4>\n<p data-start=\"3172\" data-end=\"3328\">Der Website-Inhaber beh\u00e4lt sich das Recht vor, diese Datenschutzerkl\u00e4rung zu \u00e4ndern, um sie an k\u00fcnftige gesetzliche oder gerichtliche \u00c4nderungen anzupassen.<\/p>\n","protected":false},"excerpt":{"rendered":"<p>Datenschutzerkl\u00e4rung In \u00dcbereinstimmung mit der Verordnung (EU) 2016\/679 des Europ\u00e4ischen Parlaments und des Rates vom 27. April 2016 (DSGVO) sowie dem spanischen Gesetz 3\/2018 vom 5. Dezember \u00fcber den Schutz personenbezogener Daten und die Gew\u00e4hrleistung digitaler Rechte (LOPDGDD) wird der Nutzer dar\u00fcber informiert, dass die \u00fcber diese Website bereitgestellten personenbezogenen Daten gem\u00e4\u00df dieser Datenschutzerkl\u00e4rung verarbeitet<\/p>\n","protected":false},"author":2,"featured_media":0,"parent":0,"menu_order":0,"comment_status":"closed","ping_status":"closed","template":"","meta":{"footnotes":""},"class_list":["post-3977","page","type-page","status-publish","hentry"],"yoast_head":"<!-- This site is optimized with the Yoast SEO plugin v27.4 - https:\/\/yoast.com\/product\/yoast-seo-wordpress\/ -->\n<title>Datenschutzerkl\u00e4rung - Olita Trek &amp; Bike - Lanzarote Excursions<\/title>\n<meta name=\"description\" content=\"Datenschutz Erkl\u00e4rung der Webseite von Olita Trek &amp; Bike, eine Agentur spezialisert auf gef\u00fchrten Wanderungen und Exkursionen in Lanzarote.\" \/>\n<meta name=\"robots\" content=\"index, follow, max-snippet:-1, max-image-preview:large, max-video-preview:-1\" \/>\n<link rel=\"canonical\" href=\"http:\/\/olita-treks.com\/de\/datenschutzerklaerung\/\" \/>\n<meta property=\"og:locale\" content=\"de_DE\" \/>\n<meta property=\"og:type\" content=\"article\" \/>\n<meta property=\"og:title\" content=\"Datenschutzerkl\u00e4rung - Olita Trek &amp; Bike - Lanzarote Excursions\" \/>\n<meta property=\"og:description\" content=\"Datenschutz Erkl\u00e4rung der Webseite von Olita Trek &amp; Bike, eine Agentur spezialisert auf gef\u00fchrten Wanderungen und Exkursionen in Lanzarote.\" \/>\n<meta property=\"og:url\" content=\"http:\/\/olita-treks.com\/de\/datenschutzerklaerung\/\" \/>\n<meta property=\"og:site_name\" content=\"Olita Trek &amp; Bike - Lanzarote Excursions\" \/>\n<meta property=\"article:publisher\" content=\"https:\/\/www.facebook.com\/olitalanzarote\" \/>\n<meta property=\"article:modified_time\" content=\"2025-05-27T18:14:09+00:00\" \/>\n<meta name=\"twitter:card\" content=\"summary_large_image\" \/>\n<meta name=\"twitter:label1\" content=\"Gesch\u00e4tzte Lesezeit\" \/>\n\t<meta name=\"twitter:data1\" content=\"2\u00a0Minuten\" \/>\n<script type=\"application\/ld+json\" class=\"yoast-schema-graph\">{\"@context\":\"https:\\\/\\\/schema.org\",\"@graph\":[{\"@type\":\"WebPage\",\"@id\":\"http:\\\/\\\/olita-treks.com\\\/de\\\/datenschutzerklaerung\\\/\",\"url\":\"http:\\\/\\\/olita-treks.com\\\/de\\\/datenschutzerklaerung\\\/\",\"name\":\"Datenschutzerkl\u00e4rung - Olita Trek &amp; Bike - Lanzarote Excursions\",\"isPartOf\":{\"@id\":\"http:\\\/\\\/olita-treks.com\\\/#website\"},\"datePublished\":\"2025-05-12T11:12:22+00:00\",\"dateModified\":\"2025-05-27T18:14:09+00:00\",\"description\":\"Datenschutz Erkl\u00e4rung der Webseite von Olita Trek & Bike, eine Agentur spezialisert auf gef\u00fchrten Wanderungen und Exkursionen in Lanzarote.\",\"breadcrumb\":{\"@id\":\"http:\\\/\\\/olita-treks.com\\\/de\\\/datenschutzerklaerung\\\/#breadcrumb\"},\"inLanguage\":\"de\",\"potentialAction\":[{\"@type\":\"ReadAction\",\"target\":[\"http:\\\/\\\/olita-treks.com\\\/de\\\/datenschutzerklaerung\\\/\"]}]},{\"@type\":\"BreadcrumbList\",\"@id\":\"http:\\\/\\\/olita-treks.com\\\/de\\\/datenschutzerklaerung\\\/#breadcrumb\",\"itemListElement\":[{\"@type\":\"ListItem\",\"position\":1,\"name\":\"Home\",\"item\":\"https:\\\/\\\/olita-treks.com\\\/de\\\/\"},{\"@type\":\"ListItem\",\"position\":2,\"name\":\"Datenschutzerkl\u00e4rung\"}]},{\"@type\":\"WebSite\",\"@id\":\"http:\\\/\\\/olita-treks.com\\\/#website\",\"url\":\"http:\\\/\\\/olita-treks.com\\\/\",\"name\":\"Olita Trek &amp; Bike - Lanzarote Excursions\",\"description\":\"Olita Trek &amp; Bike offers guided walks and Mountain Bike Tours on Lanzarote, the most surprising of the Canary Islands.\",\"potentialAction\":[{\"@type\":\"SearchAction\",\"target\":{\"@type\":\"EntryPoint\",\"urlTemplate\":\"http:\\\/\\\/olita-treks.com\\\/?s={search_term_string}\"},\"query-input\":{\"@type\":\"PropertyValueSpecification\",\"valueRequired\":true,\"valueName\":\"search_term_string\"}}],\"inLanguage\":\"de\"}]}<\/script>\n<!-- \/ Yoast SEO plugin. -->","yoast_head_json":{"title":"Datenschutzerkl\u00e4rung - Olita Trek &amp; Bike - Lanzarote Excursions","description":"Datenschutz Erkl\u00e4rung der Webseite von Olita Trek & Bike, eine Agentur spezialisert auf gef\u00fchrten Wanderungen und Exkursionen in Lanzarote.","robots":{"index":"index","follow":"follow","max-snippet":"max-snippet:-1","max-image-preview":"max-image-preview:large","max-video-preview":"max-video-preview:-1"},"canonical":"http:\/\/olita-treks.com\/de\/datenschutzerklaerung\/","og_locale":"de_DE","og_type":"article","og_title":"Datenschutzerkl\u00e4rung - Olita Trek &amp; Bike - Lanzarote Excursions","og_description":"Datenschutz Erkl\u00e4rung der Webseite von Olita Trek & Bike, eine Agentur spezialisert auf gef\u00fchrten Wanderungen und Exkursionen in Lanzarote.","og_url":"http:\/\/olita-treks.com\/de\/datenschutzerklaerung\/","og_site_name":"Olita Trek &amp; Bike - Lanzarote Excursions","article_publisher":"https:\/\/www.facebook.com\/olitalanzarote","article_modified_time":"2025-05-27T18:14:09+00:00","twitter_card":"summary_large_image","twitter_misc":{"Gesch\u00e4tzte Lesezeit":"2\u00a0Minuten"},"schema":{"@context":"https:\/\/schema.org","@graph":[{"@type":"WebPage","@id":"http:\/\/olita-treks.com\/de\/datenschutzerklaerung\/","url":"http:\/\/olita-treks.com\/de\/datenschutzerklaerung\/","name":"Datenschutzerkl\u00e4rung - Olita Trek &amp; Bike - Lanzarote Excursions","isPartOf":{"@id":"http:\/\/olita-treks.com\/#website"},"datePublished":"2025-05-12T11:12:22+00:00","dateModified":"2025-05-27T18:14:09+00:00","description":"Datenschutz Erkl\u00e4rung der Webseite von Olita Trek & Bike, eine Agentur spezialisert auf gef\u00fchrten Wanderungen und Exkursionen in Lanzarote.","breadcrumb":{"@id":"http:\/\/olita-treks.com\/de\/datenschutzerklaerung\/#breadcrumb"},"inLanguage":"de","potentialAction":[{"@type":"ReadAction","target":["http:\/\/olita-treks.com\/de\/datenschutzerklaerung\/"]}]},{"@type":"BreadcrumbList","@id":"http:\/\/olita-treks.com\/de\/datenschutzerklaerung\/#breadcrumb","itemListElement":[{"@type":"ListItem","position":1,"name":"Home","item":"https:\/\/olita-treks.com\/de\/"},{"@type":"ListItem","position":2,"name":"Datenschutzerkl\u00e4rung"}]},{"@type":"WebSite","@id":"http:\/\/olita-treks.com\/#website","url":"http:\/\/olita-treks.com\/","name":"Olita Trek &amp; Bike - Lanzarote Excursions","description":"Olita Trek &amp; Bike offers guided walks and Mountain Bike Tours on Lanzarote, the most surprising of the Canary Islands.","potentialAction":[{"@type":"SearchAction","target":{"@type":"EntryPoint","urlTemplate":"http:\/\/olita-treks.com\/?s={search_term_string}"},"query-input":{"@type":"PropertyValueSpecification","valueRequired":true,"valueName":"search_term_string"}}],"inLanguage":"de"}]}},"_links":{"self":[{"href":"https:\/\/olita-treks.com\/de\/wp-json\/wp\/v2\/pages\/3977","targetHints":{"allow":["GET"]}}],"collection":[{"href":"https:\/\/olita-treks.com\/de\/wp-json\/wp\/v2\/pages"}],"about":[{"href":"https:\/\/olita-treks.com\/de\/wp-json\/wp\/v2\/types\/page"}],"author":[{"embeddable":true,"href":"https:\/\/olita-treks.com\/de\/wp-json\/wp\/v2\/users\/2"}],"replies":[{"embeddable":true,"href":"https:\/\/olita-treks.com\/de\/wp-json\/wp\/v2\/comments?post=3977"}],"version-history":[{"count":2,"href":"https:\/\/olita-treks.com\/de\/wp-json\/wp\/v2\/pages\/3977\/revisions"}],"predecessor-version":[{"id":4157,"href":"https:\/\/olita-treks.com\/de\/wp-json\/wp\/v2\/pages\/3977\/revisions\/4157"}],"wp:attachment":[{"href":"https:\/\/olita-treks.com\/de\/wp-json\/wp\/v2\/media?parent=3977"}],"curies":[{"name":"wp","href":"https:\/\/api.w.org\/{rel}","templated":true}]}}