{"id":1340,"date":"2016-10-10T11:45:00","date_gmt":"2016-10-10T11:45:00","guid":{"rendered":"http:\/\/olita-treks.com\/newsite\/?page_id=1340&#038;lang=de"},"modified":"2025-04-23T11:13:13","modified_gmt":"2025-04-23T11:13:13","slug":"villa-los-veroles","status":"publish","type":"page","link":"https:\/\/olita-treks.com\/de\/unterkunft\/villa-los-veroles\/","title":{"rendered":"Villa Los Veroles"},"content":{"rendered":"<div class=\"wpb-content-wrapper\"><p>[vc_row full_width=&#8220;stretch_row&#8220; bg_type=&#8220;image&#8220; parallax_style=&#8220;vcpb-default&#8220; bg_image_new=&#8220;796|http:\/\/olita-treks.com\/newsite\/wp-content\/uploads\/2016\/06\/Olita_Veroles_Foto-2-ret.jpg&#8220; bg_image_repeat=&#8220;no-repeat&#8220;][vc_column]<div class=\"ult-spacer spacer-69e9f6cb1c75b\" data-id=\"69e9f6cb1c75b\" data-height=\"350\" data-height-mobile=\"350\" data-height-tab=\"350\" data-height-tab-portrait=\"\" data-height-mobile-landscape=\"\" style=\"clear:both;display:block;\"><\/div>[\/vc_column][\/vc_row][vc_row][vc_column][vc_custom_heading text=&#8220;Villa Los Veroles&#8220; font_container=&#8220;tag:h1|font_size:32|text_align:left&#8220; use_theme_fonts=&#8220;yes&#8220;][vc_column_text]<strong>Costa Teguise \u2013 Ferienhaus mit 3 Schlafzimmern f\u00fcr 6 Personen<\/strong><\/p>\n<p>Grosses Ferienhaus in einer privaten, gepflegten Wohnanlage an der Costa Teguise mit Gemeinschaftspool. Das Haus verf\u00fcgt \u00fcber drei grosse Schlafzimmer, jedes mit eigenem Bad, grossz\u00fcgiger Wohn-Essbereich, voll ausgestattete K\u00fcche und eine wunderbare Terrasse.[\/vc_column_text][vc_masonry_media_grid element_width=&#8220;3&#8243; grid_id=&#8220;vc_gid:1739727059633-eb9d6379-1834-5&#8243; include=&#8220;632,1148,1149,1161,1158,1160,1154,1156,1157,1151,1153,1143&#8243;][\/vc_column][\/vc_row][vc_row full_width=&#8220;stretch_row&#8220; bg_type=&#8220;bg_color&#8220; bg_color_value=&#8220;#f2f2f2&#8243; css=&#8220;.vc_custom_1460991685674{margin-bottom: 0px !important;border-bottom-width: 0px !important;padding-bottom: 0px !important;}&#8220;][vc_column width=&#8220;1\/6&#8243;][\/vc_column][vc_column width=&#8220;2\/3&#8243;][vc_custom_heading text=&#8220;Buchungen &amp; info&#8220; font_container=&#8220;tag:h3|font_size:32|text_align:center&#8220; use_theme_fonts=&#8220;yes&#8220;]\n<div class=\"wpcf7 no-js\" id=\"wpcf7-f1659-o1\" lang=\"en-US\" dir=\"ltr\" data-wpcf7-id=\"1659\">\n<div class=\"screen-reader-response\"><p role=\"status\" aria-live=\"polite\" aria-atomic=\"true\"><\/p> <ul><\/ul><\/div>\n<form action=\"\/de\/wp-json\/wp\/v2\/pages\/1340#wpcf7-f1659-o1\" method=\"post\" class=\"wpcf7-form init\" aria-label=\"Contact form\" novalidate=\"novalidate\" data-status=\"init\">\n<fieldset class=\"hidden-fields-container\"><input type=\"hidden\" name=\"_wpcf7\" value=\"1659\" \/><input type=\"hidden\" name=\"_wpcf7_version\" value=\"6.1.5\" \/><input type=\"hidden\" name=\"_wpcf7_locale\" value=\"en_US\" \/><input type=\"hidden\" name=\"_wpcf7_unit_tag\" value=\"wpcf7-f1659-o1\" \/><input type=\"hidden\" name=\"_wpcf7_container_post\" value=\"0\" \/><input type=\"hidden\" name=\"_wpcf7_posted_data_hash\" value=\"\" \/><input type=\"hidden\" name=\"_wpcf7dtx_version\" value=\"5.0.5\" \/><input type=\"hidden\" name=\"_wpcf7_recaptcha_response\" value=\"\" \/>\n<\/fieldset>\n<p>Name\n<\/p>\n<p><span class=\"wpcf7-form-control-wrap\" data-name=\"your-name\"><input size=\"40\" maxlength=\"400\" class=\"wpcf7-form-control wpcf7-text\" aria-invalid=\"false\" value=\"\" type=\"text\" name=\"your-name\" \/><\/span>\n<\/p>\n<p>Email (obligatorisch)\n<\/p>\n<p><span class=\"wpcf7-form-control-wrap\" data-name=\"your-email\"><input size=\"40\" maxlength=\"400\" class=\"wpcf7-form-control wpcf7-email wpcf7-validates-as-required wpcf7-text wpcf7-validates-as-email\" aria-required=\"true\" aria-invalid=\"false\" value=\"\" type=\"email\" name=\"your-email\" \/><\/span>\n<\/p>\n<p> Ankunftsdatum (JJJJ-MM-TT)\n<\/p>\n<p><span class=\"wpcf7-form-control-wrap\" data-name=\"your-arrival\"><input class=\"wpcf7-form-control wpcf7-date wpcf7-validates-as-required wpcf7-validates-as-date\" aria-required=\"true\" aria-invalid=\"false\" value=\"\" type=\"date\" name=\"your-arrival\" \/><\/span>\n<\/p>\n<p> Abreisedatum (JJJJ-MM-TT)\n<\/p>\n<p><span class=\"wpcf7-form-control-wrap\" data-name=\"your-departure\"><input class=\"wpcf7-form-control wpcf7-date wpcf7-validates-as-required wpcf7-validates-as-date\" aria-required=\"true\" aria-invalid=\"false\" value=\"\" type=\"date\" name=\"your-departure\" \/><\/span>\n<\/p>\n<p>Unterkunft (select)\n<\/p>\n<p><span class=\"wpcf7-form-control-wrap\" data-name=\"menu-interests\"><select class=\"wpcf7-form-control wpcf7-select\" aria-invalid=\"false\" name=\"menu-interests\"><option value=\"Generelles Interesse\">Generelles Interesse<\/option><option value=\"Casa Veroles\">Casa Veroles<\/option><option value=\"Bungalow Veroles\">Bungalow Veroles<\/option><option value=\"Villa Veroles\">Villa Veroles<\/option><\/select><\/span>\n<\/p>\n<p>Kommentar\n<\/p>\n<p><span class=\"wpcf7-form-control-wrap\" data-name=\"your-message\"><textarea cols=\"40\" rows=\"10\" maxlength=\"2000\" class=\"wpcf7-form-control wpcf7-textarea\" aria-invalid=\"false\" name=\"your-message\"><\/textarea><\/span>\n<\/p>\n<span class=\"wpcf7-form-control-wrap current_page\" data-name=\"current_page\"><input type=\"hidden\" name=\"current_page\" class=\"wpcf7-form-control wpcf7-hidden wpcf7dtx wpcf7dtx-hidden\" aria-invalid=\"false\" value=\"https:\/\/olita-treks.com\/de\/wp-json\/wp\/v2\/pages\/1340\"><\/span>\n<p><span class=\"wpcf7-form-control-wrap\" data-name=\"acceptance-309\"><span class=\"wpcf7-form-control wpcf7-acceptance\"><span class=\"wpcf7-list-item\"><input type=\"checkbox\" name=\"acceptance-309\" value=\"1\" aria-invalid=\"false\" \/><\/span><\/span><\/span> Ich habe die <a href=\"\/privacy-policy\" target=\"_blank\"> rechtlichen Hinweise <\/a> gelesen und erkl\u00e4re mich einverstanden (obligatorisch)\n<\/p>\n\n<p><input class=\"wpcf7-form-control wpcf7-submit has-spinner\" type=\"submit\" value=\"Senden\" \/>\n<\/p><div class=\"fusion-alert alert custom alert-custom fusion-alert-center wpcf7-response-output awb-alert-native-link-color alert-dismissable awb-alert-close-boxed\" style=\"--awb-border-size:1px;--awb-border-top-left-radius:0px;--awb-border-top-right-radius:0px;--awb-border-bottom-left-radius:0px;--awb-border-bottom-right-radius:0px;\" role=\"alert\"><div class=\"fusion-alert-content-wrapper\"><span class=\"fusion-alert-content\"><\/span><\/div><button type=\"button\" class=\"close toggle-alert\" data-dismiss=\"alert\" aria-label=\"Close\">&times;<\/button><\/div>\n<\/form>\n<\/div>\n[\/vc_column][vc_column width=&#8220;1\/6&#8243;][\/vc_column][\/vc_row]<\/p>\n<\/div>","protected":false},"excerpt":{"rendered":"<p>[vc_row full_width=&#8220;stretch_row&#8220; bg_type=&#8220;image&#8220; parallax_style=&#8220;vcpb-default&#8220; bg_image_new=&#8220;796|http:\/\/olita-treks.com\/newsite\/wp-content\/uploads\/2016\/06\/Olita_Veroles_Foto-2-ret.jpg&#8220; bg_image_repeat=&#8220;no-repeat&#8220;][vc_column][\/vc_column][\/vc_row][vc_row][vc_column][vc_custom_heading text=&#8220;Villa Los Veroles&#8220; font_container=&#8220;tag:h1|font_size:32|text_align:left&#8220; use_theme_fonts=&#8220;yes&#8220;][vc_column_text]Costa Teguise \u2013 Ferienhaus mit 3 Schlafzimmern f\u00fcr 6 Personen Grosses Ferienhaus in einer privaten, gepflegten Wohnanlage an der Costa Teguise mit Gemeinschaftspool. Das Haus verf\u00fcgt \u00fcber drei grosse Schlafzimmer, jedes mit eigenem Bad, grossz\u00fcgiger Wohn-Essbereich, voll ausgestattete K\u00fcche und eine wunderbare Terrasse.[\/vc_column_text][vc_masonry_media_grid element_width=&#8220;3&#8243; grid_id=&#8220;vc_gid:1739727059633-eb9d6379-1834-5&#8243;<\/p>\n","protected":false},"author":3,"featured_media":632,"parent":1331,"menu_order":0,"comment_status":"closed","ping_status":"closed","template":"","meta":{"footnotes":""},"class_list":["post-1340","page","type-page","status-publish","has-post-thumbnail","hentry"],"yoast_head":"<!-- This site is optimized with the Yoast SEO plugin v27.4 - https:\/\/yoast.com\/product\/yoast-seo-wordpress\/ -->\n<title>Villa Los Veroles - Olita Trek &amp; Bike - Lanzarote Excursions<\/title>\n<meta name=\"description\" content=\"Grosses Ferienhaus f\u00fcr 6 Personen in kleinem, privaten Komplex an der Costa Teguise in Lanzarote. Private Terrasse und Gemeinschafts Pool.\" \/>\n<meta name=\"robots\" content=\"index, follow, max-snippet:-1, max-image-preview:large, max-video-preview:-1\" \/>\n<link rel=\"canonical\" href=\"http:\/\/olita-treks.com\/de\/unterkunft\/villa-los-veroles\/\" \/>\n<meta property=\"og:locale\" content=\"de_DE\" \/>\n<meta property=\"og:type\" content=\"article\" \/>\n<meta property=\"og:title\" content=\"Villa Los Veroles - Olita Trek &amp; Bike - Lanzarote Excursions\" \/>\n<meta property=\"og:description\" content=\"Grosses Ferienhaus f\u00fcr 6 Personen in kleinem, privaten Komplex an der Costa Teguise in Lanzarote. Private Terrasse und Gemeinschafts Pool.\" \/>\n<meta property=\"og:url\" content=\"http:\/\/olita-treks.com\/de\/unterkunft\/villa-los-veroles\/\" \/>\n<meta property=\"og:site_name\" content=\"Olita Trek &amp; Bike - Lanzarote Excursions\" \/>\n<meta property=\"article:publisher\" content=\"https:\/\/www.facebook.com\/olitalanzarote\" \/>\n<meta property=\"article:modified_time\" content=\"2025-04-23T11:13:13+00:00\" \/>\n<meta property=\"og:image\" content=\"http:\/\/olita-treks.com\/wp-content\/uploads\/2016\/06\/Olita_LosVeroles2-111.jpg\" \/>\n\t<meta property=\"og:image:width\" content=\"550\" \/>\n\t<meta property=\"og:image:height\" content=\"365\" \/>\n\t<meta property=\"og:image:type\" content=\"image\/jpeg\" \/>\n<meta name=\"twitter:card\" content=\"summary_large_image\" \/>\n<meta name=\"twitter:label1\" content=\"Gesch\u00e4tzte Lesezeit\" \/>\n\t<meta name=\"twitter:data1\" content=\"1\u00a0Minute\" \/>\n<script type=\"application\/ld+json\" class=\"yoast-schema-graph\">{\"@context\":\"https:\\\/\\\/schema.org\",\"@graph\":[{\"@type\":\"WebPage\",\"@id\":\"http:\\\/\\\/olita-treks.com\\\/de\\\/unterkunft\\\/villa-los-veroles\\\/\",\"url\":\"http:\\\/\\\/olita-treks.com\\\/de\\\/unterkunft\\\/villa-los-veroles\\\/\",\"name\":\"Villa Los Veroles - Olita Trek &amp; Bike - Lanzarote Excursions\",\"isPartOf\":{\"@id\":\"http:\\\/\\\/olita-treks.com\\\/#website\"},\"primaryImageOfPage\":{\"@id\":\"http:\\\/\\\/olita-treks.com\\\/de\\\/unterkunft\\\/villa-los-veroles\\\/#primaryimage\"},\"image\":{\"@id\":\"http:\\\/\\\/olita-treks.com\\\/de\\\/unterkunft\\\/villa-los-veroles\\\/#primaryimage\"},\"thumbnailUrl\":\"https:\\\/\\\/olita-treks.com\\\/wp-content\\\/uploads\\\/2016\\\/06\\\/Olita_LosVeroles2-111.jpg\",\"datePublished\":\"2016-10-10T11:45:00+00:00\",\"dateModified\":\"2025-04-23T11:13:13+00:00\",\"description\":\"Grosses Ferienhaus f\u00fcr 6 Personen in kleinem, privaten Komplex an der Costa Teguise in Lanzarote. Private Terrasse und Gemeinschafts Pool.\",\"breadcrumb\":{\"@id\":\"http:\\\/\\\/olita-treks.com\\\/de\\\/unterkunft\\\/villa-los-veroles\\\/#breadcrumb\"},\"inLanguage\":\"de\",\"potentialAction\":[{\"@type\":\"ReadAction\",\"target\":[\"http:\\\/\\\/olita-treks.com\\\/de\\\/unterkunft\\\/villa-los-veroles\\\/\"]}]},{\"@type\":\"ImageObject\",\"inLanguage\":\"de\",\"@id\":\"http:\\\/\\\/olita-treks.com\\\/de\\\/unterkunft\\\/villa-los-veroles\\\/#primaryimage\",\"url\":\"https:\\\/\\\/olita-treks.com\\\/wp-content\\\/uploads\\\/2016\\\/06\\\/Olita_LosVeroles2-111.jpg\",\"contentUrl\":\"https:\\\/\\\/olita-treks.com\\\/wp-content\\\/uploads\\\/2016\\\/06\\\/Olita_LosVeroles2-111.jpg\",\"width\":550,\"height\":365,\"caption\":\"villa veroles entrance in lanzarote\"},{\"@type\":\"BreadcrumbList\",\"@id\":\"http:\\\/\\\/olita-treks.com\\\/de\\\/unterkunft\\\/villa-los-veroles\\\/#breadcrumb\",\"itemListElement\":[{\"@type\":\"ListItem\",\"position\":1,\"name\":\"Home\",\"item\":\"https:\\\/\\\/olita-treks.com\\\/de\\\/\"},{\"@type\":\"ListItem\",\"position\":2,\"name\":\"UNTERKUNFT\",\"item\":\"http:\\\/\\\/olita-treks.com\\\/de\\\/unterkunft\\\/\"},{\"@type\":\"ListItem\",\"position\":3,\"name\":\"Villa Los Veroles\"}]},{\"@type\":\"WebSite\",\"@id\":\"http:\\\/\\\/olita-treks.com\\\/#website\",\"url\":\"http:\\\/\\\/olita-treks.com\\\/\",\"name\":\"Olita Trek &amp; Bike - Lanzarote Excursions\",\"description\":\"Olita Trek &amp; Bike offers guided walks and Mountain Bike Tours on Lanzarote, the most surprising of the Canary Islands.\",\"potentialAction\":[{\"@type\":\"SearchAction\",\"target\":{\"@type\":\"EntryPoint\",\"urlTemplate\":\"http:\\\/\\\/olita-treks.com\\\/?s={search_term_string}\"},\"query-input\":{\"@type\":\"PropertyValueSpecification\",\"valueRequired\":true,\"valueName\":\"search_term_string\"}}],\"inLanguage\":\"de\"}]}<\/script>\n<!-- \/ Yoast SEO plugin. -->","yoast_head_json":{"title":"Villa Los Veroles - Olita Trek &amp; Bike - Lanzarote Excursions","description":"Grosses Ferienhaus f\u00fcr 6 Personen in kleinem, privaten Komplex an der Costa Teguise in Lanzarote. Private Terrasse und Gemeinschafts Pool.","robots":{"index":"index","follow":"follow","max-snippet":"max-snippet:-1","max-image-preview":"max-image-preview:large","max-video-preview":"max-video-preview:-1"},"canonical":"http:\/\/olita-treks.com\/de\/unterkunft\/villa-los-veroles\/","og_locale":"de_DE","og_type":"article","og_title":"Villa Los Veroles - Olita Trek &amp; Bike - Lanzarote Excursions","og_description":"Grosses Ferienhaus f\u00fcr 6 Personen in kleinem, privaten Komplex an der Costa Teguise in Lanzarote. Private Terrasse und Gemeinschafts Pool.","og_url":"http:\/\/olita-treks.com\/de\/unterkunft\/villa-los-veroles\/","og_site_name":"Olita Trek &amp; Bike - Lanzarote Excursions","article_publisher":"https:\/\/www.facebook.com\/olitalanzarote","article_modified_time":"2025-04-23T11:13:13+00:00","og_image":[{"width":550,"height":365,"url":"http:\/\/olita-treks.com\/wp-content\/uploads\/2016\/06\/Olita_LosVeroles2-111.jpg","type":"image\/jpeg"}],"twitter_card":"summary_large_image","twitter_misc":{"Gesch\u00e4tzte Lesezeit":"1\u00a0Minute"},"schema":{"@context":"https:\/\/schema.org","@graph":[{"@type":"WebPage","@id":"http:\/\/olita-treks.com\/de\/unterkunft\/villa-los-veroles\/","url":"http:\/\/olita-treks.com\/de\/unterkunft\/villa-los-veroles\/","name":"Villa Los Veroles - Olita Trek &amp; Bike - Lanzarote Excursions","isPartOf":{"@id":"http:\/\/olita-treks.com\/#website"},"primaryImageOfPage":{"@id":"http:\/\/olita-treks.com\/de\/unterkunft\/villa-los-veroles\/#primaryimage"},"image":{"@id":"http:\/\/olita-treks.com\/de\/unterkunft\/villa-los-veroles\/#primaryimage"},"thumbnailUrl":"https:\/\/olita-treks.com\/wp-content\/uploads\/2016\/06\/Olita_LosVeroles2-111.jpg","datePublished":"2016-10-10T11:45:00+00:00","dateModified":"2025-04-23T11:13:13+00:00","description":"Grosses Ferienhaus f\u00fcr 6 Personen in kleinem, privaten Komplex an der Costa Teguise in Lanzarote. Private Terrasse und Gemeinschafts Pool.","breadcrumb":{"@id":"http:\/\/olita-treks.com\/de\/unterkunft\/villa-los-veroles\/#breadcrumb"},"inLanguage":"de","potentialAction":[{"@type":"ReadAction","target":["http:\/\/olita-treks.com\/de\/unterkunft\/villa-los-veroles\/"]}]},{"@type":"ImageObject","inLanguage":"de","@id":"http:\/\/olita-treks.com\/de\/unterkunft\/villa-los-veroles\/#primaryimage","url":"https:\/\/olita-treks.com\/wp-content\/uploads\/2016\/06\/Olita_LosVeroles2-111.jpg","contentUrl":"https:\/\/olita-treks.com\/wp-content\/uploads\/2016\/06\/Olita_LosVeroles2-111.jpg","width":550,"height":365,"caption":"villa veroles entrance in lanzarote"},{"@type":"BreadcrumbList","@id":"http:\/\/olita-treks.com\/de\/unterkunft\/villa-los-veroles\/#breadcrumb","itemListElement":[{"@type":"ListItem","position":1,"name":"Home","item":"https:\/\/olita-treks.com\/de\/"},{"@type":"ListItem","position":2,"name":"UNTERKUNFT","item":"http:\/\/olita-treks.com\/de\/unterkunft\/"},{"@type":"ListItem","position":3,"name":"Villa Los Veroles"}]},{"@type":"WebSite","@id":"http:\/\/olita-treks.com\/#website","url":"http:\/\/olita-treks.com\/","name":"Olita Trek &amp; Bike - Lanzarote Excursions","description":"Olita Trek &amp; Bike offers guided walks and Mountain Bike Tours on Lanzarote, the most surprising of the Canary Islands.","potentialAction":[{"@type":"SearchAction","target":{"@type":"EntryPoint","urlTemplate":"http:\/\/olita-treks.com\/?s={search_term_string}"},"query-input":{"@type":"PropertyValueSpecification","valueRequired":true,"valueName":"search_term_string"}}],"inLanguage":"de"}]}},"_links":{"self":[{"href":"https:\/\/olita-treks.com\/de\/wp-json\/wp\/v2\/pages\/1340","targetHints":{"allow":["GET"]}}],"collection":[{"href":"https:\/\/olita-treks.com\/de\/wp-json\/wp\/v2\/pages"}],"about":[{"href":"https:\/\/olita-treks.com\/de\/wp-json\/wp\/v2\/types\/page"}],"author":[{"embeddable":true,"href":"https:\/\/olita-treks.com\/de\/wp-json\/wp\/v2\/users\/3"}],"replies":[{"embeddable":true,"href":"https:\/\/olita-treks.com\/de\/wp-json\/wp\/v2\/comments?post=1340"}],"version-history":[{"count":5,"href":"https:\/\/olita-treks.com\/de\/wp-json\/wp\/v2\/pages\/1340\/revisions"}],"predecessor-version":[{"id":3467,"href":"https:\/\/olita-treks.com\/de\/wp-json\/wp\/v2\/pages\/1340\/revisions\/3467"}],"up":[{"embeddable":true,"href":"https:\/\/olita-treks.com\/de\/wp-json\/wp\/v2\/pages\/1331"}],"wp:featuredmedia":[{"embeddable":true,"href":"https:\/\/olita-treks.com\/de\/wp-json\/wp\/v2\/media\/632"}],"wp:attachment":[{"href":"https:\/\/olita-treks.com\/de\/wp-json\/wp\/v2\/media?parent=1340"}],"curies":[{"name":"wp","href":"https:\/\/api.w.org\/{rel}","templated":true}]}}