{"id":1298,"date":"2016-10-09T11:23:22","date_gmt":"2016-10-09T11:23:22","guid":{"rendered":"http:\/\/olita-treks.com\/newsite\/?page_id=1298&#038;lang=de"},"modified":"2025-05-28T18:56:57","modified_gmt":"2025-05-28T18:56:57","slug":"photo-reise","status":"publish","type":"page","link":"https:\/\/olita-treks.com\/de\/massgeschneiderter-urlaub\/photo-reise\/","title":{"rendered":"Photo Reise"},"content":{"rendered":"<div class=\"wpb-content-wrapper\"><p>[vc_row full_width=&#8220;stretch_row&#8220; bg_type=&#8220;image&#8220; parallax_style=&#8220;vcpb-default&#8220; bg_image_new=&#8220;id^4062|url^http:\/\/olita-treks.com\/wp-content\/uploads\/2025\/05\/Olita-treks-RiscoFamara-FotoLR-3-scaled.jpg|caption^null|alt^Photo walk at the Cliff of Famara, Lanzarote.|title^Tr\u00edpode con islas flotantes &#8211; Risco de Famara y Archipi\u00e9lago C|description^null&#8220; bg_image_repeat=&#8220;no-repeat&#8220;][vc_column]<div class=\"ult-spacer spacer-69e519d1cf337\" data-id=\"69e519d1cf337\" data-height=\"350\" data-height-mobile=\"350\" data-height-tab=\"350\" data-height-tab-portrait=\"\" data-height-mobile-landscape=\"\" style=\"clear:both;display:block;\"><\/div>[\/vc_column][\/vc_row][vc_row][vc_column][vc_custom_heading text=&#8220;Photo Reise&#8220; font_container=&#8220;tag:h1|font_size:32|text_align:left&#8220; use_theme_fonts=&#8220;yes&#8220;][vc_column_text css=&#8220;&#8220;]Die Kanareninsel Lanzarote ist ein bekanntes Ziel vieler Modefotografen. Die spektakul\u00e4ren Landschaften mit verschiedenen Formen, Texturen und Farbt\u00f6nen bilden einen idealen Rahmen f\u00fcr die Mode- und Produktfotografie. Und nat\u00fcrlich ist das allesentscheidende Licht in den Herbst- und Fr\u00fchlingsmonaten unwiederstehlich. W\u00e4hrend einer Woche k\u00f6nnen Sie die fotogensten Winkel der Insel mit einem erfahrenen Fotografen und Wanderleiter besuchen.<\/p>\n<p><b>Highlights<\/b>:<\/p>\n<ul>\n<li>Kombinieren Sie Fotografie und Wandern<\/li>\n<li>Mond\u00e4hnliche Landschaften, schwarze Str\u00e4nde, einzigartige Kulturlandschaften<\/li>\n<li>Geniessen Sie wundersch\u00f6ne Str\u00e4nde und glasklares Wasser<\/li>\n<li>Angenehme, konfortable Unterkunft in privaten Ferienh\u00e4usern mit Pool<\/li>\n<li>Abendessen in t\u00e4glich wechselnden Restaurants, um lokale Spezialit\u00e4ten zu degustieren.<\/li>\n<\/ul>\n<p><b>Programm<\/b><\/p>\n<p><b>Tag 1 \u2013 Ankunft<\/b>: Begr\u00fcssung am Flughafen und Bezug der Unterkunft an der Costa Teguise. Freizeit, um Costa Teguise zu erkunden (je nach Ankunftszeit). Briefing und Abendessen<\/p>\n<p><b>Tag 2 &#8211; Der Norden<\/b> (Monte Corona und Steilk\u00fcste von Famara): Morgens Wanderung zum Monte Corona (Vulkan) und zur Steilk\u00fcste von Famara (ca. 3 Std.). Mittagessen in Haria<\/p>\n<p>Nachmittags: Besuch von Haria im Tal der tausend Palmen. Optional: Besuch des Mirador del R\u00edo, Werk des K\u00fcnstlers C\u00e9sar Manrique. Bildbesprechung und Abendessen<\/p>\n<p><b>Tag 3 &#8211; Str\u00e4nde und Meer<\/b>: Wanderung entlang der ber\u00fchmten Papagayo-Str\u00e4nde. Mittagessen an den Papagayo-Str\u00e4nden inkl. Badespass. Nachmittags\/Abends: Der schwarze Strand und die Salinen von Janubio. Bildbesprechung und Abendessen<\/p>\n<p><b>Tag 4 \u2013 Das Weingebiet von La Geria: <\/b>Morgens: Wanderung durch die einmalige Kulturlandschaft von La Geria: Rebbau auf schwarzer Vulkanasche (2 Std.). MIttagessen in einer Bodega (Pick-Nick). Nachmittags\/Abends: Kurze Wanderung, um das Weingebiet aus der Vogelperspekive zu fotograf\u00ederen. Abend frei.<\/p>\n<p><b>Tag 5 \u2013 La Graciosa \u2013 Str\u00e4nde und Das Fischerdorf Caleta del Sebo<\/b>. Schiffs\u00fcberfahrt nach La Graciosa, kleines Eiland im Norden von Lanzarote. Wanderung entlang der K\u00fcste mit wundersch\u00f6nen Sandstr\u00e4nden und krystallklarem Wasser.\u00a0 Pick-Nick und Badem\u00f6glichkeit an einem Strand.<\/p>\n<p>Nachmittag: R\u00fcckkehr nach Caleta del Sebo, romantisches Fischerdorf und Strassenfotografie bis zum Ablegen des Schiffes. Abend frei.<\/p>\n<p><b>Tag 6 &#8211; Lava und Strand<\/b>: Morgens: Erkundung der Vulkanlandschaften\u00a0 der Timanfaya-Ausbr\u00fcche. Mittagessen in Caleta de Famara.<br \/>\nNachmittags\/Abends: Wanderung entlang des Famara-Strandes (nur bei Ebbe m\u00f6glich). Bildbesprechung und Abendessen.<\/p>\n<p><b>Tag 7 &#8211; Kakteen und Vulkane<\/b>: Morgens: Besuch des Kaktusgartens \u2013 Werk von C\u00e9sar Manrique. Pick-Nick.<br \/>\nNachmittags: Besuch des \u201cGeisterdorfs\u201d Tenesar und kurze Wanderung entlang der K\u00fcste (schwarze Lava und tiefblaues Meer). Bildbesprechung und Abendessen<\/p>\n<p><b>Tag 8 \u2013 R\u00fcckflug<\/b>: Transfer zum Flughafen. R\u00fcckflug<\/p>\n<p><b>Reisedaten<\/b>: Oktober-November und M\u00e4rz-April<\/p>\n<p><b>Gruppen<\/b>: von 4 bis 8 Teilnehmern.[\/vc_column_text][vc_masonry_media_grid css=&#8220;&#8220; grid_id=&#8220;vc_gid:1748458587241-2671fff4-1a32-3&#8243; include=&#8220;1081,4040,4004,1019,1022,1030,4020,4104,3980&#8243;][\/vc_column][\/vc_row][vc_row full_width=&#8220;stretch_row&#8220; bg_type=&#8220;bg_color&#8220; bg_color_value=&#8220;#f2f2f2&#8243; css=&#8220;.vc_custom_1460991685674{margin-bottom: 0px !important;border-bottom-width: 0px !important;padding-bottom: 0px !important;}&#8220;][vc_column width=&#8220;1\/6&#8243;][\/vc_column][vc_column width=&#8220;2\/3&#8243;][vc_custom_heading text=&#8220;Buchungen &amp; info&#8220; font_container=&#8220;tag:h3|font_size:32|text_align:center&#8220; use_theme_fonts=&#8220;yes&#8220;]\n<div class=\"wpcf7 no-js\" id=\"wpcf7-f1644-o1\" lang=\"en-US\" dir=\"ltr\" data-wpcf7-id=\"1644\">\n<div class=\"screen-reader-response\"><p role=\"status\" aria-live=\"polite\" aria-atomic=\"true\"><\/p> <ul><\/ul><\/div>\n<form action=\"\/de\/wp-json\/wp\/v2\/pages\/1298#wpcf7-f1644-o1\" method=\"post\" class=\"wpcf7-form init\" aria-label=\"Contact form\" novalidate=\"novalidate\" data-status=\"init\">\n<fieldset class=\"hidden-fields-container\"><input type=\"hidden\" name=\"_wpcf7\" value=\"1644\" \/><input type=\"hidden\" name=\"_wpcf7_version\" value=\"6.1.5\" \/><input type=\"hidden\" name=\"_wpcf7_locale\" value=\"en_US\" \/><input type=\"hidden\" name=\"_wpcf7_unit_tag\" value=\"wpcf7-f1644-o1\" \/><input type=\"hidden\" name=\"_wpcf7_container_post\" value=\"0\" \/><input type=\"hidden\" name=\"_wpcf7_posted_data_hash\" value=\"\" \/><input type=\"hidden\" name=\"_wpcf7dtx_version\" value=\"5.0.5\" \/><input type=\"hidden\" name=\"_wpcf7_recaptcha_response\" value=\"\" \/>\n<\/fieldset>\n<p>Urlaubspakete:\n<\/p>\n<p><span class=\"wpcf7-form-control-wrap\" data-name=\"menu-tour\"><select class=\"wpcf7-form-control wpcf7-select\" aria-invalid=\"false\" name=\"menu-tour\"><option value=\"Lanzarote Durchwandern\">Lanzarote Durchwandern<\/option><option value=\"Multiaktivit\u00e4ten\">Multiaktivit\u00e4ten<\/option><option value=\"Urlaub Nach Eigenem Geschmack\">Urlaub Nach Eigenem Geschmack<\/option><option value=\"C\u00e9sar Manrique Entdecken\">C\u00e9sar Manrique Entdecken<\/option><option value=\"Lanzarote Mit dem Fahrrad (MB)\">Lanzarote Mit dem Fahrrad (MB)<\/option><option value=\"Photo Reise\">Photo Reise<\/option><\/select><\/span>\n<\/p>\n<p>Reisedaten (JJJJ-MM-TT)\n<\/p>\n<p><span class=\"wpcf7-form-control-wrap\" data-name=\"your-date\"><input class=\"wpcf7-form-control wpcf7-date wpcf7-validates-as-required wpcf7-validates-as-date\" aria-required=\"true\" aria-invalid=\"false\" value=\"\" type=\"date\" name=\"your-date\" \/><\/span>\n<\/p>\n<p>Anzahl Tage:\n<\/p>\n<p><span class=\"wpcf7-form-control-wrap\" data-name=\"text-days\"><input size=\"40\" maxlength=\"400\" class=\"wpcf7-form-control wpcf7-text\" aria-invalid=\"false\" value=\"\" type=\"text\" name=\"text-days\" \/><\/span>\n<\/p>\n<p>Anzahl Erwachsene:\n<\/p>\n<p><span class=\"wpcf7-form-control-wrap\" data-name=\"number-adults\"><input class=\"wpcf7-form-control wpcf7-number wpcf7-validates-as-number\" min=\"1\" max=\"15\" aria-invalid=\"false\" value=\"\" type=\"number\" name=\"number-adults\" \/><\/span>\n<\/p>\n<p>Kinder (Alter)\n<\/p>\n<p><span class=\"wpcf7-form-control-wrap\" data-name=\"ages-children\"><input size=\"40\" maxlength=\"400\" class=\"wpcf7-form-control wpcf7-text\" aria-invalid=\"false\" value=\"\" type=\"text\" name=\"ages-children\" \/><\/span>\n<\/p>\n<p>Vor- und Nachname\n<\/p>\n<p><span class=\"wpcf7-form-control-wrap\" data-name=\"your-name\"><input size=\"40\" maxlength=\"400\" class=\"wpcf7-form-control wpcf7-text\" aria-invalid=\"false\" value=\"\" type=\"text\" name=\"your-name\" \/><\/span>\n<\/p>\n<p>Email (obligatorisch)\n<\/p>\n<p><span class=\"wpcf7-form-control-wrap\" data-name=\"your-email\"><input size=\"40\" maxlength=\"400\" class=\"wpcf7-form-control wpcf7-email wpcf7-validates-as-required wpcf7-text wpcf7-validates-as-email\" aria-required=\"true\" aria-invalid=\"false\" value=\"\" type=\"email\" name=\"your-email\" \/><\/span>\n<\/p>\n<p>Telefonnr.\n<\/p>\n<p><span class=\"wpcf7-form-control-wrap\" data-name=\"your-phone\"><input size=\"40\" maxlength=\"400\" class=\"wpcf7-form-control wpcf7-tel wpcf7-text wpcf7-validates-as-tel\" aria-invalid=\"false\" value=\"\" type=\"tel\" name=\"your-phone\" \/><\/span>\n<\/p>\n<p>Budget pro Person: (select)\n<\/p>\n<p><span class=\"wpcf7-form-control-wrap\" data-name=\"menu-budget\"><select class=\"wpcf7-form-control wpcf7-select\" aria-invalid=\"false\" name=\"menu-budget\"><option value=\"500\u20ac - 800\u20ac\">500\u20ac - 800\u20ac<\/option><option value=\"800\u20ac - 1200\u20ac\">800\u20ac - 1200\u20ac<\/option><option value=\"over 1200\u20ac\">over 1200\u20ac<\/option><option value=\"Ich wei\u00df es noch nicht\">Ich wei\u00df es noch nicht<\/option><\/select><\/span>\n<\/p>\n<p>Ihre Vorstellungen und Pr\u00e4ferenzen\n<\/p>\n<p><span class=\"wpcf7-form-control-wrap\" data-name=\"your-message\"><textarea cols=\"40\" rows=\"10\" maxlength=\"2000\" class=\"wpcf7-form-control wpcf7-textarea\" aria-invalid=\"false\" name=\"your-message\">Insel(n), Aktivit\u00e4ten, Art der Unterkunft, etc.<\/textarea><\/span>\n<\/p>\n<span class=\"wpcf7-form-control-wrap current_page\" data-name=\"current_page\"><input type=\"hidden\" name=\"current_page\" class=\"wpcf7-form-control wpcf7-hidden wpcf7dtx wpcf7dtx-hidden\" aria-invalid=\"false\" value=\"https:\/\/olita-treks.com\/de\/wp-json\/wp\/v2\/pages\/1298\"><\/span>\n<p><span class=\"wpcf7-form-control-wrap\" data-name=\"acceptance-309\"><span class=\"wpcf7-form-control wpcf7-acceptance\"><span class=\"wpcf7-list-item\"><input type=\"checkbox\" name=\"acceptance-309\" value=\"1\" aria-invalid=\"false\" \/><\/span><\/span><\/span> Ich habe die <a href=\"\/privacy-policy\" target=\"_blank\"> rechtlichen Hinweise <\/a> gelesen und erkl\u00e4re mich einverstanden (obligatorisch)\n<\/p>\n\n<p><input class=\"wpcf7-form-control wpcf7-submit has-spinner\" type=\"submit\" value=\"Verlangen Sie Ihren Kostenvoranschlag!\" \/>\n<\/p><div class=\"fusion-alert alert custom alert-custom fusion-alert-center wpcf7-response-output awb-alert-native-link-color alert-dismissable awb-alert-close-boxed\" style=\"--awb-border-size:1px;--awb-border-top-left-radius:0px;--awb-border-top-right-radius:0px;--awb-border-bottom-left-radius:0px;--awb-border-bottom-right-radius:0px;\" role=\"alert\"><div class=\"fusion-alert-content-wrapper\"><span class=\"fusion-alert-content\"><\/span><\/div><button type=\"button\" class=\"close toggle-alert\" data-dismiss=\"alert\" aria-label=\"Close\">&times;<\/button><\/div>\n<\/form>\n<\/div>\n[\/vc_column][vc_column width=&#8220;1\/6&#8243;][\/vc_column][\/vc_row]<\/p>\n<\/div>","protected":false},"excerpt":{"rendered":"<p>[vc_row full_width=&#8220;stretch_row&#8220; bg_type=&#8220;image&#8220; parallax_style=&#8220;vcpb-default&#8220; bg_image_new=&#8220;id^4062|url^http:\/\/olita-treks.com\/wp-content\/uploads\/2025\/05\/Olita-treks-RiscoFamara-FotoLR-3-scaled.jpg|caption^null|alt^Photo walk at the Cliff of Famara, Lanzarote.|title^Tr\u00edpode con islas flotantes &#8211; Risco de Famara y Archipi\u00e9lago C|description^null&#8220; bg_image_repeat=&#8220;no-repeat&#8220;][vc_column][\/vc_column][\/vc_row][vc_row][vc_column][vc_custom_heading text=&#8220;Photo Reise&#8220; font_container=&#8220;tag:h1|font_size:32|text_align:left&#8220; use_theme_fonts=&#8220;yes&#8220;][vc_column_text css=&#8220;&#8220;]Die Kanareninsel Lanzarote ist ein bekanntes Ziel vieler Modefotografen. Die spektakul\u00e4ren Landschaften mit verschiedenen Formen, Texturen und Farbt\u00f6nen bilden einen idealen Rahmen f\u00fcr die Mode- und Produktfotografie. Und<\/p>\n","protected":false},"author":3,"featured_media":2386,"parent":1282,"menu_order":0,"comment_status":"closed","ping_status":"closed","template":"","meta":{"footnotes":""},"class_list":["post-1298","page","type-page","status-publish","has-post-thumbnail","hentry"],"yoast_head":"<!-- This site is optimized with the Yoast SEO plugin v27.4 - https:\/\/yoast.com\/product\/yoast-seo-wordpress\/ -->\n<title>Photo Reise - Olita Trek &amp; Bike - Lanzarote Excursions<\/title>\n<meta name=\"description\" content=\"Fotografieren Sie die sch\u00f6nsten Ecken von Lanzarote im besten Licht - gef\u00fchrt von einem professionellem Fotografen und Wanderf\u00fchrer.\" \/>\n<meta name=\"robots\" content=\"index, follow, max-snippet:-1, max-image-preview:large, max-video-preview:-1\" \/>\n<link rel=\"canonical\" href=\"http:\/\/olita-treks.com\/de\/massgeschneiderter-urlaub\/photo-reise\/\" \/>\n<meta property=\"og:locale\" content=\"de_DE\" \/>\n<meta property=\"og:type\" content=\"article\" \/>\n<meta property=\"og:title\" content=\"Photo Reise - Olita Trek &amp; Bike - Lanzarote Excursions\" \/>\n<meta property=\"og:description\" content=\"Fotografieren Sie die sch\u00f6nsten Ecken von Lanzarote im besten Licht - gef\u00fchrt von einem professionellem Fotografen und Wanderf\u00fchrer.\" \/>\n<meta property=\"og:url\" content=\"http:\/\/olita-treks.com\/de\/massgeschneiderter-urlaub\/photo-reise\/\" \/>\n<meta property=\"og:site_name\" content=\"Olita Trek &amp; Bike - Lanzarote Excursions\" \/>\n<meta property=\"article:publisher\" content=\"https:\/\/www.facebook.com\/olitalanzarote\" \/>\n<meta property=\"article:modified_time\" content=\"2025-05-28T18:56:57+00:00\" \/>\n<meta property=\"og:image\" content=\"http:\/\/olita-treks.com\/wp-content\/uploads\/2016\/04\/DSC07031_130425-Edit-small.jpg\" \/>\n\t<meta property=\"og:image:width\" content=\"550\" \/>\n\t<meta property=\"og:image:height\" content=\"367\" \/>\n\t<meta property=\"og:image:type\" content=\"image\/jpeg\" \/>\n<meta name=\"twitter:card\" content=\"summary_large_image\" \/>\n<meta name=\"twitter:label1\" content=\"Gesch\u00e4tzte Lesezeit\" \/>\n\t<meta name=\"twitter:data1\" content=\"3\u00a0Minuten\" \/>\n<script type=\"application\/ld+json\" class=\"yoast-schema-graph\">{\"@context\":\"https:\\\/\\\/schema.org\",\"@graph\":[{\"@type\":\"WebPage\",\"@id\":\"http:\\\/\\\/olita-treks.com\\\/de\\\/massgeschneiderter-urlaub\\\/photo-reise\\\/\",\"url\":\"http:\\\/\\\/olita-treks.com\\\/de\\\/massgeschneiderter-urlaub\\\/photo-reise\\\/\",\"name\":\"Photo Reise - Olita Trek &amp; Bike - Lanzarote Excursions\",\"isPartOf\":{\"@id\":\"http:\\\/\\\/olita-treks.com\\\/#website\"},\"primaryImageOfPage\":{\"@id\":\"http:\\\/\\\/olita-treks.com\\\/de\\\/massgeschneiderter-urlaub\\\/photo-reise\\\/#primaryimage\"},\"image\":{\"@id\":\"http:\\\/\\\/olita-treks.com\\\/de\\\/massgeschneiderter-urlaub\\\/photo-reise\\\/#primaryimage\"},\"thumbnailUrl\":\"https:\\\/\\\/olita-treks.com\\\/wp-content\\\/uploads\\\/2016\\\/04\\\/DSC07031_130425-Edit-small.jpg\",\"datePublished\":\"2016-10-09T11:23:22+00:00\",\"dateModified\":\"2025-05-28T18:56:57+00:00\",\"description\":\"Fotografieren Sie die sch\u00f6nsten Ecken von Lanzarote im besten Licht - gef\u00fchrt von einem professionellem Fotografen und Wanderf\u00fchrer.\",\"breadcrumb\":{\"@id\":\"http:\\\/\\\/olita-treks.com\\\/de\\\/massgeschneiderter-urlaub\\\/photo-reise\\\/#breadcrumb\"},\"inLanguage\":\"de\",\"potentialAction\":[{\"@type\":\"ReadAction\",\"target\":[\"http:\\\/\\\/olita-treks.com\\\/de\\\/massgeschneiderter-urlaub\\\/photo-reise\\\/\"]}]},{\"@type\":\"ImageObject\",\"inLanguage\":\"de\",\"@id\":\"http:\\\/\\\/olita-treks.com\\\/de\\\/massgeschneiderter-urlaub\\\/photo-reise\\\/#primaryimage\",\"url\":\"https:\\\/\\\/olita-treks.com\\\/wp-content\\\/uploads\\\/2016\\\/04\\\/DSC07031_130425-Edit-small.jpg\",\"contentUrl\":\"https:\\\/\\\/olita-treks.com\\\/wp-content\\\/uploads\\\/2016\\\/04\\\/DSC07031_130425-Edit-small.jpg\",\"width\":550,\"height\":367},{\"@type\":\"BreadcrumbList\",\"@id\":\"http:\\\/\\\/olita-treks.com\\\/de\\\/massgeschneiderter-urlaub\\\/photo-reise\\\/#breadcrumb\",\"itemListElement\":[{\"@type\":\"ListItem\",\"position\":1,\"name\":\"Home\",\"item\":\"https:\\\/\\\/olita-treks.com\\\/de\\\/\"},{\"@type\":\"ListItem\",\"position\":2,\"name\":\"MASSGESCHNEIDERTER URLAUB\",\"item\":\"https:\\\/\\\/olita-treks.com\\\/de\\\/massgeschneiderter-urlaub\\\/\"},{\"@type\":\"ListItem\",\"position\":3,\"name\":\"Photo Reise\"}]},{\"@type\":\"WebSite\",\"@id\":\"http:\\\/\\\/olita-treks.com\\\/#website\",\"url\":\"http:\\\/\\\/olita-treks.com\\\/\",\"name\":\"Olita Trek &amp; Bike - Lanzarote Excursions\",\"description\":\"Olita Trek &amp; Bike offers guided walks and Mountain Bike Tours on Lanzarote, the most surprising of the Canary Islands.\",\"potentialAction\":[{\"@type\":\"SearchAction\",\"target\":{\"@type\":\"EntryPoint\",\"urlTemplate\":\"http:\\\/\\\/olita-treks.com\\\/?s={search_term_string}\"},\"query-input\":{\"@type\":\"PropertyValueSpecification\",\"valueRequired\":true,\"valueName\":\"search_term_string\"}}],\"inLanguage\":\"de\"}]}<\/script>\n<!-- \/ Yoast SEO plugin. -->","yoast_head_json":{"title":"Photo Reise - Olita Trek &amp; Bike - Lanzarote Excursions","description":"Fotografieren Sie die sch\u00f6nsten Ecken von Lanzarote im besten Licht - gef\u00fchrt von einem professionellem Fotografen und Wanderf\u00fchrer.","robots":{"index":"index","follow":"follow","max-snippet":"max-snippet:-1","max-image-preview":"max-image-preview:large","max-video-preview":"max-video-preview:-1"},"canonical":"http:\/\/olita-treks.com\/de\/massgeschneiderter-urlaub\/photo-reise\/","og_locale":"de_DE","og_type":"article","og_title":"Photo Reise - Olita Trek &amp; Bike - Lanzarote Excursions","og_description":"Fotografieren Sie die sch\u00f6nsten Ecken von Lanzarote im besten Licht - gef\u00fchrt von einem professionellem Fotografen und Wanderf\u00fchrer.","og_url":"http:\/\/olita-treks.com\/de\/massgeschneiderter-urlaub\/photo-reise\/","og_site_name":"Olita Trek &amp; Bike - Lanzarote Excursions","article_publisher":"https:\/\/www.facebook.com\/olitalanzarote","article_modified_time":"2025-05-28T18:56:57+00:00","og_image":[{"width":550,"height":367,"url":"http:\/\/olita-treks.com\/wp-content\/uploads\/2016\/04\/DSC07031_130425-Edit-small.jpg","type":"image\/jpeg"}],"twitter_card":"summary_large_image","twitter_misc":{"Gesch\u00e4tzte Lesezeit":"3\u00a0Minuten"},"schema":{"@context":"https:\/\/schema.org","@graph":[{"@type":"WebPage","@id":"http:\/\/olita-treks.com\/de\/massgeschneiderter-urlaub\/photo-reise\/","url":"http:\/\/olita-treks.com\/de\/massgeschneiderter-urlaub\/photo-reise\/","name":"Photo Reise - Olita Trek &amp; Bike - Lanzarote Excursions","isPartOf":{"@id":"http:\/\/olita-treks.com\/#website"},"primaryImageOfPage":{"@id":"http:\/\/olita-treks.com\/de\/massgeschneiderter-urlaub\/photo-reise\/#primaryimage"},"image":{"@id":"http:\/\/olita-treks.com\/de\/massgeschneiderter-urlaub\/photo-reise\/#primaryimage"},"thumbnailUrl":"https:\/\/olita-treks.com\/wp-content\/uploads\/2016\/04\/DSC07031_130425-Edit-small.jpg","datePublished":"2016-10-09T11:23:22+00:00","dateModified":"2025-05-28T18:56:57+00:00","description":"Fotografieren Sie die sch\u00f6nsten Ecken von Lanzarote im besten Licht - gef\u00fchrt von einem professionellem Fotografen und Wanderf\u00fchrer.","breadcrumb":{"@id":"http:\/\/olita-treks.com\/de\/massgeschneiderter-urlaub\/photo-reise\/#breadcrumb"},"inLanguage":"de","potentialAction":[{"@type":"ReadAction","target":["http:\/\/olita-treks.com\/de\/massgeschneiderter-urlaub\/photo-reise\/"]}]},{"@type":"ImageObject","inLanguage":"de","@id":"http:\/\/olita-treks.com\/de\/massgeschneiderter-urlaub\/photo-reise\/#primaryimage","url":"https:\/\/olita-treks.com\/wp-content\/uploads\/2016\/04\/DSC07031_130425-Edit-small.jpg","contentUrl":"https:\/\/olita-treks.com\/wp-content\/uploads\/2016\/04\/DSC07031_130425-Edit-small.jpg","width":550,"height":367},{"@type":"BreadcrumbList","@id":"http:\/\/olita-treks.com\/de\/massgeschneiderter-urlaub\/photo-reise\/#breadcrumb","itemListElement":[{"@type":"ListItem","position":1,"name":"Home","item":"https:\/\/olita-treks.com\/de\/"},{"@type":"ListItem","position":2,"name":"MASSGESCHNEIDERTER URLAUB","item":"https:\/\/olita-treks.com\/de\/massgeschneiderter-urlaub\/"},{"@type":"ListItem","position":3,"name":"Photo Reise"}]},{"@type":"WebSite","@id":"http:\/\/olita-treks.com\/#website","url":"http:\/\/olita-treks.com\/","name":"Olita Trek &amp; Bike - Lanzarote Excursions","description":"Olita Trek &amp; Bike offers guided walks and Mountain Bike Tours on Lanzarote, the most surprising of the Canary Islands.","potentialAction":[{"@type":"SearchAction","target":{"@type":"EntryPoint","urlTemplate":"http:\/\/olita-treks.com\/?s={search_term_string}"},"query-input":{"@type":"PropertyValueSpecification","valueRequired":true,"valueName":"search_term_string"}}],"inLanguage":"de"}]}},"_links":{"self":[{"href":"https:\/\/olita-treks.com\/de\/wp-json\/wp\/v2\/pages\/1298","targetHints":{"allow":["GET"]}}],"collection":[{"href":"https:\/\/olita-treks.com\/de\/wp-json\/wp\/v2\/pages"}],"about":[{"href":"https:\/\/olita-treks.com\/de\/wp-json\/wp\/v2\/types\/page"}],"author":[{"embeddable":true,"href":"https:\/\/olita-treks.com\/de\/wp-json\/wp\/v2\/users\/3"}],"replies":[{"embeddable":true,"href":"https:\/\/olita-treks.com\/de\/wp-json\/wp\/v2\/comments?post=1298"}],"version-history":[{"count":7,"href":"https:\/\/olita-treks.com\/de\/wp-json\/wp\/v2\/pages\/1298\/revisions"}],"predecessor-version":[{"id":4228,"href":"https:\/\/olita-treks.com\/de\/wp-json\/wp\/v2\/pages\/1298\/revisions\/4228"}],"up":[{"embeddable":true,"href":"https:\/\/olita-treks.com\/de\/wp-json\/wp\/v2\/pages\/1282"}],"wp:featuredmedia":[{"embeddable":true,"href":"https:\/\/olita-treks.com\/de\/wp-json\/wp\/v2\/media\/2386"}],"wp:attachment":[{"href":"https:\/\/olita-treks.com\/de\/wp-json\/wp\/v2\/media?parent=1298"}],"curies":[{"name":"wp","href":"https:\/\/api.w.org\/{rel}","templated":true}]}}