{"id":1296,"date":"2016-10-09T11:19:29","date_gmt":"2016-10-09T11:19:29","guid":{"rendered":"http:\/\/olita-treks.com\/newsite\/?page_id=1296&#038;lang=de"},"modified":"2025-05-08T11:53:22","modified_gmt":"2025-05-08T11:53:22","slug":"lanzarote-mit-dem-fahrrad-mb","status":"publish","type":"page","link":"https:\/\/olita-treks.com\/de\/massgeschneiderter-urlaub\/lanzarote-mit-dem-fahrrad-mb\/","title":{"rendered":"Lanzarote mit dem Fahrrad (MB)"},"content":{"rendered":"<div class=\"wpb-content-wrapper\"><p>[vc_row full_width=&#8220;stretch_row&#8220; bg_type=&#8220;image&#8220; parallax_style=&#8220;vcpb-default&#8220; bg_image_new=&#8220;753|http:\/\/olita-treks.com\/newsite\/wp-content\/uploads\/2016\/04\/Olita_Fotos_Bici_01-ret.jpg&#8220; bg_image_repeat=&#8220;no-repeat&#8220;][vc_column]<div class=\"ult-spacer spacer-69e9f8fdafc0d\" data-id=\"69e9f8fdafc0d\" data-height=\"350\" data-height-mobile=\"350\" data-height-tab=\"350\" data-height-tab-portrait=\"\" data-height-mobile-landscape=\"\" style=\"clear:both;display:block;\"><\/div>[\/vc_column][\/vc_row][vc_row][vc_column][vc_custom_heading text=&#8220;Lanzarote Mit dem Fahrrad (MB)&#8220; font_container=&#8220;tag:h1|font_size:32|text_align:left&#8220; use_theme_fonts=&#8220;yes&#8220;][vc_column_text css=&#8220;&#8220;]M\u00fcsste man w\u00e4hlen wie man Lanzarote in wenig Zeit am besten kennenlernt, w\u00fcrde die Wahl vermutlich auf ein Mountain Bike fallen. Der Vorschlag von Olita Trek &amp; Bike beinhaltet die Erkundung der interessantesten Winkel der Insel, ist \u00e4usserst abwechslungsreich und l\u00e4sst auch kulturelle Highlights und Badespass an einsamen Str\u00e4nden nicht zu kurz kommen.<\/p>\n<p><b>Highlights<\/b>:<\/p>\n<ul>\n<li>Abwechslungsreiche Touren von einfachem bis mittlerem Schwierigkeitsgrad<\/li>\n<li>Ihr Guide kennt nebst den besten Trails auch die Flora, Fauna und Geologie der Insel<\/li>\n<li>Moderne Mountain-Bikes und Pannendienst<\/li>\n<li>Komfortable Unterkunft mit Gemeinschaftspool und\/oder in Strandn\u00e4he.<\/li>\n<\/ul>\n<p><b>Programm<\/b><\/p>\n<p><b>Tag 1 \u2013 Ankunft: <\/b>Begr\u00fcssung am Flughafen und Transfer zur Unterkunft. Infos zum Wochenablauf. Abendessen.<\/p>\n<p>Tag 2 \u2013 El Bosquecillo: Die Tour beginnt am h\u00f6chsten Punkt der Insel: an der Steilk\u00fcste von Famara. Wir durchqueren das \u201cTal der tausend Palmen\u201d in Haria und anschliessend das Tal von Tabayesco, wo terrassierte Talh\u00e4nge die Landschaft dominieren. (Dauer: 3-4 Std.)<\/p>\n<p><i>Route: El Bosquecillo \u2013 Carretera de Har\u00eda a Teguise \u2013 Camino de Har\u00eda &#8211; Har\u00eda \u2013 Tabayesco \u2013 Guatiza \u2013 Los Volcanes &#8211; Costa Teguise.<\/i><\/p>\n<p><b>Tag 3 \u2013 Der Norden: <\/b>Die heutige Tour f\u00e4ngt in Arrieta an,, einem kleinen Fischerdord im Norden der Insel, von wo aus wir nach M\u00e1guez hochfahren und dann weiter empor, bis wir an die Steilk\u00fcste von Famara gelangen. Nachdem wir die herrliche Aussicht auf La Graciosa genossen haben, geht\u2019s weiter Richtung Har\u00eda und zur\u00fcck nach Arrieta. (Dauer: 4-5 Std.)<\/p>\n<p><i>Route: Arrieta \u2013 M\u00e1guez \u2013 Volc\u00e1n de la Corona \u2013 Valle de Guinate \u2013 Risco de Famara \u2013 M\u00e1guez \u2013 Har\u00eda &#8211; Arrieta<\/i><\/p>\n<p><b>Tag 4 \u2013 La Graciosa<\/b>: Nach einer kurzen Boots\u00fcberfahrt starten wir im Fischerdorf Caleta del Sebo. W\u00e4hrend der Tour bewundern wir traumhafte Str\u00e4nde und D\u00fcnenlandschaften. Pick-Nick und Badespass an einem der Str\u00e4nde. (Dauer: 3-4 Std.)<\/p>\n<p><i>Route: Caleta del Sebo \u2013 Pedro Barba \u2013 Playa de las Conchas \u2013 Caleta del Sebo.<\/i><\/p>\n<p><b>Tag 5 \u2013 Die Rebberge von La Geria: <\/b>Eine Tour in einmaliger Landschaft w\u00e4hrend der wir Lavastr\u00f6me und \u2013 seen durchqueren. Wir beginnen in den Rebbergen der Weinregion La Geria, wo die einzelnen Rebst\u00f6cke auf schwarzer Vulkanasche gezogen werden. Ab der Ortschaft Uga durchqueren wir die gewaltigen Lavastr\u00f6me der Timanfaya Ausbr\u00fcche im 18. Jahrhundert, bis wir an die Westk\u00fcste Lanzarotes gelangen. Dann geht\u2019s \u00fcber landwirtschaftlich genutzte Gebiete und Vulkankegeln wieder zur\u00fcck zum Ausgangspunkt. (Dauer: 5 Std.)<\/p>\n<p><i>Route: La Asomada \u2013 Paso entre Tinasoria y Guardilama \u2013 Uga \u2013 Traves\u00eda del Parque \u2013 Caldera Blanca \u2013 Camino de la Playa de la Madera &#8211; Mancha Blanca \u2013 Monta\u00f1a Roja \u2013 El Cuervo \u2013 La Asomada.<\/i><\/p>\n<p><b>Tag 6 \u2013 Papagayo Str\u00e4nde: <\/b>Nach einem kurzen Aufstieg beginnen wir eine lange Abfahrt Richtung S\u00fcdost-K\u00fcste im w\u00fcstenhaften Ajaches-Massiv. Wir gelangen schliesslich an die ber\u00fchmten Papagayo Str\u00e4nde, wo ein erfrischendes Bad die Lebensgeister weckt. (Dauer: 3 Std.)<\/p>\n<p><i>Route: Casas de Maciot \u2013 Valle de los Dises \u2013 Playas de Papagayo.<\/i><\/p>\n<p><b>Tag 7 &#8211; Los Cocoteros<\/b>: Die Tour beginnt an der Costa Teguise und innert k\u00fcrzester Zeit finden wir uns in einer kargen Vulkanlandschaft wieder. Weiter Richtung Norden gelangen wir zu den Salzfeldern von Los Cocoteros, wo noch heute Meersalz abgebaut wird. (Dauer: 3 Std.)<\/p>\n<p><i>Route: Costa Teguise \u2013 Los Cocoteros \u2013 Mala &#8211; Costa Teguise<\/i><\/p>\n<p><b>Tag 8 \u2013 Abreise<\/b>: Transfer zum Flughafen. R\u00fcckflug.<\/p>\n<p><b>Reisedaten<\/b>: ganzj\u00e4hrig<\/p>\n<p><b>Gruppen<\/b>: von 4 bis 12 Teilnehmern<\/p>\n<p><strong>Dauer<\/strong>: 8 Tage, 7 N\u00e4chte[\/vc_column_text][vc_masonry_media_grid element_width=&#8220;3&#8243; css=&#8220;&#8220; grid_id=&#8220;vc_gid:1746704259970-8834a352-dcc3-7&#8243; include=&#8220;1082,1033,937,936,2686,2698,2458,2800&#8243;][\/vc_column][\/vc_row][vc_row full_width=&#8220;stretch_row&#8220; bg_type=&#8220;bg_color&#8220; bg_color_value=&#8220;#f2f2f2&#8243; css=&#8220;.vc_custom_1460991685674{margin-bottom: 0px !important;border-bottom-width: 0px !important;padding-bottom: 0px !important;}&#8220;][vc_column width=&#8220;1\/6&#8243;][\/vc_column][vc_column width=&#8220;2\/3&#8243;][vc_custom_heading text=&#8220;Buchungen &amp; info&#8220; font_container=&#8220;tag:h3|font_size:32|text_align:center&#8220; use_theme_fonts=&#8220;yes&#8220;]\n<div class=\"wpcf7 no-js\" id=\"wpcf7-f1644-o1\" lang=\"en-US\" dir=\"ltr\" data-wpcf7-id=\"1644\">\n<div class=\"screen-reader-response\"><p role=\"status\" aria-live=\"polite\" aria-atomic=\"true\"><\/p> <ul><\/ul><\/div>\n<form action=\"\/de\/wp-json\/wp\/v2\/pages\/1296#wpcf7-f1644-o1\" method=\"post\" class=\"wpcf7-form init\" aria-label=\"Contact form\" novalidate=\"novalidate\" data-status=\"init\">\n<fieldset class=\"hidden-fields-container\"><input type=\"hidden\" name=\"_wpcf7\" value=\"1644\" \/><input type=\"hidden\" name=\"_wpcf7_version\" value=\"6.1.5\" \/><input type=\"hidden\" name=\"_wpcf7_locale\" value=\"en_US\" \/><input type=\"hidden\" name=\"_wpcf7_unit_tag\" value=\"wpcf7-f1644-o1\" \/><input type=\"hidden\" name=\"_wpcf7_container_post\" value=\"0\" \/><input type=\"hidden\" name=\"_wpcf7_posted_data_hash\" value=\"\" \/><input type=\"hidden\" name=\"_wpcf7dtx_version\" value=\"5.0.5\" \/><input type=\"hidden\" name=\"_wpcf7_recaptcha_response\" value=\"\" \/>\n<\/fieldset>\n<p>Urlaubspakete:\n<\/p>\n<p><span class=\"wpcf7-form-control-wrap\" data-name=\"menu-tour\"><select class=\"wpcf7-form-control wpcf7-select\" aria-invalid=\"false\" name=\"menu-tour\"><option value=\"Lanzarote Durchwandern\">Lanzarote Durchwandern<\/option><option value=\"Multiaktivit\u00e4ten\">Multiaktivit\u00e4ten<\/option><option value=\"Urlaub Nach Eigenem Geschmack\">Urlaub Nach Eigenem Geschmack<\/option><option value=\"C\u00e9sar Manrique Entdecken\">C\u00e9sar Manrique Entdecken<\/option><option value=\"Lanzarote Mit dem Fahrrad (MB)\">Lanzarote Mit dem Fahrrad (MB)<\/option><option value=\"Photo Reise\">Photo Reise<\/option><\/select><\/span>\n<\/p>\n<p>Reisedaten (JJJJ-MM-TT)\n<\/p>\n<p><span class=\"wpcf7-form-control-wrap\" data-name=\"your-date\"><input class=\"wpcf7-form-control wpcf7-date wpcf7-validates-as-required wpcf7-validates-as-date\" aria-required=\"true\" aria-invalid=\"false\" value=\"\" type=\"date\" name=\"your-date\" \/><\/span>\n<\/p>\n<p>Anzahl Tage:\n<\/p>\n<p><span class=\"wpcf7-form-control-wrap\" data-name=\"text-days\"><input size=\"40\" maxlength=\"400\" class=\"wpcf7-form-control wpcf7-text\" aria-invalid=\"false\" value=\"\" type=\"text\" name=\"text-days\" \/><\/span>\n<\/p>\n<p>Anzahl Erwachsene:\n<\/p>\n<p><span class=\"wpcf7-form-control-wrap\" data-name=\"number-adults\"><input class=\"wpcf7-form-control wpcf7-number wpcf7-validates-as-number\" min=\"1\" max=\"15\" aria-invalid=\"false\" value=\"\" type=\"number\" name=\"number-adults\" \/><\/span>\n<\/p>\n<p>Kinder (Alter)\n<\/p>\n<p><span class=\"wpcf7-form-control-wrap\" data-name=\"ages-children\"><input size=\"40\" maxlength=\"400\" class=\"wpcf7-form-control wpcf7-text\" aria-invalid=\"false\" value=\"\" type=\"text\" name=\"ages-children\" \/><\/span>\n<\/p>\n<p>Vor- und Nachname\n<\/p>\n<p><span class=\"wpcf7-form-control-wrap\" data-name=\"your-name\"><input size=\"40\" maxlength=\"400\" class=\"wpcf7-form-control wpcf7-text\" aria-invalid=\"false\" value=\"\" type=\"text\" name=\"your-name\" \/><\/span>\n<\/p>\n<p>Email (obligatorisch)\n<\/p>\n<p><span class=\"wpcf7-form-control-wrap\" data-name=\"your-email\"><input size=\"40\" maxlength=\"400\" class=\"wpcf7-form-control wpcf7-email wpcf7-validates-as-required wpcf7-text wpcf7-validates-as-email\" aria-required=\"true\" aria-invalid=\"false\" value=\"\" type=\"email\" name=\"your-email\" \/><\/span>\n<\/p>\n<p>Telefonnr.\n<\/p>\n<p><span class=\"wpcf7-form-control-wrap\" data-name=\"your-phone\"><input size=\"40\" maxlength=\"400\" class=\"wpcf7-form-control wpcf7-tel wpcf7-text wpcf7-validates-as-tel\" aria-invalid=\"false\" value=\"\" type=\"tel\" name=\"your-phone\" \/><\/span>\n<\/p>\n<p>Budget pro Person: (select)\n<\/p>\n<p><span class=\"wpcf7-form-control-wrap\" data-name=\"menu-budget\"><select class=\"wpcf7-form-control wpcf7-select\" aria-invalid=\"false\" name=\"menu-budget\"><option value=\"500\u20ac - 800\u20ac\">500\u20ac - 800\u20ac<\/option><option value=\"800\u20ac - 1200\u20ac\">800\u20ac - 1200\u20ac<\/option><option value=\"over 1200\u20ac\">over 1200\u20ac<\/option><option value=\"Ich wei\u00df es noch nicht\">Ich wei\u00df es noch nicht<\/option><\/select><\/span>\n<\/p>\n<p>Ihre Vorstellungen und Pr\u00e4ferenzen\n<\/p>\n<p><span class=\"wpcf7-form-control-wrap\" data-name=\"your-message\"><textarea cols=\"40\" rows=\"10\" maxlength=\"2000\" class=\"wpcf7-form-control wpcf7-textarea\" aria-invalid=\"false\" name=\"your-message\">Insel(n), Aktivit\u00e4ten, Art der Unterkunft, etc.<\/textarea><\/span>\n<\/p>\n<span class=\"wpcf7-form-control-wrap current_page\" data-name=\"current_page\"><input type=\"hidden\" name=\"current_page\" class=\"wpcf7-form-control wpcf7-hidden wpcf7dtx wpcf7dtx-hidden\" aria-invalid=\"false\" value=\"https:\/\/olita-treks.com\/de\/wp-json\/wp\/v2\/pages\/1296\"><\/span>\n<p><span class=\"wpcf7-form-control-wrap\" data-name=\"acceptance-309\"><span class=\"wpcf7-form-control wpcf7-acceptance\"><span class=\"wpcf7-list-item\"><input type=\"checkbox\" name=\"acceptance-309\" value=\"1\" aria-invalid=\"false\" \/><\/span><\/span><\/span> Ich habe die <a href=\"\/privacy-policy\" target=\"_blank\"> rechtlichen Hinweise <\/a> gelesen und erkl\u00e4re mich einverstanden (obligatorisch)\n<\/p>\n\n<p><input class=\"wpcf7-form-control wpcf7-submit has-spinner\" type=\"submit\" value=\"Verlangen Sie Ihren Kostenvoranschlag!\" \/>\n<\/p><div class=\"fusion-alert alert custom alert-custom fusion-alert-center wpcf7-response-output awb-alert-native-link-color alert-dismissable awb-alert-close-boxed\" style=\"--awb-border-size:1px;--awb-border-top-left-radius:0px;--awb-border-top-right-radius:0px;--awb-border-bottom-left-radius:0px;--awb-border-bottom-right-radius:0px;\" role=\"alert\"><div class=\"fusion-alert-content-wrapper\"><span class=\"fusion-alert-content\"><\/span><\/div><button type=\"button\" class=\"close toggle-alert\" data-dismiss=\"alert\" aria-label=\"Close\">&times;<\/button><\/div>\n<\/form>\n<\/div>\n[\/vc_column][vc_column width=&#8220;1\/6&#8243;][\/vc_column][\/vc_row]<\/p>\n<\/div>","protected":false},"excerpt":{"rendered":"<p>[vc_row full_width=&#8220;stretch_row&#8220; bg_type=&#8220;image&#8220; parallax_style=&#8220;vcpb-default&#8220; bg_image_new=&#8220;753|http:\/\/olita-treks.com\/newsite\/wp-content\/uploads\/2016\/04\/Olita_Fotos_Bici_01-ret.jpg&#8220; bg_image_repeat=&#8220;no-repeat&#8220;][vc_column][\/vc_column][\/vc_row][vc_row][vc_column][vc_custom_heading text=&#8220;Lanzarote Mit dem Fahrrad (MB)&#8220; font_container=&#8220;tag:h1|font_size:32|text_align:left&#8220; use_theme_fonts=&#8220;yes&#8220;][vc_column_text css=&#8220;&#8220;]M\u00fcsste man w\u00e4hlen wie man Lanzarote in wenig Zeit am besten kennenlernt, w\u00fcrde die Wahl vermutlich auf ein Mountain Bike fallen. Der Vorschlag von Olita Trek &amp; Bike beinhaltet die Erkundung der interessantesten Winkel der Insel, ist \u00e4usserst abwechslungsreich und l\u00e4sst auch<\/p>\n","protected":false},"author":3,"featured_media":2383,"parent":1282,"menu_order":0,"comment_status":"closed","ping_status":"closed","template":"","meta":{"footnotes":""},"class_list":["post-1296","page","type-page","status-publish","has-post-thumbnail","hentry"],"yoast_head":"<!-- This site is optimized with the Yoast SEO plugin v27.4 - https:\/\/yoast.com\/product\/yoast-seo-wordpress\/ -->\n<title>Lanzarote mit dem Fahrrad (MB) - Olita Trek &amp; Bike - Lanzarote Excursions<\/title>\n<meta name=\"description\" content=\"Entdecken Sie Lanzarote auf fantastischen Mountain Bike Touren: \u00fcber Lavafelder und einsame Str\u00e4nde, zwischen Vulkanen und weissen D\u00f6rfern.\" \/>\n<meta name=\"robots\" content=\"index, follow, max-snippet:-1, max-image-preview:large, max-video-preview:-1\" \/>\n<link rel=\"canonical\" href=\"https:\/\/olita-treks.com\/de\/massgeschneiderter-urlaub\/lanzarote-mit-dem-fahrrad-mb\/\" \/>\n<meta property=\"og:locale\" content=\"de_DE\" \/>\n<meta property=\"og:type\" content=\"article\" \/>\n<meta property=\"og:title\" content=\"Lanzarote mit dem Fahrrad (MB) - Olita Trek &amp; Bike - Lanzarote Excursions\" \/>\n<meta property=\"og:description\" content=\"Entdecken Sie Lanzarote auf fantastischen Mountain Bike Touren: \u00fcber Lavafelder und einsame Str\u00e4nde, zwischen Vulkanen und weissen D\u00f6rfern.\" \/>\n<meta property=\"og:url\" content=\"https:\/\/olita-treks.com\/de\/massgeschneiderter-urlaub\/lanzarote-mit-dem-fahrrad-mb\/\" \/>\n<meta property=\"og:site_name\" content=\"Olita Trek &amp; Bike - Lanzarote Excursions\" \/>\n<meta property=\"article:publisher\" content=\"https:\/\/www.facebook.com\/olitalanzarote\" \/>\n<meta property=\"article:modified_time\" content=\"2025-05-08T11:53:22+00:00\" \/>\n<meta property=\"og:image\" content=\"https:\/\/olita-treks.com\/wp-content\/uploads\/2016\/04\/DSC02684_141206-Edit-small.jpg\" \/>\n\t<meta property=\"og:image:width\" content=\"550\" \/>\n\t<meta property=\"og:image:height\" content=\"367\" \/>\n\t<meta property=\"og:image:type\" content=\"image\/jpeg\" \/>\n<meta name=\"twitter:card\" content=\"summary_large_image\" \/>\n<meta name=\"twitter:label1\" content=\"Gesch\u00e4tzte Lesezeit\" \/>\n\t<meta name=\"twitter:data1\" content=\"3\u00a0Minuten\" \/>\n<script type=\"application\/ld+json\" class=\"yoast-schema-graph\">{\"@context\":\"https:\\\/\\\/schema.org\",\"@graph\":[{\"@type\":\"WebPage\",\"@id\":\"https:\\\/\\\/olita-treks.com\\\/de\\\/massgeschneiderter-urlaub\\\/lanzarote-mit-dem-fahrrad-mb\\\/\",\"url\":\"https:\\\/\\\/olita-treks.com\\\/de\\\/massgeschneiderter-urlaub\\\/lanzarote-mit-dem-fahrrad-mb\\\/\",\"name\":\"Lanzarote mit dem Fahrrad (MB) - Olita Trek &amp; Bike - Lanzarote Excursions\",\"isPartOf\":{\"@id\":\"http:\\\/\\\/olita-treks.com\\\/#website\"},\"primaryImageOfPage\":{\"@id\":\"https:\\\/\\\/olita-treks.com\\\/de\\\/massgeschneiderter-urlaub\\\/lanzarote-mit-dem-fahrrad-mb\\\/#primaryimage\"},\"image\":{\"@id\":\"https:\\\/\\\/olita-treks.com\\\/de\\\/massgeschneiderter-urlaub\\\/lanzarote-mit-dem-fahrrad-mb\\\/#primaryimage\"},\"thumbnailUrl\":\"https:\\\/\\\/olita-treks.com\\\/wp-content\\\/uploads\\\/2016\\\/04\\\/DSC02684_141206-Edit-small.jpg\",\"datePublished\":\"2016-10-09T11:19:29+00:00\",\"dateModified\":\"2025-05-08T11:53:22+00:00\",\"description\":\"Entdecken Sie Lanzarote auf fantastischen Mountain Bike Touren: \u00fcber Lavafelder und einsame Str\u00e4nde, zwischen Vulkanen und weissen D\u00f6rfern.\",\"breadcrumb\":{\"@id\":\"https:\\\/\\\/olita-treks.com\\\/de\\\/massgeschneiderter-urlaub\\\/lanzarote-mit-dem-fahrrad-mb\\\/#breadcrumb\"},\"inLanguage\":\"de\",\"potentialAction\":[{\"@type\":\"ReadAction\",\"target\":[\"https:\\\/\\\/olita-treks.com\\\/de\\\/massgeschneiderter-urlaub\\\/lanzarote-mit-dem-fahrrad-mb\\\/\"]}]},{\"@type\":\"ImageObject\",\"inLanguage\":\"de\",\"@id\":\"https:\\\/\\\/olita-treks.com\\\/de\\\/massgeschneiderter-urlaub\\\/lanzarote-mit-dem-fahrrad-mb\\\/#primaryimage\",\"url\":\"https:\\\/\\\/olita-treks.com\\\/wp-content\\\/uploads\\\/2016\\\/04\\\/DSC02684_141206-Edit-small.jpg\",\"contentUrl\":\"https:\\\/\\\/olita-treks.com\\\/wp-content\\\/uploads\\\/2016\\\/04\\\/DSC02684_141206-Edit-small.jpg\",\"width\":550,\"height\":367},{\"@type\":\"BreadcrumbList\",\"@id\":\"https:\\\/\\\/olita-treks.com\\\/de\\\/massgeschneiderter-urlaub\\\/lanzarote-mit-dem-fahrrad-mb\\\/#breadcrumb\",\"itemListElement\":[{\"@type\":\"ListItem\",\"position\":1,\"name\":\"Home\",\"item\":\"https:\\\/\\\/olita-treks.com\\\/de\\\/\"},{\"@type\":\"ListItem\",\"position\":2,\"name\":\"MASSGESCHNEIDERTER URLAUB\",\"item\":\"https:\\\/\\\/olita-treks.com\\\/de\\\/massgeschneiderter-urlaub\\\/\"},{\"@type\":\"ListItem\",\"position\":3,\"name\":\"Lanzarote mit dem Fahrrad (MB)\"}]},{\"@type\":\"WebSite\",\"@id\":\"http:\\\/\\\/olita-treks.com\\\/#website\",\"url\":\"http:\\\/\\\/olita-treks.com\\\/\",\"name\":\"Olita Trek &amp; Bike - Lanzarote Excursions\",\"description\":\"Olita Trek &amp; Bike offers guided walks and Mountain Bike Tours on Lanzarote, the most surprising of the Canary Islands.\",\"potentialAction\":[{\"@type\":\"SearchAction\",\"target\":{\"@type\":\"EntryPoint\",\"urlTemplate\":\"http:\\\/\\\/olita-treks.com\\\/?s={search_term_string}\"},\"query-input\":{\"@type\":\"PropertyValueSpecification\",\"valueRequired\":true,\"valueName\":\"search_term_string\"}}],\"inLanguage\":\"de\"}]}<\/script>\n<!-- \/ Yoast SEO plugin. -->","yoast_head_json":{"title":"Lanzarote mit dem Fahrrad (MB) - Olita Trek &amp; Bike - Lanzarote Excursions","description":"Entdecken Sie Lanzarote auf fantastischen Mountain Bike Touren: \u00fcber Lavafelder und einsame Str\u00e4nde, zwischen Vulkanen und weissen D\u00f6rfern.","robots":{"index":"index","follow":"follow","max-snippet":"max-snippet:-1","max-image-preview":"max-image-preview:large","max-video-preview":"max-video-preview:-1"},"canonical":"https:\/\/olita-treks.com\/de\/massgeschneiderter-urlaub\/lanzarote-mit-dem-fahrrad-mb\/","og_locale":"de_DE","og_type":"article","og_title":"Lanzarote mit dem Fahrrad (MB) - Olita Trek &amp; Bike - Lanzarote Excursions","og_description":"Entdecken Sie Lanzarote auf fantastischen Mountain Bike Touren: \u00fcber Lavafelder und einsame Str\u00e4nde, zwischen Vulkanen und weissen D\u00f6rfern.","og_url":"https:\/\/olita-treks.com\/de\/massgeschneiderter-urlaub\/lanzarote-mit-dem-fahrrad-mb\/","og_site_name":"Olita Trek &amp; Bike - Lanzarote Excursions","article_publisher":"https:\/\/www.facebook.com\/olitalanzarote","article_modified_time":"2025-05-08T11:53:22+00:00","og_image":[{"width":550,"height":367,"url":"https:\/\/olita-treks.com\/wp-content\/uploads\/2016\/04\/DSC02684_141206-Edit-small.jpg","type":"image\/jpeg"}],"twitter_card":"summary_large_image","twitter_misc":{"Gesch\u00e4tzte Lesezeit":"3\u00a0Minuten"},"schema":{"@context":"https:\/\/schema.org","@graph":[{"@type":"WebPage","@id":"https:\/\/olita-treks.com\/de\/massgeschneiderter-urlaub\/lanzarote-mit-dem-fahrrad-mb\/","url":"https:\/\/olita-treks.com\/de\/massgeschneiderter-urlaub\/lanzarote-mit-dem-fahrrad-mb\/","name":"Lanzarote mit dem Fahrrad (MB) - Olita Trek &amp; Bike - Lanzarote Excursions","isPartOf":{"@id":"http:\/\/olita-treks.com\/#website"},"primaryImageOfPage":{"@id":"https:\/\/olita-treks.com\/de\/massgeschneiderter-urlaub\/lanzarote-mit-dem-fahrrad-mb\/#primaryimage"},"image":{"@id":"https:\/\/olita-treks.com\/de\/massgeschneiderter-urlaub\/lanzarote-mit-dem-fahrrad-mb\/#primaryimage"},"thumbnailUrl":"https:\/\/olita-treks.com\/wp-content\/uploads\/2016\/04\/DSC02684_141206-Edit-small.jpg","datePublished":"2016-10-09T11:19:29+00:00","dateModified":"2025-05-08T11:53:22+00:00","description":"Entdecken Sie Lanzarote auf fantastischen Mountain Bike Touren: \u00fcber Lavafelder und einsame Str\u00e4nde, zwischen Vulkanen und weissen D\u00f6rfern.","breadcrumb":{"@id":"https:\/\/olita-treks.com\/de\/massgeschneiderter-urlaub\/lanzarote-mit-dem-fahrrad-mb\/#breadcrumb"},"inLanguage":"de","potentialAction":[{"@type":"ReadAction","target":["https:\/\/olita-treks.com\/de\/massgeschneiderter-urlaub\/lanzarote-mit-dem-fahrrad-mb\/"]}]},{"@type":"ImageObject","inLanguage":"de","@id":"https:\/\/olita-treks.com\/de\/massgeschneiderter-urlaub\/lanzarote-mit-dem-fahrrad-mb\/#primaryimage","url":"https:\/\/olita-treks.com\/wp-content\/uploads\/2016\/04\/DSC02684_141206-Edit-small.jpg","contentUrl":"https:\/\/olita-treks.com\/wp-content\/uploads\/2016\/04\/DSC02684_141206-Edit-small.jpg","width":550,"height":367},{"@type":"BreadcrumbList","@id":"https:\/\/olita-treks.com\/de\/massgeschneiderter-urlaub\/lanzarote-mit-dem-fahrrad-mb\/#breadcrumb","itemListElement":[{"@type":"ListItem","position":1,"name":"Home","item":"https:\/\/olita-treks.com\/de\/"},{"@type":"ListItem","position":2,"name":"MASSGESCHNEIDERTER URLAUB","item":"https:\/\/olita-treks.com\/de\/massgeschneiderter-urlaub\/"},{"@type":"ListItem","position":3,"name":"Lanzarote mit dem Fahrrad (MB)"}]},{"@type":"WebSite","@id":"http:\/\/olita-treks.com\/#website","url":"http:\/\/olita-treks.com\/","name":"Olita Trek &amp; Bike - Lanzarote Excursions","description":"Olita Trek &amp; Bike offers guided walks and Mountain Bike Tours on Lanzarote, the most surprising of the Canary Islands.","potentialAction":[{"@type":"SearchAction","target":{"@type":"EntryPoint","urlTemplate":"http:\/\/olita-treks.com\/?s={search_term_string}"},"query-input":{"@type":"PropertyValueSpecification","valueRequired":true,"valueName":"search_term_string"}}],"inLanguage":"de"}]}},"_links":{"self":[{"href":"https:\/\/olita-treks.com\/de\/wp-json\/wp\/v2\/pages\/1296","targetHints":{"allow":["GET"]}}],"collection":[{"href":"https:\/\/olita-treks.com\/de\/wp-json\/wp\/v2\/pages"}],"about":[{"href":"https:\/\/olita-treks.com\/de\/wp-json\/wp\/v2\/types\/page"}],"author":[{"embeddable":true,"href":"https:\/\/olita-treks.com\/de\/wp-json\/wp\/v2\/users\/3"}],"replies":[{"embeddable":true,"href":"https:\/\/olita-treks.com\/de\/wp-json\/wp\/v2\/comments?post=1296"}],"version-history":[{"count":12,"href":"https:\/\/olita-treks.com\/de\/wp-json\/wp\/v2\/pages\/1296\/revisions"}],"predecessor-version":[{"id":3946,"href":"https:\/\/olita-treks.com\/de\/wp-json\/wp\/v2\/pages\/1296\/revisions\/3946"}],"up":[{"embeddable":true,"href":"https:\/\/olita-treks.com\/de\/wp-json\/wp\/v2\/pages\/1282"}],"wp:featuredmedia":[{"embeddable":true,"href":"https:\/\/olita-treks.com\/de\/wp-json\/wp\/v2\/media\/2383"}],"wp:attachment":[{"href":"https:\/\/olita-treks.com\/de\/wp-json\/wp\/v2\/media?parent=1296"}],"curies":[{"name":"wp","href":"https:\/\/api.w.org\/{rel}","templated":true}]}}