{"id":1282,"date":"2016-10-09T10:13:59","date_gmt":"2016-10-09T10:13:59","guid":{"rendered":"http:\/\/olita-treks.com\/newsite\/?page_id=1282&#038;lang=de"},"modified":"2025-05-06T09:08:15","modified_gmt":"2025-05-06T09:08:15","slug":"massgeschneiderter-urlaub","status":"publish","type":"page","link":"https:\/\/olita-treks.com\/de\/massgeschneiderter-urlaub\/","title":{"rendered":"MASSGESCHNEIDERTER URLAUB"},"content":{"rendered":"<div class=\"wpb-content-wrapper\"><p>[vc_row full_width=&#8220;stretch_row&#8220; bg_type=&#8220;image&#8220; parallax_style=&#8220;vcpb-default&#8220; bg_image_new=&#8220;719|http:\/\/olita-treks.com\/newsite\/wp-content\/uploads\/2016\/04\/DSC02603_151205-Edit-ret.jpg&#8220; bg_image_repeat=&#8220;no-repeat&#8220; bg_image_posiiton=&#8220;0px&#8220; css=&#8220;.vc_custom_1739725997957{padding-top: 0px !important;padding-bottom: 0px !important;}&#8220;][vc_column]<div class=\"ult-spacer spacer-69e519cbad8d0\" data-id=\"69e519cbad8d0\" data-height=\"350\" data-height-mobile=\"350\" data-height-tab=\"350\" data-height-tab-portrait=\"\" data-height-mobile-landscape=\"\" style=\"clear:both;display:block;\"><\/div>[\/vc_column][\/vc_row][vc_row][vc_column][vc_custom_heading text=&#8220;Massgeschneiderter Urlaub&#8220; font_container=&#8220;tag:h1|font_size:32|text_align:left&#8220; use_theme_fonts=&#8220;yes&#8220;][vc_column_text css=&#8220;&#8220;]<strong>Ein Urlaub nach Ihren W\u00fcnschen!<\/strong><br \/>\nOlita Trek &amp; Bike macht Ihnen einen massgeschneiderten Plan f\u00fcr perfekte Ferien. Fassen Sie Ihre Ideen und W\u00fcnsche kurz zusammen und erhalten einen Vorschlag, wie Ihr Urlaub gestaltet werden kann: von sportlichen Aktivit\u00e4ten mit den besten Anbietern, lohnenswerte Besichtigungen, bis zur Unterkunft und Tips f\u00fcr Restaurants abseits der Touristenstr\u00f6me.<br \/>\nIn Folge einige konkrete Ideen f\u00fcr einen unvergesslichen Urlaub auf Lanzarote:[\/vc_column_text][\/vc_column][\/vc_row][vc_row][vc_column width=&#8220;2\/3&#8243;][vc_basic_grid post_type=&#8220;ids&#8220; element_width=&#8220;6&#8243; item=&#8220;1327&#8243; grid_id=&#8220;vc_gid:1746522377710-a0c3c5da-6a7a-9&#8243; include=&#8220;218, 220, 222, 224, 226, 228&#8243;][\/vc_column][vc_column width=&#8220;1\/3&#8243; css=&#8220;.vc_custom_1464775559811 {padding-top: 20px !important;padding-right: 30px !important;padding-bottom: 40px !important;padding-left: 30px !important;background-color: #ffffff !important;}&#8220;]<div class=\"aio-icon-component    style_3\"><div id=\"Info-box-wrap-1351\" class=\"aio-icon-box square_box-icon\" style=\"\"  ><div class=\"aio-icon-square_box\"><div class=\"ult-just-icon-wrapper  \"><div class=\"align-icon\" style=\"text-align:center;\">\n<div class=\"aio-icon-img \" style=\"font-size:128px;display:inline-block;\" data-animation=\"pulse\" data-animation-delay=\"03\">\n\t<img decoding=\"async\" class=\"img-icon\" alt=\"\" src=\"https:\/\/olita-treks.com\/wp-content\/uploads\/2015\/11\/big-o.png\"\/>\n<\/div><\/div><\/div><\/div><div class=\"aio-icon-header\" ><h3 class=\"aio-icon-title ult-responsive\"  data-ultimate-target='#Info-box-wrap-1351 .aio-icon-title'  data-responsive-json-new='{\"font-size\":\"desktop:22px;\",\"line-height\":\"\"}'  style=\"font-weight:bold;\">FINDEN SIE NICHT, WAS SIE SUCHEN?<\/h3><\/div> <!-- header --><div class=\"aio-icon-description ult-responsive\"  data-ultimate-target='#Info-box-wrap-1351 .aio-icon-description'  data-responsive-json-new='{\"font-size\":\"\",\"line-height\":\"\"}'  style=\"\"><\/p>\n<h3>Senden Sie uns Ihre Urlaubsideen und Sie erhalten einen Kostenvoranschlag f\u00fcr Ihre massgeschneiderte Urlaubsreise.<\/h3>\n<p><\/div> <!-- description --><\/div> <!-- aio-icon-box --><\/div> <!-- aio-icon-component --><div id=\"modal-trg-txt-wrap-1541\" class=\"ult-modal-input-wrapper ult-adjust-bottom-margin    \" data-keypress-control=\"keypress-control-enable\" data-overlay-control=\"overlay-control-enable\"><button  data-ultimate-target='#modal-trg-txt-wrap-1541 .btn-modal'  data-responsive-json-new='{\"font-size\":\"\",\"line-height\":\"\"}'  style=\"background:#e8e047;border-color:#e8e047;color:#383838; \" data-class-id=\"content-69e519cbae7cc0-69712351\" class=\"btn-modal ult-responsive btn-primary btn-modal-block overlay-show ult-align-center btn-id-69e519cbae7cc0-69712351\" data-overlay-class=\"overlay-fade\">Verlangen Sie Ihren Kostenvoranschag!<\/button><\/div>\n<div class=\"ult-overlay content-69e519cbae7cc0-69712351 \" data-class=\"content-69e519cbae7cc0-69712351\" id=\"button-click-overlay\" style=\"background:rgba(51,51,51,0.9); display:none;\">\n\t<div class=\"ult_modal ult-fade ult-medium\">\n\t\t<div id=\"ult-modal-wrap-1571\" class=\"ult_modal-content ult-hide\" style=\"border-style:solid;border-width:2px;border-radius:0px;border-color:#333333;\">\n\t\t\t<div class=\"ult_modal-header\" style=\"color:#333333;border-color:#333333;\">\n\t\t\t\t<div class=\"modal-icon\"><i class=\"Defaults-envelope-o\"><\/i><\/div><h3  data-ultimate-target='#ult-modal-wrap-1571 .ult_modal-title'  data-responsive-json-new='{\"font-size\":\"\",\"line-height\":\"\"}'  class=\"ult_modal-title ult-responsive\">Massgeschneiderter Urlaub<\/h3>\n\t\t\t<\/div>\n\t\t\t<div  data-ultimate-target='#ult-modal-wrap-1571 .ult_modal-body'  data-responsive-json-new='{\"font-size\":\"\",\"line-height\":\"\"}'  class=\"ult_modal-body ult-responsive ult-html\" style=\"\">\n\t\t\t\n<div class=\"wpcf7 no-js\" id=\"wpcf7-f1644-o1\" lang=\"en-US\" dir=\"ltr\" data-wpcf7-id=\"1644\">\n<div class=\"screen-reader-response\"><p role=\"status\" aria-live=\"polite\" aria-atomic=\"true\"><\/p> <ul><\/ul><\/div>\n<form action=\"\/de\/wp-json\/wp\/v2\/pages\/1282#wpcf7-f1644-o1\" method=\"post\" class=\"wpcf7-form init\" aria-label=\"Contact form\" novalidate=\"novalidate\" data-status=\"init\">\n<fieldset class=\"hidden-fields-container\"><input type=\"hidden\" name=\"_wpcf7\" value=\"1644\" \/><input type=\"hidden\" name=\"_wpcf7_version\" value=\"6.1.5\" \/><input type=\"hidden\" name=\"_wpcf7_locale\" value=\"en_US\" \/><input type=\"hidden\" name=\"_wpcf7_unit_tag\" value=\"wpcf7-f1644-o1\" \/><input type=\"hidden\" name=\"_wpcf7_container_post\" value=\"0\" \/><input type=\"hidden\" name=\"_wpcf7_posted_data_hash\" value=\"\" \/><input type=\"hidden\" name=\"_wpcf7dtx_version\" value=\"5.0.5\" \/><input type=\"hidden\" name=\"_wpcf7_recaptcha_response\" value=\"\" \/>\n<\/fieldset>\n<p>Urlaubspakete:\n<\/p>\n<p><span class=\"wpcf7-form-control-wrap\" data-name=\"menu-tour\"><select class=\"wpcf7-form-control wpcf7-select\" aria-invalid=\"false\" name=\"menu-tour\"><option value=\"Lanzarote Durchwandern\">Lanzarote Durchwandern<\/option><option value=\"Multiaktivit\u00e4ten\">Multiaktivit\u00e4ten<\/option><option value=\"Urlaub Nach Eigenem Geschmack\">Urlaub Nach Eigenem Geschmack<\/option><option value=\"C\u00e9sar Manrique Entdecken\">C\u00e9sar Manrique Entdecken<\/option><option value=\"Lanzarote Mit dem Fahrrad (MB)\">Lanzarote Mit dem Fahrrad (MB)<\/option><option value=\"Photo Reise\">Photo Reise<\/option><\/select><\/span>\n<\/p>\n<p>Reisedaten (JJJJ-MM-TT)\n<\/p>\n<p><span class=\"wpcf7-form-control-wrap\" data-name=\"your-date\"><input class=\"wpcf7-form-control wpcf7-date wpcf7-validates-as-required wpcf7-validates-as-date\" aria-required=\"true\" aria-invalid=\"false\" value=\"\" type=\"date\" name=\"your-date\" \/><\/span>\n<\/p>\n<p>Anzahl Tage:\n<\/p>\n<p><span class=\"wpcf7-form-control-wrap\" data-name=\"text-days\"><input size=\"40\" maxlength=\"400\" class=\"wpcf7-form-control wpcf7-text\" aria-invalid=\"false\" value=\"\" type=\"text\" name=\"text-days\" \/><\/span>\n<\/p>\n<p>Anzahl Erwachsene:\n<\/p>\n<p><span class=\"wpcf7-form-control-wrap\" data-name=\"number-adults\"><input class=\"wpcf7-form-control wpcf7-number wpcf7-validates-as-number\" min=\"1\" max=\"15\" aria-invalid=\"false\" value=\"\" type=\"number\" name=\"number-adults\" \/><\/span>\n<\/p>\n<p>Kinder (Alter)\n<\/p>\n<p><span class=\"wpcf7-form-control-wrap\" data-name=\"ages-children\"><input size=\"40\" maxlength=\"400\" class=\"wpcf7-form-control wpcf7-text\" aria-invalid=\"false\" value=\"\" type=\"text\" name=\"ages-children\" \/><\/span>\n<\/p>\n<p>Vor- und Nachname\n<\/p>\n<p><span class=\"wpcf7-form-control-wrap\" data-name=\"your-name\"><input size=\"40\" maxlength=\"400\" class=\"wpcf7-form-control wpcf7-text\" aria-invalid=\"false\" value=\"\" type=\"text\" name=\"your-name\" \/><\/span>\n<\/p>\n<p>Email (obligatorisch)\n<\/p>\n<p><span class=\"wpcf7-form-control-wrap\" data-name=\"your-email\"><input size=\"40\" maxlength=\"400\" class=\"wpcf7-form-control wpcf7-email wpcf7-validates-as-required wpcf7-text wpcf7-validates-as-email\" aria-required=\"true\" aria-invalid=\"false\" value=\"\" type=\"email\" name=\"your-email\" \/><\/span>\n<\/p>\n<p>Telefonnr.\n<\/p>\n<p><span class=\"wpcf7-form-control-wrap\" data-name=\"your-phone\"><input size=\"40\" maxlength=\"400\" class=\"wpcf7-form-control wpcf7-tel wpcf7-text wpcf7-validates-as-tel\" aria-invalid=\"false\" value=\"\" type=\"tel\" name=\"your-phone\" \/><\/span>\n<\/p>\n<p>Budget pro Person: (select)\n<\/p>\n<p><span class=\"wpcf7-form-control-wrap\" data-name=\"menu-budget\"><select class=\"wpcf7-form-control wpcf7-select\" aria-invalid=\"false\" name=\"menu-budget\"><option value=\"500\u20ac - 800\u20ac\">500\u20ac - 800\u20ac<\/option><option value=\"800\u20ac - 1200\u20ac\">800\u20ac - 1200\u20ac<\/option><option value=\"over 1200\u20ac\">over 1200\u20ac<\/option><option value=\"Ich wei\u00df es noch nicht\">Ich wei\u00df es noch nicht<\/option><\/select><\/span>\n<\/p>\n<p>Ihre Vorstellungen und Pr\u00e4ferenzen\n<\/p>\n<p><span class=\"wpcf7-form-control-wrap\" data-name=\"your-message\"><textarea cols=\"40\" rows=\"10\" maxlength=\"2000\" class=\"wpcf7-form-control wpcf7-textarea\" aria-invalid=\"false\" name=\"your-message\">Insel(n), Aktivit\u00e4ten, Art der Unterkunft, etc.<\/textarea><\/span>\n<\/p>\n<span class=\"wpcf7-form-control-wrap current_page\" data-name=\"current_page\"><input type=\"hidden\" name=\"current_page\" class=\"wpcf7-form-control wpcf7-hidden wpcf7dtx wpcf7dtx-hidden\" aria-invalid=\"false\" value=\"https:\/\/olita-treks.com\/de\/wp-json\/wp\/v2\/pages\/1282\"><\/span>\n<p><span class=\"wpcf7-form-control-wrap\" data-name=\"acceptance-309\"><span class=\"wpcf7-form-control wpcf7-acceptance\"><span class=\"wpcf7-list-item\"><input type=\"checkbox\" name=\"acceptance-309\" value=\"1\" aria-invalid=\"false\" \/><\/span><\/span><\/span> Ich habe die <a href=\"\/privacy-policy\" target=\"_blank\"> rechtlichen Hinweise <\/a> gelesen und erkl\u00e4re mich einverstanden (obligatorisch)\n<\/p>\n\n<p><input class=\"wpcf7-form-control wpcf7-submit has-spinner\" type=\"submit\" value=\"Verlangen Sie Ihren Kostenvoranschlag!\" \/>\n<\/p><div class=\"fusion-alert alert custom alert-custom fusion-alert-center wpcf7-response-output awb-alert-native-link-color alert-dismissable awb-alert-close-boxed\" style=\"--awb-border-size:1px;--awb-border-top-left-radius:0px;--awb-border-top-right-radius:0px;--awb-border-bottom-left-radius:0px;--awb-border-bottom-right-radius:0px;\" role=\"alert\"><div class=\"fusion-alert-content-wrapper\"><span class=\"fusion-alert-content\"><\/span><\/div><button type=\"button\" class=\"close toggle-alert\" data-dismiss=\"alert\" aria-label=\"Close\">&times;<\/button><\/div>\n<\/form>\n<\/div>\n\n\t\t\t<\/div>\n\t<\/div>\n\t<\/div>\n\t<div class=\"ult-overlay-close top-right\" style=\" \"><div class=\"ult-overlay-close-inside\">Close<\/div><\/div>\n<\/div>[\/vc_column][\/vc_row]<\/p>\n<\/div>","protected":false},"excerpt":{"rendered":"<p>[vc_row full_width=&#8220;stretch_row&#8220; bg_type=&#8220;image&#8220; parallax_style=&#8220;vcpb-default&#8220; bg_image_new=&#8220;719|http:\/\/olita-treks.com\/newsite\/wp-content\/uploads\/2016\/04\/DSC02603_151205-Edit-ret.jpg&#8220; bg_image_repeat=&#8220;no-repeat&#8220; bg_image_posiiton=&#8220;0px&#8220; css=&#8220;.vc_custom_1739725997957{padding-top: 0px !important;padding-bottom: 0px !important;}&#8220;][vc_column][\/vc_column][\/vc_row][vc_row][vc_column][vc_custom_heading text=&#8220;Massgeschneiderter Urlaub&#8220; font_container=&#8220;tag:h1|font_size:32|text_align:left&#8220; use_theme_fonts=&#8220;yes&#8220;][vc_column_text css=&#8220;&#8220;]Ein Urlaub nach Ihren W\u00fcnschen! Olita Trek &amp; Bike macht Ihnen einen massgeschneiderten Plan f\u00fcr perfekte Ferien. Fassen Sie Ihre Ideen und W\u00fcnsche kurz zusammen und erhalten einen Vorschlag, wie Ihr Urlaub gestaltet werden kann: von sportlichen Aktivit\u00e4ten mit<\/p>\n","protected":false},"author":3,"featured_media":0,"parent":0,"menu_order":0,"comment_status":"closed","ping_status":"closed","template":"","meta":{"footnotes":""},"class_list":["post-1282","page","type-page","status-publish","hentry"],"yoast_head":"<!-- This site is optimized with the Yoast SEO plugin v27.4 - https:\/\/yoast.com\/product\/yoast-seo-wordpress\/ -->\n<title>MASSGESCHNEIDERTER URLAUB - Olita Trek &amp; Bike - Lanzarote Excursions<\/title>\n<meta name=\"description\" content=\"Olita Trek &amp; Bike individual Urlaub mit gef\u00fchrten Wanderungen und Mountain Bike Touren auf der Kanaren Insel Lanzarote.\" \/>\n<meta name=\"robots\" content=\"index, follow, max-snippet:-1, max-image-preview:large, max-video-preview:-1\" \/>\n<link rel=\"canonical\" href=\"https:\/\/olita-treks.com\/de\/massgeschneiderter-urlaub\/\" \/>\n<meta property=\"og:locale\" content=\"de_DE\" \/>\n<meta property=\"og:type\" content=\"article\" \/>\n<meta property=\"og:title\" content=\"MASSGESCHNEIDERTER URLAUB - Olita Trek &amp; Bike - Lanzarote Excursions\" \/>\n<meta property=\"og:description\" content=\"Olita Trek &amp; Bike individual Urlaub mit gef\u00fchrten Wanderungen und Mountain Bike Touren auf der Kanaren Insel Lanzarote.\" \/>\n<meta property=\"og:url\" content=\"https:\/\/olita-treks.com\/de\/massgeschneiderter-urlaub\/\" \/>\n<meta property=\"og:site_name\" content=\"Olita Trek &amp; Bike - Lanzarote Excursions\" \/>\n<meta property=\"article:publisher\" content=\"https:\/\/www.facebook.com\/olitalanzarote\" \/>\n<meta property=\"article:modified_time\" content=\"2025-05-06T09:08:15+00:00\" \/>\n<meta name=\"twitter:card\" content=\"summary_large_image\" \/>\n<meta name=\"twitter:label1\" content=\"Gesch\u00e4tzte Lesezeit\" \/>\n\t<meta name=\"twitter:data1\" content=\"1\u00a0Minute\" \/>\n<script type=\"application\/ld+json\" class=\"yoast-schema-graph\">{\"@context\":\"https:\\\/\\\/schema.org\",\"@graph\":[{\"@type\":\"WebPage\",\"@id\":\"https:\\\/\\\/olita-treks.com\\\/de\\\/massgeschneiderter-urlaub\\\/\",\"url\":\"https:\\\/\\\/olita-treks.com\\\/de\\\/massgeschneiderter-urlaub\\\/\",\"name\":\"MASSGESCHNEIDERTER URLAUB - Olita Trek &amp; Bike - Lanzarote Excursions\",\"isPartOf\":{\"@id\":\"http:\\\/\\\/olita-treks.com\\\/#website\"},\"datePublished\":\"2016-10-09T10:13:59+00:00\",\"dateModified\":\"2025-05-06T09:08:15+00:00\",\"description\":\"Olita Trek & Bike individual Urlaub mit gef\u00fchrten Wanderungen und Mountain Bike Touren auf der Kanaren Insel Lanzarote.\",\"breadcrumb\":{\"@id\":\"https:\\\/\\\/olita-treks.com\\\/de\\\/massgeschneiderter-urlaub\\\/#breadcrumb\"},\"inLanguage\":\"de\",\"potentialAction\":[{\"@type\":\"ReadAction\",\"target\":[\"https:\\\/\\\/olita-treks.com\\\/de\\\/massgeschneiderter-urlaub\\\/\"]}]},{\"@type\":\"BreadcrumbList\",\"@id\":\"https:\\\/\\\/olita-treks.com\\\/de\\\/massgeschneiderter-urlaub\\\/#breadcrumb\",\"itemListElement\":[{\"@type\":\"ListItem\",\"position\":1,\"name\":\"Home\",\"item\":\"https:\\\/\\\/olita-treks.com\\\/de\\\/\"},{\"@type\":\"ListItem\",\"position\":2,\"name\":\"MASSGESCHNEIDERTER URLAUB\"}]},{\"@type\":\"WebSite\",\"@id\":\"http:\\\/\\\/olita-treks.com\\\/#website\",\"url\":\"http:\\\/\\\/olita-treks.com\\\/\",\"name\":\"Olita Trek &amp; Bike - Lanzarote Excursions\",\"description\":\"Olita Trek &amp; Bike offers guided walks and Mountain Bike Tours on Lanzarote, the most surprising of the Canary Islands.\",\"potentialAction\":[{\"@type\":\"SearchAction\",\"target\":{\"@type\":\"EntryPoint\",\"urlTemplate\":\"http:\\\/\\\/olita-treks.com\\\/?s={search_term_string}\"},\"query-input\":{\"@type\":\"PropertyValueSpecification\",\"valueRequired\":true,\"valueName\":\"search_term_string\"}}],\"inLanguage\":\"de\"}]}<\/script>\n<!-- \/ Yoast SEO plugin. -->","yoast_head_json":{"title":"MASSGESCHNEIDERTER URLAUB - Olita Trek &amp; Bike - Lanzarote Excursions","description":"Olita Trek & Bike individual Urlaub mit gef\u00fchrten Wanderungen und Mountain Bike Touren auf der Kanaren Insel Lanzarote.","robots":{"index":"index","follow":"follow","max-snippet":"max-snippet:-1","max-image-preview":"max-image-preview:large","max-video-preview":"max-video-preview:-1"},"canonical":"https:\/\/olita-treks.com\/de\/massgeschneiderter-urlaub\/","og_locale":"de_DE","og_type":"article","og_title":"MASSGESCHNEIDERTER URLAUB - Olita Trek &amp; Bike - Lanzarote Excursions","og_description":"Olita Trek & Bike individual Urlaub mit gef\u00fchrten Wanderungen und Mountain Bike Touren auf der Kanaren Insel Lanzarote.","og_url":"https:\/\/olita-treks.com\/de\/massgeschneiderter-urlaub\/","og_site_name":"Olita Trek &amp; Bike - Lanzarote Excursions","article_publisher":"https:\/\/www.facebook.com\/olitalanzarote","article_modified_time":"2025-05-06T09:08:15+00:00","twitter_card":"summary_large_image","twitter_misc":{"Gesch\u00e4tzte Lesezeit":"1\u00a0Minute"},"schema":{"@context":"https:\/\/schema.org","@graph":[{"@type":"WebPage","@id":"https:\/\/olita-treks.com\/de\/massgeschneiderter-urlaub\/","url":"https:\/\/olita-treks.com\/de\/massgeschneiderter-urlaub\/","name":"MASSGESCHNEIDERTER URLAUB - Olita Trek &amp; Bike - Lanzarote Excursions","isPartOf":{"@id":"http:\/\/olita-treks.com\/#website"},"datePublished":"2016-10-09T10:13:59+00:00","dateModified":"2025-05-06T09:08:15+00:00","description":"Olita Trek & Bike individual Urlaub mit gef\u00fchrten Wanderungen und Mountain Bike Touren auf der Kanaren Insel Lanzarote.","breadcrumb":{"@id":"https:\/\/olita-treks.com\/de\/massgeschneiderter-urlaub\/#breadcrumb"},"inLanguage":"de","potentialAction":[{"@type":"ReadAction","target":["https:\/\/olita-treks.com\/de\/massgeschneiderter-urlaub\/"]}]},{"@type":"BreadcrumbList","@id":"https:\/\/olita-treks.com\/de\/massgeschneiderter-urlaub\/#breadcrumb","itemListElement":[{"@type":"ListItem","position":1,"name":"Home","item":"https:\/\/olita-treks.com\/de\/"},{"@type":"ListItem","position":2,"name":"MASSGESCHNEIDERTER URLAUB"}]},{"@type":"WebSite","@id":"http:\/\/olita-treks.com\/#website","url":"http:\/\/olita-treks.com\/","name":"Olita Trek &amp; Bike - Lanzarote Excursions","description":"Olita Trek &amp; Bike offers guided walks and Mountain Bike Tours on Lanzarote, the most surprising of the Canary Islands.","potentialAction":[{"@type":"SearchAction","target":{"@type":"EntryPoint","urlTemplate":"http:\/\/olita-treks.com\/?s={search_term_string}"},"query-input":{"@type":"PropertyValueSpecification","valueRequired":true,"valueName":"search_term_string"}}],"inLanguage":"de"}]}},"_links":{"self":[{"href":"https:\/\/olita-treks.com\/de\/wp-json\/wp\/v2\/pages\/1282","targetHints":{"allow":["GET"]}}],"collection":[{"href":"https:\/\/olita-treks.com\/de\/wp-json\/wp\/v2\/pages"}],"about":[{"href":"https:\/\/olita-treks.com\/de\/wp-json\/wp\/v2\/types\/page"}],"author":[{"embeddable":true,"href":"https:\/\/olita-treks.com\/de\/wp-json\/wp\/v2\/users\/3"}],"replies":[{"embeddable":true,"href":"https:\/\/olita-treks.com\/de\/wp-json\/wp\/v2\/comments?post=1282"}],"version-history":[{"count":10,"href":"https:\/\/olita-treks.com\/de\/wp-json\/wp\/v2\/pages\/1282\/revisions"}],"predecessor-version":[{"id":3907,"href":"https:\/\/olita-treks.com\/de\/wp-json\/wp\/v2\/pages\/1282\/revisions\/3907"}],"wp:attachment":[{"href":"https:\/\/olita-treks.com\/de\/wp-json\/wp\/v2\/media?parent=1282"}],"curies":[{"name":"wp","href":"https:\/\/api.w.org\/{rel}","templated":true}]}}